{"id":3,"date":"2023-11-21T20:50:23","date_gmt":"2023-11-21T19:50:23","guid":{"rendered":"https:\/\/arrimattt.com\/?page_id=3"},"modified":"2024-12-30T19:20:08","modified_gmt":"2024-12-30T18:20:08","slug":"privacy-policy","status":"publish","type":"page","link":"https:\/\/arrimattt.com\/ca\/privacy-policy\/","title":{"rendered":"Pol\u00edtica de privacitat"},"content":{"rendered":"<div data-elementor-type=\"wp-page\" data-elementor-id=\"3\" class=\"elementor elementor-3\" data-elementor-post-type=\"page\">\n\t\t\t\t<div class=\"elementor-element elementor-element-4158c7b6 e-flex e-con-boxed e-con e-parent\" data-id=\"4158c7b6\" data-element_type=\"container\" data-e-type=\"container\">\n\t\t\t\t\t<div class=\"e-con-inner\">\n\t\t\t\t<div class=\"elementor-element elementor-element-7ac64c7 elementor-widget elementor-widget-text-editor\" data-id=\"7ac64c7\" data-element_type=\"widget\" data-e-type=\"widget\" data-widget_type=\"text-editor.default\">\n\t\t\t\t<div class=\"elementor-widget-container\">\n\t\t\t\t\t\t\t\t\t<p>El Titular l&#039;informa sobre la seva Pol\u00edtica de Privacitat pel que fa al tractament i protecci\u00f3 de les dades personals dels usuaris que es puguin recollir durant la navegaci\u00f3 pel Lloc Web:\u00a0<a href=\"https:\/\/arrimattt.com\/ca\/politica-privacidad\/\">https:\/\/arrimattt.com<\/a><\/p><p>En aquest sentit, el Titular garanteix el compliment de la normativa vigent en mat\u00e8ria de protecci\u00f3 de dades de car\u00e0cter personal, reflectida a la Llei Org\u00e0nica 3\/2018, de 5 de desembre, de Protecci\u00f3 de Dades de Car\u00e0cter Personal i Garantia dels Drets Digitals (LOPD GDD). . Aix\u00ed mateix, compleix el Reglament (UE) 2016\/679 del Parlament Europeu i del Consell de 27 d&#039;abril de 2016 relatiu a la protecci\u00f3 de les persones f\u00edsiques (GDPR).<\/p><p>L&#039;\u00fas del lloc web implica l&#039;acceptaci\u00f3 d&#039;aquesta Pol\u00edtica de Privacitat.<\/p><h2>Identitat del Controlador<\/h2><ul><li><b>Responsable:<\/b>\u00a0\u00a0 Maria Romeu Garc\u00eda.<\/li><li><b>IVA:\u00a0<\/b>14\/496\/07435<\/li><li><b>Adre\u00e7a: <\/b>Niemetzstrasse 8, 12055 Berl\u00edn<\/li><li><b>Correu electr\u00f2nic:<\/b>\u00a0\u00a0 maria@arrimattt.com<\/li><li><b>Lloc web:\u00a0<\/b>\u00a0\u00a0<a href=\"https:\/\/arrimattt.com\/ca\/politica-privacidad\/\">https:\/\/arrimattt.com<\/a><\/li><\/ul><h2>Principis aplicats en el tractament de dades<\/h2><p>En el tractament de les seves dades personals, el Titular aplicar\u00e0 els seg\u00fcents principis que compleixen els requisits del nou reglament europeu de protecci\u00f3 de dades (GDPR):<\/p><ul><li>Principi de licitud, lleialtat i transpar\u00e8ncia: El Titular requerir\u00e0 sempre el consentiment per al tractament de les dades personals, que pot ser per a una o m\u00e9s finalitats concretes sobre les quals el Titular informar\u00e0 pr\u00e8viament a l&#039;Usuari amb absoluta transpar\u00e8ncia.<\/li><li>Principi de minimitzaci\u00f3 de dades: El Titular sol\u00b7licitar\u00e0 \u00fanicament les dades estrictament necess\u00e0ries per a la finalitat o finalitats per a les quals es sol\u00b7licita.<\/li><li>Principi de limitaci\u00f3 del termini de conservaci\u00f3: El Titular conservar\u00e0 les dades personals recollides durant el temps estrictament necessari per a la finalitat o finalitats del tractament. El Titular informar\u00e0 a l&#039;Usuari del termini de conservaci\u00f3 corresponent segons la finalitat.<br \/>En el cas de les subscripcions, el Titular revisar\u00e0 peri\u00f2dicament les llistes i eliminar\u00e0 aquells registres que estiguin inactius durant un temps considerable.<\/li><li>Principi d&#039;integritat i confidencialitat: Les dades personals recollides seran tractades de manera que es garanteixi la seva seguretat, confidencialitat i integritat.<br \/>El Titular pren les precaucions necess\u00e0ries per evitar l&#039;acc\u00e9s no autoritzat o l&#039;\u00fas indegut de les dades dels seus usuaris per part de tercers.<\/li><\/ul><h2>Obtenci\u00f3 de dades personals<\/h2><p>Per navegar pel lloc web no cal que proporcionis cap dada personal.<\/p><h2>Drets<\/h2><p>El Titular l&#039;informa que pel que fa a les seves dades personals t\u00e9 dret a:<\/p><ul><li>Sol\u00b7licitar acc\u00e9s a les dades emmagatzemades.<\/li><li>Sol\u00b7licitar la rectificaci\u00f3 o la supressi\u00f3.<\/li><li>Demana la limitaci\u00f3 del teu tractament.<\/li><li>Oposar-se al tractament.<\/li><\/ul><p>No podeu exercir el dret a la portabilitat de les dades.<\/p><p>L&#039;exercici d&#039;aquests drets \u00e9s personal i, per tant, l&#039;ha d&#039;exercir directament l&#039;interessat, sol\u00b7licitant-ho directament al Titular, el que significa que qualsevol client, subscriptor o col\u00b7laborador que hagi facilitat les seves dades en qualsevol moment, pot contactar amb el Titular i sol\u00b7licitar informaci\u00f3. sobre les dades que ha emmagatzemat i com s&#039;han obtingut, sol\u00b7licitar la seva rectificaci\u00f3, oposar-se al tractament, limitar-ne l&#039;\u00fas o sol\u00b7licitar la supressi\u00f3 d&#039;aquestes dades als fitxers del Titular.<\/p><p>Per exercir els teus drets has d&#039;enviar la teva sol\u00b7licitud juntament amb una fotoc\u00f2pia del Document Nacional d&#039;Identitat o equivalent a l&#039;adre\u00e7a de correu electr\u00f2nic: maria@arrimattt.com<\/p><p>L&#039;exercici d&#039;aquests drets no inclou cap dada que el Titular estigui obligat a conservar amb finalitats administratives, legals o de seguretat.<\/p><p>Teniu dret a la tutela judicial efectiva i a presentar una reclamaci\u00f3 davant l&#039;autoritat de control, en aquest cas, l&#039;Ag\u00e8ncia Espanyola de Protecci\u00f3 de Dades, si considera que el tractament de les dades personals que us concerneix infringeix el Reglament.<\/p><h2 id=\"finalidad-del-tratamiento-de-datos-personales\">Finalitat del tractament de dades personals<\/h2><p>Quan us connecteu al lloc web per enviar un correu electr\u00f2nic al Propietari, us subscriviu al seu butllet\u00ed de not\u00edcies, esteu proporcionant informaci\u00f3 personal de la qual \u00e9s responsable el Propietari. Aquesta informaci\u00f3 pot incloure dades personals com ara la vostra adre\u00e7a IP, nom i cognoms, adre\u00e7a f\u00edsica, adre\u00e7a de correu electr\u00f2nic, n\u00famero de tel\u00e8fon i altra informaci\u00f3. En proporcionar aquesta informaci\u00f3, doneu el vostre consentiment perqu\u00e8 la vostra informaci\u00f3 sigui recollida, utilitzada, gestionada i emmagatzemada per \u2014 Webempresa \u2014<\/p><p>Les dades personals i la finalitat del tractament per part del Titular s\u00f3n diferents segons el sistema de captaci\u00f3 d&#039;informaci\u00f3:<\/p><p>Hi ha altres finalitats amb les quals el Titular tracta les dades personals:<\/p><ul><li>Garantir el compliment de les condicions contingudes en la legislaci\u00f3 aplicable. Aix\u00f2 pot incloure el desenvolupament d&#039;eines i algorismes que ajudin el lloc web a garantir la confidencialitat de les dades personals que recull.<\/li><li>Donar suport i millorar els serveis que ofereix aquest lloc web.<\/li><\/ul><h2>Seguretat de les dades personals<\/h2><p>Per protegir les vostres dades personals, el Propietari pren totes les precaucions raonables i segueix les millors pr\u00e0ctiques del sector per evitar la seva p\u00e8rdua, \u00fas indegut, acc\u00e9s inadequat, divulgaci\u00f3, alteraci\u00f3 o destrucci\u00f3.<\/p><p>El lloc web est\u00e0 allotjat a: Webempresa. La seguretat de les dades est\u00e0 garantida, ja que prenen totes les mesures de seguretat necess\u00e0ries per a aix\u00f2. Podeu consultar la seva pol\u00edtica de privadesa per a m\u00e9s informaci\u00f3.<\/p><p>El Titular informa a l&#039;Usuari que les seves dades personals no seran cedides a terceres organitzacions, amb l&#039;excepci\u00f3 que aquesta cessi\u00f3 de dades estigui coberta per una obligaci\u00f3 legal o quan la prestaci\u00f3 d&#039;un servei impliqui la necessitat d&#039;una relaci\u00f3 contractual amb un responsable. de tractament. En aquest \u00faltim cas, la cessi\u00f3 de dades al tercer nom\u00e9s es realitzar\u00e0 quan el Titular tingui el consentiment expr\u00e9s de l&#039;Usuari.<\/p><p>No obstant aix\u00f2, en alguns casos es poden realitzar col\u00b7laboracions amb altres professionals, en aquests casos es requerir\u00e0 el consentiment de l&#039;Usuari, informant-li de la identitat del col\u00b7laborador i la finalitat de la col\u00b7laboraci\u00f3. Sempre es realitzar\u00e0 amb les m\u00e9s estrictes normes de seguretat.<\/p><h2>Contingut d&#039;altres llocs web<\/h2><p>Les p\u00e0gines d&#039;aquest lloc web poden incloure contingut incrustat (per exemple, v\u00eddeos, imatges, articles, etc.). El contingut incrustat d&#039;altres llocs web es comporta exactament igual que si hagu\u00e9ssiu visitat l&#039;altre lloc web.<\/p><p>Aquests llocs web poden recopilar dades sobre vost\u00e8, utilitzar galetes, incrustar codi de seguiment addicional de tercers i supervisar la seva interacci\u00f3 amb aquest codi.<\/p><h2>Pol\u00edtica de cookies<\/h2><p>Perqu\u00e8 aquest lloc web funcioni correctament necessita utilitzar cookies, que s\u00f3n informaci\u00f3 que s&#039;emmagatzema al vostre navegador web.<\/p><h2>Legitimaci\u00f3 per al tractament de dades<\/h2><p>La base legal per al tractament de les seves dades \u00e9s:<\/p><ul><li>El consentiment de l&#039;interessat.<\/li><\/ul><h2>Categories de dades personals<\/h2><p>Les categories de dades personals tractades pel Titular s\u00f3n:<\/p><ul><li>Dades identificatives.<\/li><li>No es tracten categories de dades especialment protegides.<\/li><\/ul><h2>Conservaci\u00f3 de les dades personals<\/h2><p>Les dades personals facilitades al Titular es conservaran fins que vost\u00e8 sol\u00b7liciti la seva supressi\u00f3.<\/p><div id=\"destinatarios\">\u00a0<\/div><h2>Navegaci\u00f3 web<\/h2><p>En navegar pel Lloc web, es poden recollir dades no identificatives, que poden incloure l&#039;adre\u00e7a IP, la geolocalitzaci\u00f3, un registre de com s&#039;utilitzen els serveis i llocs, h\u00e0bits de navegaci\u00f3 i altres dades que no es poden utilitzar per identificar-te.<\/p><p>El lloc web utilitza els seg\u00fcents serveis d&#039;an\u00e0lisi de tercers:<\/p><p>El Propietari utilitza la informaci\u00f3 obtinguda per obtenir dades estad\u00edstiques, analitzar tend\u00e8ncies, administrar el lloc, estudiar els patrons de navegaci\u00f3 i recollir informaci\u00f3 demogr\u00e0fica.<\/p><p>El Titular no es fa responsable del tractament de les dades personals que realitzin les p\u00e0gines web a les quals es pot accedir a trav\u00e9s dels diferents enlla\u00e7os continguts al Lloc Web.<\/p><h2>Exactitud i veracitat de les dades personals<\/h2><p>Vost\u00e8 es compromet a que les dades facilitades al Titular siguin correctes, completes, exactes i actuals, aix\u00ed com a mantenir-les degudament actualitzades.<\/p><p>Com a Usuari del Lloc Web ets l&#039;\u00fanic responsable de la veracitat i correcci\u00f3 de les dades remeses al Lloc Web, exonerant al Titular de qualsevol responsabilitat al respecte.<\/p><h2>Acceptaci\u00f3 i consentiment<\/h2><p>Com a Usuari del Lloc Web, declares haver estat informat de les condicions en mat\u00e8ria de protecci\u00f3 de dades personals, i acceptes i consentis el seu tractament per part del Titular en la forma i per a les finalitats indicades en aquesta Pol\u00edtica de Privacitat.<\/p><p>Per contactar amb el Propietari, subscriure&#039;s a un butllet\u00ed o fer comentaris en aquest lloc web, has d&#039;acceptar aquesta Pol\u00edtica de privadesa.<\/p><h2>Canvis a la pol\u00edtica de privadesa<\/h2><p>El Titular es reserva el dret de modificar la present Pol\u00edtica de Privacitat per adaptar-la a novetats legislatives o jurisprudencials, aix\u00ed com a pr\u00e0ctiques del sector.<\/p><p>Aquestes pol\u00edtiques estaran vigents fins que siguin modificades per altres degudament publicades.<\/p>\t\t\t\t\t\t\t\t<\/div>\n\t\t\t\t<\/div>\n\t\t\t\t\t<\/div>\n\t\t\t\t<\/div>\n\t\t\t\t<\/div>","protected":false},"excerpt":{"rendered":"<p>The Owner informs you about its Privacy Policy regarding the treatment and protection of personal data of users that may be collected while browsing the Website:\u00a0https:\/\/arrimattt.com In this sense, the Owner guarantees compliance with current regulations regarding the protection of personal data, reflected in Organic Law 3\/2018, of December 5, on the Protection of Personal [&hellip;]<\/p>\n","protected":false},"author":1,"featured_media":0,"parent":0,"menu_order":0,"comment_status":"closed","ping_status":"closed","template":"","meta":{"footnotes":""},"class_list":["post-3","page","type-page","status-publish","hentry"],"_links":{"self":[{"href":"https:\/\/arrimattt.com\/ca\/wp-json\/wp\/v2\/pages\/3","targetHints":{"allow":["GET"]}}],"collection":[{"href":"https:\/\/arrimattt.com\/ca\/wp-json\/wp\/v2\/pages"}],"about":[{"href":"https:\/\/arrimattt.com\/ca\/wp-json\/wp\/v2\/types\/page"}],"author":[{"embeddable":true,"href":"https:\/\/arrimattt.com\/ca\/wp-json\/wp\/v2\/users\/1"}],"replies":[{"embeddable":true,"href":"https:\/\/arrimattt.com\/ca\/wp-json\/wp\/v2\/comments?post=3"}],"version-history":[{"count":24,"href":"https:\/\/arrimattt.com\/ca\/wp-json\/wp\/v2\/pages\/3\/revisions"}],"predecessor-version":[{"id":3396,"href":"https:\/\/arrimattt.com\/ca\/wp-json\/wp\/v2\/pages\/3\/revisions\/3396"}],"wp:attachment":[{"href":"https:\/\/arrimattt.com\/ca\/wp-json\/wp\/v2\/media?parent=3"}],"curies":[{"name":"wp","href":"https:\/\/api.w.org\/{rel}","templated":true}]}}