{"id":516,"date":"2023-11-23T18:52:22","date_gmt":"2023-11-23T17:52:22","guid":{"rendered":"https:\/\/arrimattt.com\/aviso-legal\/"},"modified":"2024-12-30T19:20:37","modified_gmt":"2024-12-30T18:20:37","slug":"legal-warning","status":"publish","type":"page","link":"https:\/\/arrimattt.com\/ca\/legal-warning\/","title":{"rendered":"Av\u00eds Legal"},"content":{"rendered":"<div data-elementor-type=\"wp-page\" data-elementor-id=\"516\" class=\"elementor elementor-516\" data-elementor-post-type=\"page\">\n\t\t\t\t<div class=\"elementor-element elementor-element-8b28884 e-flex e-con-boxed e-con e-parent\" data-id=\"8b28884\" data-element_type=\"container\" data-e-type=\"container\">\n\t\t\t\t\t<div class=\"e-con-inner\">\n\t\t\t\t<div class=\"elementor-element elementor-element-de60108 elementor-widget elementor-widget-text-editor\" data-id=\"de60108\" data-element_type=\"widget\" data-e-type=\"widget\" data-widget_type=\"text-editor.default\">\n\t\t\t\t<div class=\"elementor-widget-container\">\n\t\t\t\t\t\t\t\t\t<div class=\"elementor-element elementor-element-d368b7b elementor-widget elementor-widget-theme-post-content\" data-id=\"d368b7b\" data-element_type=\"widget\" data-widget_type=\"theme-post-content.default\"><div class=\"elementor-widget-container\"><div class=\"elementor elementor-516\" data-elementor-type=\"wp-page\" data-elementor-id=\"516\" data-elementor-post-type=\"page\"><div class=\"elementor-element elementor-element-8b28884 e-flex e-con-boxed e-con e-parent\" data-id=\"8b28884\" data-element_type=\"container\" data-settings=\"{&quot;jet_parallax_layout_list&quot;:[],&quot;content_width&quot;:&quot;boxed&quot;}\" data-core-v316-plus=\"true\"><div class=\"e-con-inner\"><div class=\"elementor-element elementor-element-2acd1ef elementor-widget elementor-widget-shortcode\" data-id=\"2acd1ef\" data-element_type=\"widget\" data-widget_type=\"shortcode.default\"><div class=\"elementor-widget-container\"><div class=\"elementor-shortcode\"><h2>Identificaci\u00f3 i titularitat<\/h2><p>En compliment de l&#039;article 10 de la Llei 34\/2002, d&#039;11 de juliol, de Serveis de la Societat de la Informaci\u00f3 i de Comer\u00e7 Electr\u00f2nic, el Titular exposa les seves dades identificatives:<\/p><ul><li><b>Propietari:<\/b>\u00a0\u00a0 Maria Romeu Garc\u00eda.<\/li><li><b>IVA: <\/b>14\/496\/07435<\/li><li><b>Adre\u00e7a:<\/b>\u00a0 Niemetzstrasse 8, 12055 Berl\u00edn<\/li><li><b>Correu electr\u00f2nic:<\/b>\u00a0\u00a0 maria@arrimattt.com<\/li><li><b>Lloc web:\u00a0<\/b>\u00a0\u00a0<a href=\"https:\/\/arrimattt.com\/ca\/\">https:\/\/arrimattt.com<\/a><\/li><\/ul><h2>Prop\u00f2sit<\/h2><p>La finalitat del lloc web \u00e9s: Tatuador.<\/p><h2>Condicions d&#039;\u00fas<\/h2><p>L&#039;\u00fas del Lloc Web li atorga la condici\u00f3 d&#039;Usuari, i implica l&#039;acceptaci\u00f3 plena de totes les cl\u00e0usules i condicions d&#039;\u00fas incloses a les p\u00e0gines:<\/p><ul><li><a href=\"https:\/\/arrimattt.com\/ca\/aviso-legal\/\">Av\u00eds legal<\/a><\/li><\/ul><p>Si no est\u00e0 d&#039;acord amb totes i cadascuna d&#039;aquestes cl\u00e0usules i condicions, si us plau, s&#039;abstingui d&#039;utilitzar el lloc web.<\/p><p>L&#039;acc\u00e9s al Lloc Web no implica, de cap manera, l&#039;inici d&#039;una relaci\u00f3 comercial amb el Titular.<\/p><p>A trav\u00e9s del Lloc Web, el Titular facilita l&#039;acc\u00e9s i \u00fas de diversos continguts que el Titular i\/o els seus col\u00b7laboradors han publicat a trav\u00e9s d&#039;Internet.<\/p><p>A tal efecte, est\u00e0 obligat i es compromet a NO utilitzar cap dels continguts del Lloc Web amb finalitats o efectes il\u00b7l\u00edcits, prohibits en aquest Av\u00eds Legal o per la legislaci\u00f3 vigent, lesius dels drets i interessos de tercers, o que de qualsevol manera pot danyar, inhabilitar, sobrecarregar, deteriorar o impedir l&#039;\u00fas normal dels continguts, equips o documents inform\u00e0tics, fitxers i tot tipus de contingut emmagatzemat en qualsevol equip inform\u00e0tic propietat o contractat pel Titular, altres usuaris o qualsevol Usuari d&#039;Internet.<\/p><h2>Mesures de seguretat<\/h2><p>Les dades personals facilitades al Titular podran ser emmagatzemades en bases de dades automatitzades o no, la titularitat de les quals correspon exclusivament al Titular, qui assumeix totes les mesures t\u00e8cniques, organitzatives i de seguretat que garanteixin la confidencialitat, integritat i qualitat de la informaci\u00f3. contingudes en el mateix d&#039;acord amb el que estableix la normativa vigent de protecci\u00f3 de dades.<\/p><p>No obstant aix\u00f2, ha de ser conscient que les mesures de seguretat dels sistemes inform\u00e0tics a Internet no s\u00f3n del tot fiables i que, per tant, el Titular no pot garantir l&#039;abs\u00e8ncia de virus o altres elements que puguin provocar alteracions en els sistemes inform\u00e0tics (programari i maquinari) del Usuari o en els seus documents electr\u00f2nics i fitxers continguts en el mateix, si b\u00e9 el Titular posa tots els mitjans necessaris i adopta les mesures de seguretat adequades per evitar la pres\u00e8ncia d&#039;aquests elements nocius.<\/p><h2>Continguts<\/h2><p>El Titular ha obtingut la informaci\u00f3, els continguts multim\u00e8dia i els materials inclosos al Lloc Web de fonts que considera fiables, per\u00f2, tot i que ha pres totes les mesures raonables per garantir que la informaci\u00f3 continguda sigui correcta, el Titular no garanteix que sigui exacta. , completa o actualitzada. El Titular declina expressament qualsevol responsabilitat per errors o omissions en la informaci\u00f3 continguda a les p\u00e0gines del Lloc Web.<\/p><p>Queda prohibit transmetre o enviar a trav\u00e9s del Lloc Web qualsevol contingut il\u00b7l\u00edcit o il\u00b7l\u00edcit, virus inform\u00e0tics, o missatges que, en general, afectin o vulnerin els drets del Titular o de tercers.<\/p><p>Els continguts del Lloc Web tenen finalitat exclusivament informativa i en cap cas s&#039;han d&#039;utilitzar o considerar com una oferta de venda, una sol\u00b7licitud d&#039;oferta de compra o una recomanaci\u00f3 per dur a terme qualsevol altra operaci\u00f3, llevat que s&#039;indiqui expressament.<\/p><p>El Titular es reserva el dret de modificar, suspendre, cancel\u00b7lar o restringir el contingut del Lloc Web, els enlla\u00e7os o la informaci\u00f3 obtinguda a trav\u00e9s del Lloc Web, sense previ av\u00eds.<\/p><p>El Titular no es fa responsable dels danys i perjudicis que poguessin derivar-se de l&#039;\u00fas de la informaci\u00f3 del Lloc Web.<\/p><h2>Pol\u00edtica de cookies<\/h2><p>El Propietari obt\u00e9 i conserva la seg\u00fcent informaci\u00f3 sobre els visitants del lloc web:<\/p><ul><li>El nom de domini (PSI) i\/o l&#039;adre\u00e7a IP del prove\u00efdor que li d\u00f3na acc\u00e9s a la xarxa.<\/li><li>La data i hora d&#039;acc\u00e9s al lloc web.<\/li><li>L&#039;adre\u00e7a d&#039;Internet de la font de l&#039;enlla\u00e7 que dirigeix al lloc web.<\/li><li>El nombre de visitants diaris a cada secci\u00f3.<\/li><li>La informaci\u00f3 obtinguda \u00e9s completament an\u00f2nima, i en cap cas es pot associar a un Usuari determinat i identificat.<\/li><\/ul><h2>Enlla\u00e7os a altres llocs web<\/h2><p>El Titular pot facilitar-te l&#039;acc\u00e9s a p\u00e0gines web de tercers mitjan\u00e7ant enlla\u00e7os amb la finalitat exclusiva d&#039;informar sobre l&#039;exist\u00e8ncia d&#039;altres fonts d&#039;informaci\u00f3 a Internet en les quals podr\u00e0s ampliar les dades que s&#039;ofereixen al Lloc Web.<\/p><p>Aquests enlla\u00e7os a altres llocs web no impliquen en cap cas un suggeriment o recomanaci\u00f3 perqu\u00e8 visiti les p\u00e0gines web de destinaci\u00f3, que estan fora del control del Titular, per la qual cosa el Titular no es fa responsable del contingut dels llocs web enlla\u00e7ats ni del resultat aconseguir-ho seguint els enlla\u00e7os. Aix\u00ed mateix, el Titular no es fa responsable dels enlla\u00e7os situats a les p\u00e0gines web enlla\u00e7ades a les quals facilita l&#039;acc\u00e9s.<\/p><p>L&#039;establiment de l&#039;enlla\u00e7 no implica en cap cas l&#039;exist\u00e8ncia de relacions entre el Titular i el titular del lloc on s&#039;estableixi l&#039;enlla\u00e7, ni l&#039;acceptaci\u00f3 o aprovaci\u00f3 per part del Titular dels seus continguts o serveis.<\/p><p>Si accediu a un lloc web extern des d&#039;un enlla\u00e7 que es troba al lloc web, heu de llegir la pol\u00edtica de privadesa de l&#039;altre lloc web, que pot ser diferent de la d&#039;aquest lloc web.<\/p><h2>Propietat intel\u00b7lectual i industrial<\/h2><p>Tots els drets reservats.<\/p><p>Tot acc\u00e9s a aquest Lloc Web est\u00e0 subjecte a les condicions seg\u00fcents: queda expressament prohibida la reproducci\u00f3, emmagatzematge permanent i difusi\u00f3 dels continguts o qualsevol altre \u00fas amb finalitats p\u00fabliques o comercials sense el consentiment expr\u00e9s previ i per escrit del Titular.<\/p><h2>Limitaci\u00f3 de responsabilitat<\/h2><p>La informaci\u00f3 i els serveis inclosos o disponibles a trav\u00e9s del lloc web poden incloure inexactituds o errors tipogr\u00e0fics. El Titular incorpora peri\u00f2dicament millores i\/o canvis a la informaci\u00f3 continguda i\/o als Serveis que pugui introduir en qualsevol moment.<\/p><p>El Titular no declara ni garanteix que els serveis o continguts s&#039;interrompran o estiguin lliures d&#039;errors, que es corregiran defectes, o que el servei o el servidor que el posa a disposici\u00f3 estiguin lliures de virus o altres components nocius, sense perjudici de la fet que el Propietari fa tot el possible per evitar aquest tipus d&#039;incid\u00e8ncies.<\/p><p>El Titular declina qualsevol responsabilitat en cas d&#039;interrupcions o mal funcionament dels Serveis o continguts oferts a Internet, sigui quina sigui la causa. Aix\u00ed mateix, el Titular no es fa responsable de les interrupcions de la xarxa, p\u00e8rdues comercials com a conseq\u00fc\u00e8ncia d&#039;aquestes interrupcions, suspensions temporals de l&#039;electricitat o qualsevol altre tipus de dany indirecte que li pogu\u00e9s ocasionar per causes alienes a la voluntat del Titular.<\/p><p>Abans de prendre decisions i\/o accions basades en la informaci\u00f3 inclosa al Lloc Web, el Titular recomana comprovar i contrastar la informaci\u00f3 rebuda amb altres fonts.<\/p><h2>Jurisdicci\u00f3<\/h2><p>El present Av\u00eds Legal es regeix \u00edntegrament per la legislaci\u00f3 espanyola.<\/p><p>Mentre no hi hagi una norma que obligui el contrari, per a les q\u00fcestions que poguessin sorgir sobre la interpretaci\u00f3, aplicaci\u00f3 i compliment d&#039;aquest Av\u00eds Legal, aix\u00ed com per a les reclamacions que poguessin derivar-se del seu \u00fas, les parts acorden sotmetre&#039;ls als Jutges i Jutges i Tribunals. de la prov\u00edncia de Barcelona, \u200b\u200bamb ren\u00fancia expressa a qualsevol altre fur que els pogu\u00e9s correspondre.<\/p><h2>Contacte<\/h2><p>Si teniu qualsevol dubte sobre aquest Av\u00eds Legal o voleu fer qualsevol comentari sobre el Lloc Web, podeu enviar un missatge de correu electr\u00f2nic a l&#039;adre\u00e7a: maria@arrimattt.com<\/p><\/div><\/div><\/div><\/div><\/div><\/div><\/div><\/div>\t\t\t\t\t\t\t\t<\/div>\n\t\t\t\t<\/div>\n\t\t\t\t\t<\/div>\n\t\t\t\t<\/div>\n\t\t\t\t<\/div>","protected":false},"excerpt":{"rendered":"<p>Identification and Ownership In compliance with article 10 of Law 34\/2002, of July 11, on Information Society Services and Electronic Commerce, the Owner exposes his identifying data: Owner:\u00a0\u00a0 Maria Romeu Garc\u00eda. VAT: 14\/496\/07435 Address:\u00a0 Niemetzstrasse 8, 12055 Berlin Email:\u00a0\u00a0 maria@arrimattt.com Website:\u00a0\u00a0\u00a0https:\/\/arrimattt.com Purpose The purpose of the Website is: Tattoo artist. Terms of use The use [&hellip;]<\/p>\n","protected":false},"author":1,"featured_media":0,"parent":0,"menu_order":0,"comment_status":"closed","ping_status":"closed","template":"","meta":{"footnotes":""},"class_list":["post-516","page","type-page","status-publish","hentry"],"_links":{"self":[{"href":"https:\/\/arrimattt.com\/ca\/wp-json\/wp\/v2\/pages\/516","targetHints":{"allow":["GET"]}}],"collection":[{"href":"https:\/\/arrimattt.com\/ca\/wp-json\/wp\/v2\/pages"}],"about":[{"href":"https:\/\/arrimattt.com\/ca\/wp-json\/wp\/v2\/types\/page"}],"author":[{"embeddable":true,"href":"https:\/\/arrimattt.com\/ca\/wp-json\/wp\/v2\/users\/1"}],"replies":[{"embeddable":true,"href":"https:\/\/arrimattt.com\/ca\/wp-json\/wp\/v2\/comments?post=516"}],"version-history":[{"count":45,"href":"https:\/\/arrimattt.com\/ca\/wp-json\/wp\/v2\/pages\/516\/revisions"}],"predecessor-version":[{"id":3399,"href":"https:\/\/arrimattt.com\/ca\/wp-json\/wp\/v2\/pages\/516\/revisions\/3399"}],"wp:attachment":[{"href":"https:\/\/arrimattt.com\/ca\/wp-json\/wp\/v2\/media?parent=516"}],"curies":[{"name":"wp","href":"https:\/\/api.w.org\/{rel}","templated":true}]}}