{"id":517,"date":"2023-11-23T18:52:22","date_gmt":"2023-11-23T17:52:22","guid":{"rendered":"https:\/\/arrimattt.com\/politica-de-cookies\/"},"modified":"2023-12-02T19:03:09","modified_gmt":"2023-12-02T18:03:09","slug":"cookies-policy","status":"publish","type":"page","link":"https:\/\/arrimattt.com\/ca\/cookies-policy\/","title":{"rendered":"Pol\u00edtica de cookies"},"content":{"rendered":"<div data-elementor-type=\"wp-page\" data-elementor-id=\"517\" class=\"elementor elementor-517\" data-elementor-post-type=\"page\">\n\t\t\t\t<div class=\"elementor-element elementor-element-5d84d5b e-flex e-con-boxed e-con e-parent\" data-id=\"5d84d5b\" data-element_type=\"container\" data-e-type=\"container\">\n\t\t\t\t\t<div class=\"e-con-inner\">\n\t\t\t\t<div class=\"elementor-element elementor-element-e613b99 elementor-widget elementor-widget-text-editor\" data-id=\"e613b99\" data-element_type=\"widget\" data-e-type=\"widget\" data-widget_type=\"text-editor.default\">\n\t\t\t\t<div class=\"elementor-widget-container\">\n\t\t\t\t\t\t\t\t\t<div class=\"elementor-element elementor-element-e613b99 elementor-widget elementor-widget-text-editor\" data-id=\"e613b99\" data-element_type=\"widget\" data-widget_type=\"text-editor.default\"><div class=\"elementor-widget-container\"><p>El client \u00e9s molt important, el client ser\u00e0 seguit pel client. Com la terra de la terra, el dol ni el corporal de la terra, el coix\u00ed del lle\u00f3.<\/p><\/div><\/div><div class=\"elementor-element elementor-element-0912d56 elementor-widget elementor-widget-shortcode\" data-id=\"0912d56\" data-element_type=\"widget\" data-widget_type=\"shortcode.default\"><div class=\"elementor-widget-container\"><div class=\"elementor-shortcode\"><h2>Qu\u00e8 s\u00f3n les galetes?<\/h2><p>En angl\u00e8s, el terme &quot;cookie&quot; significa &quot;cookie&quot;, per\u00f2 en l&#039;\u00e0mbit de la navegaci\u00f3 web, una &quot;cookie&quot; \u00e9s una cosa completament diferent. Quan accediu al nostre lloc web, una petita quantitat de text anomenada &quot;galeta&quot; s&#039;emmagatzema al navegador del vostre dispositiu. Aquest text cont\u00e9 informaci\u00f3 diversa sobre la teva navegaci\u00f3, h\u00e0bits, prefer\u00e8ncies, personalitzacions de contingut, etc.<\/p><p>Hi ha altres tecnologies que funcionen de manera similar i que tamb\u00e9 s&#039;utilitzen per recollir dades sobre la teva activitat de navegaci\u00f3. A totes aquestes tecnologies les anomenarem &quot;cookies&quot;.<\/p><p>Els usos espec\u00edfics que fem d&#039;aquestes tecnologies es descriuen en aquest document.<\/p><h2>Per a qu\u00e8 s&#039;utilitzen les cookies en aquest lloc web?<\/h2><p>Les cookies s\u00f3n una part essencial del funcionament del lloc web. L&#039;objectiu principal de les nostres cookies \u00e9s millorar la vostra experi\u00e8ncia de navegaci\u00f3. Per exemple, per recordar les teves prefer\u00e8ncies (idioma, pa\u00eds, etc.) durant la navegaci\u00f3 i en futures visites. La informaci\u00f3 recollida a les cookies tamb\u00e9 ens permet millorar el lloc web, adaptar-lo als teus interessos com a usuari, agilitzar les cerques que realitza, etc.<\/p><p>En determinats casos, si hem obtingut el teu consentiment informat previ, podem utilitzar cookies per a altres usos, com per exemple per obtenir informaci\u00f3 que ens permeti mostrar-te publicitat a partir de l&#039;an\u00e0lisi dels teus h\u00e0bits de navegaci\u00f3.<\/p><h2>Per a qu\u00e8 NO s&#039;utilitzen les cookies en aquest lloc web?<\/h2><p>A les galetes que utilitzem, no s&#039;emmagatzema informaci\u00f3 d&#039;identificaci\u00f3 personal sensible com ara el vostre nom, adre\u00e7a, contrasenya, etc.<\/p><h2>Qui utilitza la informaci\u00f3 emmagatzemada a les cookies?<\/h2><p>La informaci\u00f3 emmagatzemada a les cookies del nostre lloc web \u00e9s utilitzada exclusivament per nosaltres, amb l&#039;excepci\u00f3 de les que s&#039;identifiquen a continuaci\u00f3 com a \u201ccookies de tercers\u201d, que s\u00f3n utilitzades i gestionades per entitats externes que ens proporcionen serveis que milloren l&#039;experi\u00e8ncia de l&#039;usuari. Per exemple, les estad\u00edstiques que es recullen sobre el nombre de visites, el contingut m\u00e9s agradat, etc...<\/p><h2>Com es pot evitar l&#039;\u00fas de cookies en aquest lloc web?<\/h2><p>Si prefereixes evitar l&#039;\u00fas de cookies, pots REBUJAR-ne l&#039;\u00fas o pots CONFIGURAR les que vols evitar i les que permets utilitzar (en aquest document li donem informaci\u00f3 ampliada sobre cada tipus de cookie, la seva finalitat, destinatari, temporalitat, etc.. ).<\/p><p>Si les heu acceptat, no us tornarem a demanar tret que elimineu les cookies del vostre dispositiu tal com s&#039;indica a l&#039;apartat seg\u00fcent. Si vols revocar el consentiment haur\u00e0s d&#039;esborrar les cookies i tornar-les a configurar.<\/p><h2>Com puc desactivar i eliminar l&#039;\u00fas de cookies?<\/h2><p>El Titular mostra informaci\u00f3 sobre la seva Pol\u00edtica de Cookies al banner de cookies accessible a totes les p\u00e0gines del Lloc Web. El banner de galetes mostra informaci\u00f3 essencial sobre el tractament de dades i permet a l&#039;Usuari realitzar les seg\u00fcents accions:<\/p><ul><li>ACCEPTAR o REBUJAR la instal\u00b7laci\u00f3 de cookies, o retirar el consentiment concedit pr\u00e8viament.<\/li><\/ul><p>Per restringir, bloquejar o eliminar les cookies d&#039;aquest lloc web (i les utilitzades per tercers) pot fer-ho, en qualsevol moment, modificant la configuraci\u00f3 del seu navegador. Tingueu en compte que aquesta configuraci\u00f3 \u00e9s diferent a cada navegador.<\/p><p>En els seg\u00fcents enlla\u00e7os trobareu instruccions per habilitar o desactivar les cookies als navegadors m\u00e9s habituals.<\/p><ul><li><a href=\"http:\/\/support.mozilla.org\/es\/kb\/habilitar-y-deshabilitar-cookies-que-los-sitios-we\" target=\"_blank\" rel=\"nofollow noopener\">Firefox<\/a><\/li><li><a href=\"https:\/\/support.google.com\/chrome\/answer\/95647?hl=es\" target=\"_blank\" rel=\"noopener noreferrer nofollow\">Google Chrome<\/a><\/li><li><a href=\"https:\/\/support.microsoft.com\/es-es\/help\/17442\/windows-internet-explorer-delete-manage-cookies#ie=%22ie-10\" target=\"_blank\" rel=\"noopener noreferrer nofollow\">Internet Explorer<\/a><\/li><li><a href=\"https:\/\/support.microsoft.com\/es-es\/help\/4468242\/microsoft-edge-browsing-data-and-privacy\" target=\"_blank\" rel=\"noopener noreferrer nofollow\">Microsoft Edge<\/a><\/li><li><a href=\"http:\/\/support.apple.com\/kb\/HT1677?viewlocale=es_ES\" target=\"_blank\" rel=\"nofollow noopener\">Safari<\/a><\/li><\/ul><h2>Quins tipus de cookies s&#039;utilitzen en aquest lloc web?<\/h2><p>Cada lloc web utilitza les seves pr\u00f2pies galetes. Al nostre lloc web fem servir el seg\u00fcent:<\/p><p><b>SEgonS L&#039;ENTITAT QUE LA GESTI\u00d3<\/b><\/p><p><b>Cookies pr\u00f2pies:<\/b><\/p><p>S\u00f3n aquelles que s&#039;envien a l&#039;equip terminal de l&#039;Usuari des d&#039;un ordinador o domini gestionat pel mateix editor i des del qual es presta el servei sol\u00b7licitat per l&#039;Usuari.<\/p><p><b>Cookies de tercers:<\/b><\/p><p>S\u00f3n aquelles que s&#039;envien a l&#039;equip terminal de l&#039;Usuari des d&#039;un ordinador o domini que no \u00e9s gestionat per l&#039;editor, sin\u00f3 per una altra entitat que tracta les dades obtingudes a trav\u00e9s de les cookies.<\/p><p>En el cas que les cookies es serveixin des d&#039;un ordinador o domini gestionat pel mateix editor, per\u00f2 la informaci\u00f3 recollida a trav\u00e9s d&#039;elles sigui gestionada per un tercer, no es poden considerar cookies pr\u00f2pies si el tercer les utilitza per a les seves pr\u00f2pies finalitats. . (per exemple, la millora dels serveis prestats o la prestaci\u00f3 de serveis publicitaris a favor d&#039;altres entitats).<\/p><p><b>SEGONS LA SEVA FINALITAT<\/b><\/p><p><b>Cookies t\u00e8cniques:<\/b><\/p><p>S\u00f3n aquelles necess\u00e0ries per a la navegaci\u00f3 i el bon funcionament del nostre lloc web, com ara controlar el tr\u00e0nsit i la comunicaci\u00f3 de dades, identificar la sessi\u00f3, accedir a parts d&#039;acc\u00e9s restringit, realitzar una sol\u00b7licitud d&#039;inscripci\u00f3 o participaci\u00f3 en un esdeveniment, comptar visites a efectes de facturaci\u00f3 de llic\u00e8ncies. per al programari amb el qual funciona el servei del lloc web, utilitzar elements de seguretat durant la navegaci\u00f3, emmagatzemar continguts per a la difusi\u00f3 de v\u00eddeos o so, habilitar continguts din\u00e0mics (per exemple, carregar animaci\u00f3 d&#039;un text o imatge).<\/p><p><b>Cookies d&#039;an\u00e0lisi:<\/b><\/p><p>Permeten quantificar el nombre d&#039;usuaris i aix\u00ed realitzar el mesurament i an\u00e0lisi estad\u00edstica de l&#039;\u00fas que fan els usuaris del Lloc Web.<\/p><p><b>Cookies de prefer\u00e8ncia o personalitzaci\u00f3:<\/b><\/p><p>S\u00f3n aquelles que permeten a l&#039;Usuari recordar informaci\u00f3 per tal que l&#039;Usuari pugui accedir al servei amb determinades caracter\u00edstiques que poden diferenciar la seva experi\u00e8ncia de la d&#039;altres usuaris, com, per exemple, l&#039;idioma, el nombre de resultats a mostrar quan es L&#039;Usuari realitza una cerca, l&#039;aspecte o contingut del servei en funci\u00f3 del tipus de navegador a trav\u00e9s del qual l&#039;Usuari accedeix al servei o la regi\u00f3 des de la qual accedeix al servei, etc.<\/p><p><b>SEGONS EL PER\u00cdODE DE TEMPS QUE PERMANEN ACTIVATS<\/b><\/p><p><b>Cookies de sessi\u00f3:<\/b><\/p><p>S\u00f3n aquells dissenyats per recollir i emmagatzemar dades mentre l&#039;Usuari accedeix a una p\u00e0gina web.<\/p><p>Normalment s&#039;utilitzen per emmagatzemar informaci\u00f3 que nom\u00e9s \u00e9s interessant de conservar per a la prestaci\u00f3 del servei sol\u00b7licitat per l&#039;Usuari en una \u00fanica ocasi\u00f3 (per exemple, una llista de productes adquirits) i desapareixen quan finalitza la sessi\u00f3.<\/p><p><b>Cookies persistents:<\/b><\/p><p>S\u00f3n aquells en els quals les dades encara estan emmagatzemades al terminal i es poden accedir i tractar durant un per\u00edode definit pel responsable de la cookie, que pot anar des d&#039;uns minuts fins a diversos anys. En aquest sentit, s&#039;ha de valorar espec\u00edficament si \u00e9s necessari l&#039;\u00fas de cookies persistents, ja que els riscos per a la privadesa es podrien reduir amb l&#039;\u00fas de cookies de sessi\u00f3. En qualsevol cas, quan s&#039;instal\u00b7lin cookies persistents, es recomana reduir-ne la durada temporal al m\u00ednim necessari tenint en compte la finalitat del seu \u00fas. A aquests efectes, l&#039;Opini\u00f3 4\/2012 del WG29 indicava que perqu\u00e8 una cookie quedi exempta del deure de consentiment informat, la seva caducitat ha d&#039;estar relacionada amb la seva finalitat. Per aix\u00f2, \u00e9s molt m\u00e9s probable que les galetes de sessi\u00f3 es considerin excepte que les galetes persistents.<\/p><p><b>Detalls de les cookies utilitzades en aquest lloc web:<\/b><\/p><ul><li><strong>t\u00e9 el consentiment<\/strong><\/li><li><strong>t\u00e9 consentiments<\/strong><\/li><li><strong>wordpress_test_cookie<\/strong><br \/>Cookie establerta per WordPress per comprovar si les cookies estan habilitades al navegador per oferir una experi\u00e8ncia d&#039;usuari adequada als usuaris<br \/>Categoria: Funcional.<br \/>Durada: sessi\u00f3.<br \/>Pol\u00edtica de privacitat: <a href=\"https:\/\/arrimattt.com\/ca\/cookies-policy\/\">N\/A<\/a><\/li><\/ul><p><br \/><br \/><br \/><\/p><\/div><\/div><\/div>\t\t\t\t\t\t\t\t<\/div>\n\t\t\t\t<\/div>\n\t\t\t\t\t<\/div>\n\t\t\t\t<\/div>\n\t\t\t\t<\/div>","protected":false},"excerpt":{"rendered":"<p>The customer is very important, the customer will be followed by the customer.\u00a0As the land of the land, the mourning nor the corporal of the land, the pillow of the lion. What are cookies? In English, the term &#8220;cookie&#8221; means cookie, but in the field of web browsing, a &#8220;cookie&#8221; is something completely different.\u00a0When you [&hellip;]<\/p>\n","protected":false},"author":1,"featured_media":0,"parent":0,"menu_order":0,"comment_status":"closed","ping_status":"closed","template":"","meta":{"footnotes":""},"class_list":["post-517","page","type-page","status-publish","hentry"],"_links":{"self":[{"href":"https:\/\/arrimattt.com\/ca\/wp-json\/wp\/v2\/pages\/517","targetHints":{"allow":["GET"]}}],"collection":[{"href":"https:\/\/arrimattt.com\/ca\/wp-json\/wp\/v2\/pages"}],"about":[{"href":"https:\/\/arrimattt.com\/ca\/wp-json\/wp\/v2\/types\/page"}],"author":[{"embeddable":true,"href":"https:\/\/arrimattt.com\/ca\/wp-json\/wp\/v2\/users\/1"}],"replies":[{"embeddable":true,"href":"https:\/\/arrimattt.com\/ca\/wp-json\/wp\/v2\/comments?post=517"}],"version-history":[{"count":48,"href":"https:\/\/arrimattt.com\/ca\/wp-json\/wp\/v2\/pages\/517\/revisions"}],"predecessor-version":[{"id":2531,"href":"https:\/\/arrimattt.com\/ca\/wp-json\/wp\/v2\/pages\/517\/revisions\/2531"}],"wp:attachment":[{"href":"https:\/\/arrimattt.com\/ca\/wp-json\/wp\/v2\/media?parent=517"}],"curies":[{"name":"wp","href":"https:\/\/api.w.org\/{rel}","templated":true}]}}