{"id":518,"date":"2023-11-23T18:52:22","date_gmt":"2023-11-23T17:52:22","guid":{"rendered":"https:\/\/arrimattt.com\/personalizar-cookies\/"},"modified":"2023-12-02T17:45:49","modified_gmt":"2023-12-02T16:45:49","slug":"customize-cookies","status":"publish","type":"page","link":"https:\/\/arrimattt.com\/ca\/customize-cookies\/","title":{"rendered":"Personalitza les galetes"},"content":{"rendered":"<div data-elementor-type=\"wp-page\" data-elementor-id=\"518\" class=\"elementor elementor-518\" data-elementor-post-type=\"page\">\n\t\t\t\t<div class=\"elementor-element elementor-element-78ebc1b e-flex e-con-boxed e-con e-parent\" data-id=\"78ebc1b\" data-element_type=\"container\" data-e-type=\"container\">\n\t\t\t\t\t<div class=\"e-con-inner\">\n\t\t\t\t<div class=\"elementor-element elementor-element-951a030 elementor-widget elementor-widget-text-editor\" data-id=\"951a030\" data-element_type=\"widget\" data-e-type=\"widget\" data-widget_type=\"text-editor.default\">\n\t\t\t\t<div class=\"elementor-widget-container\">\n\t\t\t\t\t\t\t\t\t<div id=\"custom-cookies-eu-label\"><div><div id=\"custom-cookies-eu-label\"><span>El lloc web https:\/\/arrimattt.com utilitza cookies pr\u00f2pies per al seu correcte funcionament. En fer clic al bot\u00f3 Acceptar, acceptes l&#039;\u00fas d&#039;aquestes tecnologies i el tractament de les teves dades per a aquestes finalitats.<\/span><\/div><div id=\"custom-cookies-eu-buttons\" class=\"cookies-eu-buttons\" style=\"text-align: center;\"><button id=\"custom-cookies-eu-reject\" class=\"cookies-eu-reject\"><span>DECLINAR<\/span><\/button>\u00a0<button id=\"custom-cookies-eu-accept\" class=\"cookies-eu-accept\"><span>ACCEPTA TOTES LES COOKIES<\/span><\/button><\/div><\/div><p><span>Podeu canviar les vostres prefer\u00e8ncies de galetes en qualsevol moment tornant a la p\u00e0gina Personalitza galetes, a la qual podeu accedir mitjan\u00e7ant l&#039;Av\u00eds de galetes.<\/span><\/p><h3><span>Cookies t\u00e8cniques<\/span><\/h3><p><span>S\u00f3n aquelles que permeten als usuaris registrats navegar pel web, l&#039;\u00e0rea restringida i utilitzar les seves diferents funcions, com el sistema de comentaris o el cercador, i no es poden desactivar.<\/span><\/p><\/div>\t\t\t\t\t\t\t\t<\/div>\n\t\t\t\t<\/div>\n\t\t\t\t\t<\/div>\n\t\t\t\t<\/div>\n\t\t\t\t<\/div>","protected":false},"excerpt":{"rendered":"<p>The website https:\/\/arrimattt.com uses its own cookies for its correct functioning.\u00a0By clicking the Accept button, you agree to the use of these technologies and the processing of your data for these purposes.DECLINE\u00a0ACCEPT ALL COOKIES You can change your cookie preferences at any time by returning to the Customize Cookies page, which you can access through [&hellip;]<\/p>\n","protected":false},"author":1,"featured_media":0,"parent":0,"menu_order":0,"comment_status":"closed","ping_status":"closed","template":"","meta":{"footnotes":""},"class_list":["post-518","page","type-page","status-publish","hentry"],"_links":{"self":[{"href":"https:\/\/arrimattt.com\/ca\/wp-json\/wp\/v2\/pages\/518","targetHints":{"allow":["GET"]}}],"collection":[{"href":"https:\/\/arrimattt.com\/ca\/wp-json\/wp\/v2\/pages"}],"about":[{"href":"https:\/\/arrimattt.com\/ca\/wp-json\/wp\/v2\/types\/page"}],"author":[{"embeddable":true,"href":"https:\/\/arrimattt.com\/ca\/wp-json\/wp\/v2\/users\/1"}],"replies":[{"embeddable":true,"href":"https:\/\/arrimattt.com\/ca\/wp-json\/wp\/v2\/comments?post=518"}],"version-history":[{"count":27,"href":"https:\/\/arrimattt.com\/ca\/wp-json\/wp\/v2\/pages\/518\/revisions"}],"predecessor-version":[{"id":2491,"href":"https:\/\/arrimattt.com\/ca\/wp-json\/wp\/v2\/pages\/518\/revisions\/2491"}],"wp:attachment":[{"href":"https:\/\/arrimattt.com\/ca\/wp-json\/wp\/v2\/media?parent=518"}],"curies":[{"name":"wp","href":"https:\/\/api.w.org\/{rel}","templated":true}]}}