{"id":4076,"date":"2025-05-02T20:18:05","date_gmt":"2025-05-02T18:18:05","guid":{"rendered":"https:\/\/arrimattt.com\/?post_type=product&#038;p=4076"},"modified":"2025-05-02T22:28:30","modified_gmt":"2025-05-02T20:28:30","slug":"yellow-submery","status":"publish","type":"product","link":"https:\/\/arrimattt.com\/ca\/producte\/yellow-submery\/","title":{"rendered":"Submergible groc"},"content":{"rendered":"<p class=\"p1\"><b>SubMeryn groc \u2013 Il\u00b7lustraci\u00f3 vectorial de ne\u00f3 (art er\u00f2tic)<\/b><b><\/b><\/p>\n<p class=\"p2\">Submergeix-te en un m\u00f3n psicod\u00e8lic i provocador amb <i>SubMeryn groc<\/i>, una obra d&#039;art vectorial de colors ne\u00f3 atrevits que combina la sensualitat amb la fantasia submarina. Aquesta pe\u00e7a er\u00f2tica esclata de detalls i energia, oferint un estil atrevit i atractiu per a aquells que aprecien una decoraci\u00f3 atrevida i expressiva.<\/p>\n<p class=\"p2\">Disponible en tres mides:<\/p>\n<p class=\"p1\"><span class=\"s1\">\ud83d\udccf <\/span><b>A1 \u2013 A2 \u2013 A3<\/b><b><\/b><\/p>\n<p class=\"p2\">Impr\u00e8s en alta qualitat i disponible <span class=\"s2\"><b>amb una elegant estructura negra<\/b><\/span> o <span class=\"s2\"><b>sense emmarcar<\/b><\/span> \u2013 a punt per donar vida a qualsevol paret amb actitud.<\/p>\n<p class=\"p2\">Perfecte per a col\u00b7leccionistes d&#039;art contemporani, amants del pop art er\u00f2tic o espais creatius que celebren la singularitat.<\/p>","protected":false},"excerpt":{"rendered":"<p>Yellow SubMeryn \u2013 Neon Vector Illustration (Erotic Art) Dive into a psychedelic and provocative world with Yellow SubMeryn, a bold neon-colored vector artwork that blends sensuality with underwater fantasy. This erotic piece bursts with detail and energy, offering a daring, eye-catching style for those who appreciate bold and expressive decor. Available in three sizes: \ud83d\udccf [&hellip;]<\/p>\n","protected":false},"featured_media":4084,"template":"","meta":[],"product_brand":[],"product_cat":[29],"product_tag":[],"class_list":{"0":"post-4076","1":"product","2":"type-product","3":"status-publish","4":"has-post-thumbnail","6":"product_cat-erotika","8":"first","9":"instock","10":"sale","11":"taxable","12":"shipping-taxable","13":"purchasable","14":"product-type-simple"},"_links":{"self":[{"href":"https:\/\/arrimattt.com\/ca\/wp-json\/wp\/v2\/product\/4076","targetHints":{"allow":["GET"]}}],"collection":[{"href":"https:\/\/arrimattt.com\/ca\/wp-json\/wp\/v2\/product"}],"about":[{"href":"https:\/\/arrimattt.com\/ca\/wp-json\/wp\/v2\/types\/product"}],"wp:featuredmedia":[{"embeddable":true,"href":"https:\/\/arrimattt.com\/ca\/wp-json\/wp\/v2\/media\/4084"}],"wp:attachment":[{"href":"https:\/\/arrimattt.com\/ca\/wp-json\/wp\/v2\/media?parent=4076"}],"wp:term":[{"taxonomy":"product_brand","embeddable":true,"href":"https:\/\/arrimattt.com\/ca\/wp-json\/wp\/v2\/product_brand?post=4076"},{"taxonomy":"product_cat","embeddable":true,"href":"https:\/\/arrimattt.com\/ca\/wp-json\/wp\/v2\/product_cat?post=4076"},{"taxonomy":"product_tag","embeddable":true,"href":"https:\/\/arrimattt.com\/ca\/wp-json\/wp\/v2\/product_tag?post=4076"}],"curies":[{"name":"wp","href":"https:\/\/api.w.org\/{rel}","templated":true}]}}