{"id":5467,"date":"2025-05-06T08:53:46","date_gmt":"2025-05-06T06:53:46","guid":{"rendered":"https:\/\/arrimattt.com\/?post_type=product&#038;p=5467"},"modified":"2025-05-06T08:53:46","modified_gmt":"2025-05-06T06:53:46","slug":"shared-desire","status":"publish","type":"product","link":"https:\/\/arrimattt.com\/ca\/producte\/shared-desire\/","title":{"rendered":"Desig compartit"},"content":{"rendered":"<p class=\"p1\"><b>\ud83c\udf4c Desig compartit \u2013 Impressi\u00f3 d&#039;art er\u00f2tic de ne\u00f3 (format horitzontal)<\/b><b><\/b><\/p>\n<p class=\"p2\">Divertit, atrevit i sense complexos provocador \u2014 <i>Joc del pl\u00e0tan<\/i> \u00e9s una il\u00b7lustraci\u00f3 vectorial horitzontal de ne\u00f3 de la <span class=\"s1\"><b>EROTIKA<\/b><\/span> col\u00b7lecci\u00f3. Amb dues dones compartint er\u00f2ticament un pl\u00e0tan, aquesta pe\u00e7a celebra la sensualitat amb un toc pop art, amarada de tons ne\u00f3 brillants que criden l&#039;atenci\u00f3.<\/p>\n<p class=\"p2\">Disponible en tres mides horitzontals:<\/p>\n<p class=\"p1\"><span class=\"s2\">\ud83d\udccf <\/span><b>A3 (29,7 x 42 cm)<\/b><b><\/b><\/p>\n<p class=\"p1\"><span class=\"s2\">\ud83d\udccf <\/span><b>A2 (42 x 59,4 cm)<\/b><b><\/b><\/p>\n<p class=\"p1\"><span class=\"s2\">\ud83d\udccf <\/span><b>A1 (59,4 x 84,1 cm)<\/b><b><\/b><\/p>\n<p class=\"p2\">Impr\u00e8s professionalment i disponible <span class=\"s1\"><b>amb una elegant estructura negra<\/b><\/span> o <span class=\"s1\"><b>sense emmarcar<\/b><\/span> \u2013 a punt per electrificar qualsevol espai modern i atrevit.<\/p>\n<p class=\"p2\">Perfecte per als amants de l&#039;art er\u00f2tic contemporani, l&#039;est\u00e8tica ne\u00f3 i les decoracions atrevides.<\/p>","protected":false},"excerpt":{"rendered":"<p>\ud83c\udf4c Shared Desire \u2013 Neon Erotic Art Print (Landscape Format) Playful, bold, and unapologetically provocative \u2014 Banana Game is a horizontal neon vector illustration from the EROTIKA collection. Featuring two women erotically sharing a banana, this piece celebrates sensuality with a pop-art twist, drenched in glowing neon tones that demand attention. Available in three landscape [&hellip;]<\/p>\n","protected":false},"featured_media":5476,"template":"","meta":[],"product_brand":[],"product_cat":[29],"product_tag":[],"class_list":{"0":"post-5467","1":"product","2":"type-product","3":"status-publish","4":"has-post-thumbnail","6":"product_cat-erotika","8":"first","9":"instock","10":"sale","11":"taxable","12":"shipping-taxable","13":"purchasable","14":"product-type-variable"},"_links":{"self":[{"href":"https:\/\/arrimattt.com\/ca\/wp-json\/wp\/v2\/product\/5467","targetHints":{"allow":["GET"]}}],"collection":[{"href":"https:\/\/arrimattt.com\/ca\/wp-json\/wp\/v2\/product"}],"about":[{"href":"https:\/\/arrimattt.com\/ca\/wp-json\/wp\/v2\/types\/product"}],"wp:featuredmedia":[{"embeddable":true,"href":"https:\/\/arrimattt.com\/ca\/wp-json\/wp\/v2\/media\/5476"}],"wp:attachment":[{"href":"https:\/\/arrimattt.com\/ca\/wp-json\/wp\/v2\/media?parent=5467"}],"wp:term":[{"taxonomy":"product_brand","embeddable":true,"href":"https:\/\/arrimattt.com\/ca\/wp-json\/wp\/v2\/product_brand?post=5467"},{"taxonomy":"product_cat","embeddable":true,"href":"https:\/\/arrimattt.com\/ca\/wp-json\/wp\/v2\/product_cat?post=5467"},{"taxonomy":"product_tag","embeddable":true,"href":"https:\/\/arrimattt.com\/ca\/wp-json\/wp\/v2\/product_tag?post=5467"}],"curies":[{"name":"wp","href":"https:\/\/api.w.org\/{rel}","templated":true}]}}