{"id":5511,"date":"2025-05-06T09:12:40","date_gmt":"2025-05-06T07:12:40","guid":{"rendered":"https:\/\/arrimattt.com\/?post_type=product&#038;p=5511"},"modified":"2025-05-06T09:12:58","modified_gmt":"2025-05-06T07:12:58","slug":"between-the-curves","status":"publish","type":"product","link":"https:\/\/arrimattt.com\/ca\/producte\/between-the-curves\/","title":{"rendered":"Entre les corbes"},"content":{"rendered":"<p class=\"p1\"><b>\ud83c\udf46 Entre les corbes \u2013 L\u00e0mina d&#039;art er\u00f2tic de ne\u00f3 (format de retrat)<\/b><b><\/b><\/p>\n<p class=\"p2\">Poder femen\u00ed atrevit, sense complexos i radiant: aquesta il\u00b7lustraci\u00f3 vectorial de ne\u00f3 de <span class=\"s1\"><b>EROTIKA<\/b><\/span> col\u00b7lecci\u00f3. Una celebraci\u00f3 de la sensualitat, la positivitat corporal i l&#039;aud\u00e0cia visual, aquesta pe\u00e7a crida l&#039;atenci\u00f3 amb la seva vibrant paleta de ne\u00f3 i la seva impactant composici\u00f3.<\/p>\n<p class=\"p2\">Disponible en tres mides:<\/p>\n<p class=\"p1\"><span class=\"s2\">\ud83d\udccf <\/span><b>A3 (29,7 x 42 cm)<\/b><b><\/b><\/p>\n<p class=\"p1\"><span class=\"s2\">\ud83d\udccf <\/span><b>A2 (42 x 59,4 cm)<\/b><b><\/b><\/p>\n<p class=\"p1\"><span class=\"s2\">\ud83d\udccf <\/span><b>A1 (59,4 x 84,1 cm)<\/b><b><\/b><\/p>\n<p class=\"p2\">Impr\u00e8s en alta qualitat i ofert <span class=\"s1\"><b>amb una elegant estructura negra<\/b><\/span> o <span class=\"s1\"><b>sense emmarcar<\/b><\/span> \u2013 a punt per fer una declaraci\u00f3 a qualsevol paret.<\/p>\n<p class=\"p2\">Ideal per a col\u00b7leccionistes d&#039;art pop er\u00f2tic, admiradors de la imatgeria femenina empoderada i amants<\/p>","protected":false},"excerpt":{"rendered":"<p>\ud83c\udf46\u00a0 Between the Curves\u2013 Neon Erotic Art Print (Portrait Format) Bold, unapologetic, and radiating feminine power \u2014 this neon vector illustration from the EROTIKA collection. A celebration of sensuality, body positivity, and visual boldness, this piece commands attention with its vibrant neon palette and striking composition. Available in three sizes: \ud83d\udccf A3 (29.7 x 42 [&hellip;]<\/p>\n","protected":false},"featured_media":5517,"template":"","meta":[],"product_brand":[],"product_cat":[29],"product_tag":[],"class_list":{"0":"post-5511","1":"product","2":"type-product","3":"status-publish","4":"has-post-thumbnail","6":"product_cat-erotika","8":"first","9":"instock","10":"sale","11":"taxable","12":"shipping-taxable","13":"purchasable","14":"product-type-variable"},"_links":{"self":[{"href":"https:\/\/arrimattt.com\/ca\/wp-json\/wp\/v2\/product\/5511","targetHints":{"allow":["GET"]}}],"collection":[{"href":"https:\/\/arrimattt.com\/ca\/wp-json\/wp\/v2\/product"}],"about":[{"href":"https:\/\/arrimattt.com\/ca\/wp-json\/wp\/v2\/types\/product"}],"wp:featuredmedia":[{"embeddable":true,"href":"https:\/\/arrimattt.com\/ca\/wp-json\/wp\/v2\/media\/5517"}],"wp:attachment":[{"href":"https:\/\/arrimattt.com\/ca\/wp-json\/wp\/v2\/media?parent=5511"}],"wp:term":[{"taxonomy":"product_brand","embeddable":true,"href":"https:\/\/arrimattt.com\/ca\/wp-json\/wp\/v2\/product_brand?post=5511"},{"taxonomy":"product_cat","embeddable":true,"href":"https:\/\/arrimattt.com\/ca\/wp-json\/wp\/v2\/product_cat?post=5511"},{"taxonomy":"product_tag","embeddable":true,"href":"https:\/\/arrimattt.com\/ca\/wp-json\/wp\/v2\/product_tag?post=5511"}],"curies":[{"name":"wp","href":"https:\/\/api.w.org\/{rel}","templated":true}]}}