{"id":5525,"date":"2025-05-06T09:42:51","date_gmt":"2025-05-06T07:42:51","guid":{"rendered":"https:\/\/arrimattt.com\/?post_type=product&#038;p=5525"},"modified":"2025-05-06T09:42:51","modified_gmt":"2025-05-06T07:42:51","slug":"wet-work","status":"publish","type":"product","link":"https:\/\/arrimattt.com\/ca\/producte\/wet-work\/","title":{"rendered":"Treball humit"},"content":{"rendered":"<p class=\"p1\"><b>\ud83d\udca6 Wet Work \u2013 Posavasos er\u00f2tics ne\u00f3 (Col\u00b7lecci\u00f3 EROTIKA)<\/b><b><\/b><\/p>\n<p class=\"p2\">Cru, \u00edntim i electrificant \u2014 <i>Treball humit<\/i> \u00e9s una declaraci\u00f3 atrevida de la <span class=\"s1\"><b>EROTIKA<\/b><\/span> col\u00b7lecci\u00f3. Celebrant sense complexos el desig queer, la intimitat femenina i la bellesa del plaer desinhibit.<\/p>\n<p class=\"p2\">Creat per a aquells que s&#039;atreveixen a portar l&#039;art i la sexualitat al seu espai quotidi\u00e0, <i>Treball humit<\/i> combina colors vius, tensi\u00f3 er\u00f2tica i un disseny durador.<\/p>\n<p class=\"p1\"><b>Detalls:<\/b><b><\/b><\/p>\n<p class=\"p2\">Tots els posagots estan fets de <span class=\"s1\"><b>tablex (tauler dur)<\/b><\/span> i presenten una <span class=\"s1\"><b>suport de suro<\/b><\/span> a la part inferior per protegir les superf\u00edcies de ratllades i taques.<\/p>\n<p class=\"p2\">\ud83d\udfe3 Resistent a la calor | F\u00e0cil de netejar | Amb suport de suro<\/p>\n<p class=\"p1\"><span class=\"s2\">\ud83d\udfe1 <\/span><b>Nom\u00e9s es venen en conjunts de 4 o m\u00e9s<\/b><b><\/b><\/p>\n<p class=\"p2\">Perqu\u00e8 la teva taula es mereix m\u00e9s que nom\u00e9s funcionalitat: es mereix <i>plaer<\/i>.<\/p>","protected":false},"excerpt":{"rendered":"<p>\ud83d\udca6 Wet Work \u2013 Neon Erotic coaster (EROTIKA Collection) Raw, intimate, and electrifying \u2014 Wet Work is a bold statement piece from the EROTIKA collection. Unapologetically celebrating queer desire, female intimacy, and the beauty of uninhibited pleasure. Crafted for those who dare to bring art and sexuality into their everyday space, Wet Work blends vivid [&hellip;]<\/p>\n","protected":false},"featured_media":5536,"template":"","meta":[],"product_brand":[],"product_cat":[31],"product_tag":[],"class_list":{"0":"post-5525","1":"product","2":"type-product","3":"status-publish","4":"has-post-thumbnail","6":"product_cat-pictures","8":"first","9":"instock","10":"sale","11":"taxable","12":"shipping-taxable","13":"purchasable","14":"product-type-variable"},"_links":{"self":[{"href":"https:\/\/arrimattt.com\/ca\/wp-json\/wp\/v2\/product\/5525","targetHints":{"allow":["GET"]}}],"collection":[{"href":"https:\/\/arrimattt.com\/ca\/wp-json\/wp\/v2\/product"}],"about":[{"href":"https:\/\/arrimattt.com\/ca\/wp-json\/wp\/v2\/types\/product"}],"wp:featuredmedia":[{"embeddable":true,"href":"https:\/\/arrimattt.com\/ca\/wp-json\/wp\/v2\/media\/5536"}],"wp:attachment":[{"href":"https:\/\/arrimattt.com\/ca\/wp-json\/wp\/v2\/media?parent=5525"}],"wp:term":[{"taxonomy":"product_brand","embeddable":true,"href":"https:\/\/arrimattt.com\/ca\/wp-json\/wp\/v2\/product_brand?post=5525"},{"taxonomy":"product_cat","embeddable":true,"href":"https:\/\/arrimattt.com\/ca\/wp-json\/wp\/v2\/product_cat?post=5525"},{"taxonomy":"product_tag","embeddable":true,"href":"https:\/\/arrimattt.com\/ca\/wp-json\/wp\/v2\/product_tag?post=5525"}],"curies":[{"name":"wp","href":"https:\/\/api.w.org\/{rel}","templated":true}]}}