{"id":5548,"date":"2025-05-06T10:36:20","date_gmt":"2025-05-06T08:36:20","guid":{"rendered":"https:\/\/arrimattt.com\/?post_type=product&#038;p=5548"},"modified":"2025-05-06T10:36:45","modified_gmt":"2025-05-06T08:36:45","slug":"glow-jobseductive-surreal-and-unapologetically-bold-tongue-trip-is-a-psychedelic-piece-from-the-erotika-collection-a-glowing-tongue-teases-a-phallic-mushroom-in-this-neon-drenched-artwork","status":"publish","type":"product","link":"https:\/\/arrimattt.com\/ca\/producte\/glow-jobseductive-surreal-and-unapologetically-bold-tongue-trip-is-a-psychedelic-piece-from-the-erotika-collection-a-glowing-tongue-teases-a-phallic-mushroom-in-this-neon-drenched-artwork\/","title":{"rendered":"Treball brillant"},"content":{"rendered":"<p class=\"p1\">Seductor, surrealista i descaradament atrevit \u2014 <i>Viatge de llengua<\/i> \u00e9s una pe\u00e7a psicod\u00e8lica de <span class=\"s1\"><b>EROTIKA<\/b><\/span> col\u00b7lecci\u00f3. Una llengua brillant provoca un bolet f\u00e0l\u00b7lic en aquesta obra d&#039;art amarada de ne\u00f3 que fusiona l&#039;erotisme amb la fantasia. Sensual, juganera i una mica al\u00b7lucinant: \u00e9s un fest\u00ed visual per als amants del pop-art provocatiu.<\/p>\n<p class=\"p1\">Impr\u00e8s en lona d&#039;alta qualitat amb tintes resistents als raigs UV que donen vida a cada detall de ne\u00f3.<\/p>\n<p class=\"p3\"><b>Disponible en 4 mides:<\/b><b><\/b><\/p>\n<p class=\"p1\">\ud83d\udcd0 <span class=\"s1\"><b>Molt petit<\/b><\/span> \u2013<\/p>\n<p class=\"p1\">\ud83d\udcd0 <span class=\"s1\"><b>Petit<\/b><\/span> \u2013<\/p>\n<p class=\"p1\">\ud83d\udcd0 <span class=\"s1\"><b>Mitj\u00e0<\/b><\/span> \u2013<\/p>\n<p class=\"p1\">\ud83d\udcd0 <span class=\"s1\"><b>Gran<\/b><\/span> \u2013<\/p>\n<p class=\"p1\">Estirat, llest per penjar o exposar tal com est\u00e0<\/p>\n<p class=\"p1\">Perfecte per a col\u00b7leccionistes d&#039;art er\u00f2tic, somiadors surrealistes o qualsevol persona que cregui que la sexualitat mereix el seu lloc a la paret, a tot color.<\/p>","protected":false},"excerpt":{"rendered":"<p>Seductive, surreal, and unapologetically bold \u2014 Tongue Trip is a psychedelic piece from the EROTIKA collection. A glowing tongue teases a phallic mushroom in this neon-drenched artwork that fuses eroticism with fantasy. Sensual, playful, and a little hallucinatory \u2014 it\u2019s a visual feast for lovers of provocative pop-art. Printed on high-quality canvas with UV-resistant inks [&hellip;]<\/p>\n","protected":false},"featured_media":5551,"template":"","meta":[],"product_brand":[],"product_cat":[31],"product_tag":[],"class_list":{"0":"post-5548","1":"product","2":"type-product","3":"status-publish","4":"has-post-thumbnail","6":"product_cat-pictures","8":"first","9":"instock","10":"taxable","11":"shipping-taxable","12":"purchasable","13":"product-type-variable"},"_links":{"self":[{"href":"https:\/\/arrimattt.com\/ca\/wp-json\/wp\/v2\/product\/5548","targetHints":{"allow":["GET"]}}],"collection":[{"href":"https:\/\/arrimattt.com\/ca\/wp-json\/wp\/v2\/product"}],"about":[{"href":"https:\/\/arrimattt.com\/ca\/wp-json\/wp\/v2\/types\/product"}],"wp:featuredmedia":[{"embeddable":true,"href":"https:\/\/arrimattt.com\/ca\/wp-json\/wp\/v2\/media\/5551"}],"wp:attachment":[{"href":"https:\/\/arrimattt.com\/ca\/wp-json\/wp\/v2\/media?parent=5548"}],"wp:term":[{"taxonomy":"product_brand","embeddable":true,"href":"https:\/\/arrimattt.com\/ca\/wp-json\/wp\/v2\/product_brand?post=5548"},{"taxonomy":"product_cat","embeddable":true,"href":"https:\/\/arrimattt.com\/ca\/wp-json\/wp\/v2\/product_cat?post=5548"},{"taxonomy":"product_tag","embeddable":true,"href":"https:\/\/arrimattt.com\/ca\/wp-json\/wp\/v2\/product_tag?post=5548"}],"curies":[{"name":"wp","href":"https:\/\/api.w.org\/{rel}","templated":true}]}}