{"id":3,"date":"2023-11-21T20:50:23","date_gmt":"2023-11-21T19:50:23","guid":{"rendered":"https:\/\/arrimattt.com\/?page_id=3"},"modified":"2024-12-30T19:20:08","modified_gmt":"2024-12-30T18:20:08","slug":"privacy-policy","status":"publish","type":"page","link":"https:\/\/arrimattt.com\/de\/privacy-policy\/","title":{"rendered":"Datenschutzrichtlinie"},"content":{"rendered":"<div data-elementor-type=\"wp-page\" data-elementor-id=\"3\" class=\"elementor elementor-3\" data-elementor-post-type=\"page\">\n\t\t\t\t<div class=\"elementor-element elementor-element-4158c7b6 e-flex e-con-boxed e-con e-parent\" data-id=\"4158c7b6\" data-element_type=\"container\" data-e-type=\"container\">\n\t\t\t\t\t<div class=\"e-con-inner\">\n\t\t\t\t<div class=\"elementor-element elementor-element-7ac64c7 elementor-widget elementor-widget-text-editor\" data-id=\"7ac64c7\" data-element_type=\"widget\" data-e-type=\"widget\" data-widget_type=\"text-editor.default\">\n\t\t\t\t<div class=\"elementor-widget-container\">\n\t\t\t\t\t\t\t\t\t<p>Der Eigent\u00fcmer informiert Sie \u00fcber seine Datenschutzrichtlinien bez\u00fcglich der Behandlung und des Schutzes personenbezogener Daten von Benutzern, die beim Surfen auf der Website gesammelt werden k\u00f6nnen:\u00a0<a href=\"https:\/\/arrimattt.com\/de\/politica-privacidad\/\">https:\/\/arrimattt.com<\/a><\/p><p>In diesem Sinne garantiert der Eigent\u00fcmer die Einhaltung der geltenden Vorschriften zum Schutz personenbezogener Daten, die im Organgesetz 3\/2018 vom 5. Dezember zum Schutz personenbezogener Daten und zur Gew\u00e4hrleistung digitaler Rechte (LOPD GDD) enthalten sind. . Es entspricht au\u00dferdem der Verordnung (EU) 2016\/679 des Europ\u00e4ischen Parlaments und des Rates vom 27. April 2016 zum Schutz nat\u00fcrlicher Personen (DSGVO).<\/p><p>Die Nutzung der Website setzt die Annahme dieser Datenschutzrichtlinie voraus.<\/p><h2>Identit\u00e4t des Verantwortlichen<\/h2><ul><li><b>Verantwortlich:<\/b>\u00a0\u00a0 Maria Romeu Garc\u00eda.<\/li><li><b>Umsatzsteuer:\u00a0<\/b>14\/496\/07435<\/li><li><b>Adresse: <\/b>Niemetzstra\u00dfe 8, 12055 Berlin<\/li><li><b>Email:<\/b>\u00a0\u00a0 maria@arrimattt.com<\/li><li><b>Webseite:\u00a0<\/b>\u00a0\u00a0<a href=\"https:\/\/arrimattt.com\/de\/politica-privacidad\/\">https:\/\/arrimattt.com<\/a><\/li><\/ul><h2>Grunds\u00e4tze der Datenverarbeitung<\/h2><p>Bei der Verarbeitung Ihrer personenbezogenen Daten wendet der Eigent\u00fcmer die folgenden Grunds\u00e4tze an, die den Anforderungen der neuen europ\u00e4ischen Datenschutzverordnung (DSGVO) entsprechen:<\/p><ul><li>Grundsatz der Rechtm\u00e4\u00dfigkeit, Loyalit\u00e4t und Transparenz: Der Eigent\u00fcmer ben\u00f6tigt stets eine Einwilligung zur Verarbeitung personenbezogener Daten, die einem oder mehreren spezifischen Zwecken dienen kann, \u00fcber die der Eigent\u00fcmer den Benutzer im Voraus mit absoluter Transparenz informieren wird.<\/li><li>Grundsatz der Datenminimierung: Der Eigent\u00fcmer fordert nur die Daten an, die f\u00fcr den oder die Zwecke, f\u00fcr die er angefordert wird, unbedingt erforderlich sind.<\/li><li>Grundsatz der Beschr\u00e4nkung der Aufbewahrungsfrist: Der Eigent\u00fcmer wird die erhobenen personenbezogenen Daten so lange aufbewahren, wie es f\u00fcr den oder die Zwecke der Verarbeitung unbedingt erforderlich ist. Der Eigent\u00fcmer wird den Nutzer je nach Zweck \u00fcber die entsprechende Aufbewahrungsfrist informieren.<br \/>Im Falle von Abonnements \u00fcberpr\u00fcft der Eigent\u00fcmer die Listen regelm\u00e4\u00dfig und l\u00f6scht diejenigen Datens\u00e4tze, die \u00fcber einen l\u00e4ngeren Zeitraum inaktiv waren.<\/li><li>Grundsatz der Integrit\u00e4t und Vertraulichkeit: Die erhobenen personenbezogenen Daten werden so behandelt, dass ihre Sicherheit, Vertraulichkeit und Integrit\u00e4t gew\u00e4hrleistet ist.<br \/>Der Eigent\u00fcmer trifft die notwendigen Vorkehrungen, um einen unbefugten Zugriff oder eine missbr\u00e4uchliche Nutzung der Daten seiner Nutzer durch Dritte zu verhindern.<\/li><\/ul><h2>Erhebung personenbezogener Daten<\/h2><p>Um auf der Website zu surfen, m\u00fcssen Sie keine personenbezogenen Daten angeben.<\/p><h2>Rechte<\/h2><p>Der Eigent\u00fcmer informiert Sie dar\u00fcber, dass Sie in Bezug auf Ihre personenbezogenen Daten das Recht haben:<\/p><ul><li>Zugriff auf gespeicherte Daten anfordern.<\/li><li>Fordern Sie eine Berichtigung oder L\u00f6schung an.<\/li><li>Fordern Sie die Einschr\u00e4nkung Ihrer Behandlung an.<\/li><li>Widersetzen Sie sich der Behandlung.<\/li><\/ul><p>Das Recht auf Daten\u00fcbertragbarkeit k\u00f6nnen Sie nicht aus\u00fcben.<\/p><p>Die Aus\u00fcbung dieser Rechte ist personenbezogen und muss daher direkt vom Interessenten ausge\u00fcbt werden, indem er sie direkt beim Eigent\u00fcmer anfordert. Dies bedeutet, dass jeder Kunde, Abonnent oder Mitarbeiter, der seine Daten jederzeit bereitgestellt hat, den Eigent\u00fcmer kontaktieren und Informationen anfordern kann Auskunft \u00fcber die von ihm gespeicherten Daten und die Art und Weise ihrer Erhebung verlangen, deren Berichtigung verlangen, der Verarbeitung widersprechen, deren Verwendung einschr\u00e4nken oder die L\u00f6schung dieser Daten in den Dateien des Eigent\u00fcmers verlangen.<\/p><p>Um Ihre Rechte auszu\u00fcben, m\u00fcssen Sie Ihren Antrag zusammen mit einer Fotokopie des Personalausweises oder einem gleichwertigen Dokument an die E-Mail-Adresse maria@arrimattt.com senden<\/p><p>Die Aus\u00fcbung dieser Rechte umfasst keine Daten, zu deren Aufbewahrung der Eigent\u00fcmer aus administrativen, rechtlichen oder Sicherheitsgr\u00fcnden verpflichtet ist.<\/p><p>Sie haben das Recht auf wirksamen gerichtlichen Rechtsschutz und auf die Einreichung einer Klage bei der Aufsichtsbeh\u00f6rde, in diesem Fall der spanischen Datenschutzbeh\u00f6rde, wenn Sie der Ansicht sind, dass die Verarbeitung der Sie betreffenden personenbezogenen Daten gegen die Verordnung verst\u00f6\u00dft.<\/p><h2 id=\"finalidad-del-tratamiento-de-datos-personales\">Zweck der Verarbeitung personenbezogener Daten<\/h2><p>Wenn Sie sich mit der Website verbinden, um eine E-Mail an den Eigent\u00fcmer zu senden oder seinen Newsletter zu abonnieren, geben Sie personenbezogene Daten an, f\u00fcr die der Eigent\u00fcmer verantwortlich ist. Zu diesen Informationen k\u00f6nnen personenbezogene Daten wie Ihre IP-Adresse, Ihr Vor- und Nachname, Ihre Anschrift, E-Mail-Adresse, Telefonnummer und andere Informationen geh\u00f6ren. Durch die Bereitstellung dieser Informationen erkl\u00e4ren Sie sich damit einverstanden, dass Ihre Daten von \u2013 Webempresa \u2013 erfasst, genutzt, verwaltet und gespeichert werden.<\/p><p>Die personenbezogenen Daten und der Zweck der Verarbeitung durch den Eigent\u00fcmer unterscheiden sich je nach Informationserfassungssystem:<\/p><p>Es gibt andere Zwecke, f\u00fcr die der Eigent\u00fcmer personenbezogene Daten verarbeitet:<\/p><ul><li>Um die Einhaltung der im geltenden Recht enthaltenen Bedingungen zu gew\u00e4hrleisten. Dies kann die Entwicklung von Tools und Algorithmen umfassen, die der Website dabei helfen, die Vertraulichkeit der von ihr erfassten personenbezogenen Daten sicherzustellen.<\/li><li>Zur Unterst\u00fctzung und Verbesserung der auf dieser Website angebotenen Dienste.<\/li><\/ul><h2>Sicherheit personenbezogener Daten<\/h2><p>Um Ihre personenbezogenen Daten zu sch\u00fctzen, ergreift der Eigent\u00fcmer alle angemessenen Vorsichtsma\u00dfnahmen und befolgt branchen\u00fcbliche Best Practices, um deren Verlust, Missbrauch, unrechtm\u00e4\u00dfigen Zugriff, Offenlegung, \u00c4nderung oder Zerst\u00f6rung zu verhindern.<\/p><p>Die Website wird gehostet bei: Webempresa. Die Sicherheit der Daten ist gew\u00e4hrleistet, da alle hierf\u00fcr erforderlichen Sicherheitsma\u00dfnahmen getroffen werden. Weitere Informationen finden Sie in deren Datenschutzbestimmungen.<\/p><p>Der Eigent\u00fcmer informiert den Nutzer dar\u00fcber, dass seine personenbezogenen Daten nicht an Dritte weitergegeben werden, es sei denn, die Weitergabe der Daten unterliegt einer gesetzlichen Verpflichtung oder die Erbringung einer Dienstleistung erfordert die Notwendigkeit einer Vertragsbeziehung mit einem Verantwortlichen der Behandlung. Im letzteren Fall erfolgt die Weitergabe der Daten an Dritte nur, wenn der Eigent\u00fcmer die ausdr\u00fcckliche Zustimmung des Nutzers hat.<\/p><p>In einigen F\u00e4llen kann jedoch eine Zusammenarbeit mit anderen Fachleuten durchgef\u00fchrt werden. In diesen F\u00e4llen ist die Zustimmung des Benutzers erforderlich, in der er \u00fcber die Identit\u00e4t des Mitarbeiters und den Zweck der Zusammenarbeit informiert wird. Es wird stets unter Einhaltung strengster Sicherheitsstandards durchgef\u00fchrt.<\/p><h2>Inhalte von anderen Websites<\/h2><p>Seiten dieser Website k\u00f6nnen eingebettete Inhalte enthalten (z. B. Videos, Bilder, Artikel usw.). Eingebettete Inhalte von anderen Websites verhalten sich genauso, als ob Sie die andere Website besucht h\u00e4tten.<\/p><p>Diese Websites k\u00f6nnen Daten \u00fcber Sie sammeln, Cookies verwenden, zus\u00e4tzlichen Tracking-Code von Drittanbietern einbetten und Ihre Interaktion mithilfe dieses Codes \u00fcberwachen.<\/p><h2>Cookie-Richtlinie<\/h2><p>Damit diese Website ordnungsgem\u00e4\u00df funktioniert, muss sie Cookies verwenden. Dabei handelt es sich um Informationen, die in Ihrem Webbrowser gespeichert werden.<\/p><h2>Berechtigung zur Datenverarbeitung<\/h2><p>Rechtsgrundlage f\u00fcr die Verarbeitung Ihrer Daten ist:<\/p><ul><li>Die Zustimmung des Interessenten.<\/li><\/ul><h2>Kategorien personenbezogener Daten<\/h2><p>Die vom Eigent\u00fcmer verarbeiteten Kategorien personenbezogener Daten sind:<\/p><ul><li>Identifikationsdaten.<\/li><li>Es werden keine besonders gesch\u00fctzten Datenkategorien verarbeitet.<\/li><\/ul><h2>Aufbewahrung personenbezogener Daten<\/h2><p>Die dem Eigent\u00fcmer zur Verf\u00fcgung gestellten personenbezogenen Daten werden so lange aufbewahrt, bis Sie deren L\u00f6schung beantragen.<\/p><div id=\"destinatarios\">\u00a0<\/div><h2>Web-Navigation<\/h2><p>Beim Surfen auf der Website k\u00f6nnen nicht identifizierende Daten erfasst werden, darunter IP-Adresse, Geolokalisierung, eine Aufzeichnung der Nutzung von Diensten und Websites, Surfgewohnheiten und andere Daten, die nicht zur Identifizierung Ihrer Person verwendet werden k\u00f6nnen.<\/p><p>Die Website nutzt die folgenden Analysedienste von Drittanbietern:<\/p><p>Der Eigent\u00fcmer verwendet die erhaltenen Informationen, um statistische Daten zu erhalten, Trends zu analysieren, die Website zu verwalten, Browsing-Muster zu untersuchen und demografische Informationen zu sammeln.<\/p><p>Der Eigent\u00fcmer ist nicht verantwortlich f\u00fcr die Verarbeitung personenbezogener Daten durch die Webseiten, auf die \u00fcber die verschiedenen auf der Website enthaltenen Links zugegriffen werden kann.<\/p><h2>Genauigkeit und Richtigkeit personenbezogener Daten<\/h2><p>Sie verpflichten sich, dass die dem Eigent\u00fcmer zur Verf\u00fcgung gestellten Daten korrekt, vollst\u00e4ndig, genau und aktuell sind und dass sie ordnungsgem\u00e4\u00df aktualisiert werden.<\/p><p>Als Benutzer der Website sind Sie allein f\u00fcr die Richtigkeit und Richtigkeit der an die Website gesendeten Daten verantwortlich und entbinden den Eigent\u00fcmer diesbez\u00fcglich von jeglicher Verantwortung.<\/p><h2>Akzeptanz und Zustimmung<\/h2><p>Als Nutzer der Website erkl\u00e4ren Sie, dass Sie \u00fcber die Bedingungen zum Schutz personenbezogener Daten informiert wurden und akzeptieren und stimmen deren Verarbeitung durch den Eigent\u00fcmer in der in dieser Datenschutzrichtlinie angegebenen Weise und zu den Zwecken zu.<\/p><p>Um den Eigent\u00fcmer zu kontaktieren, einen Newsletter zu abonnieren oder Kommentare auf dieser Website abzugeben, m\u00fcssen Sie diese Datenschutzrichtlinie akzeptieren.<\/p><h2>\u00c4nderungen der Datenschutzrichtlinie<\/h2><p>Der Eigent\u00fcmer beh\u00e4lt sich das Recht vor, diese Datenschutzrichtlinie zu \u00e4ndern, um sie an gesetzliche oder rechtswissenschaftliche Entwicklungen sowie an Branchenpraktiken anzupassen.<\/p><p>Diese Richtlinien bleiben in Kraft, bis sie von anderen ordnungsgem\u00e4\u00df ver\u00f6ffentlichten ge\u00e4ndert werden.<\/p>\t\t\t\t\t\t\t\t<\/div>\n\t\t\t\t<\/div>\n\t\t\t\t\t<\/div>\n\t\t\t\t<\/div>\n\t\t\t\t<\/div>","protected":false},"excerpt":{"rendered":"<p>The Owner informs you about its Privacy Policy regarding the treatment and protection of personal data of users that may be collected while browsing the Website:\u00a0https:\/\/arrimattt.com In this sense, the Owner guarantees compliance with current regulations regarding the protection of personal data, reflected in Organic Law 3\/2018, of December 5, on the Protection of Personal [&hellip;]<\/p>\n","protected":false},"author":1,"featured_media":0,"parent":0,"menu_order":0,"comment_status":"closed","ping_status":"closed","template":"","meta":{"footnotes":""},"class_list":["post-3","page","type-page","status-publish","hentry"],"_links":{"self":[{"href":"https:\/\/arrimattt.com\/de\/wp-json\/wp\/v2\/pages\/3","targetHints":{"allow":["GET"]}}],"collection":[{"href":"https:\/\/arrimattt.com\/de\/wp-json\/wp\/v2\/pages"}],"about":[{"href":"https:\/\/arrimattt.com\/de\/wp-json\/wp\/v2\/types\/page"}],"author":[{"embeddable":true,"href":"https:\/\/arrimattt.com\/de\/wp-json\/wp\/v2\/users\/1"}],"replies":[{"embeddable":true,"href":"https:\/\/arrimattt.com\/de\/wp-json\/wp\/v2\/comments?post=3"}],"version-history":[{"count":24,"href":"https:\/\/arrimattt.com\/de\/wp-json\/wp\/v2\/pages\/3\/revisions"}],"predecessor-version":[{"id":3396,"href":"https:\/\/arrimattt.com\/de\/wp-json\/wp\/v2\/pages\/3\/revisions\/3396"}],"wp:attachment":[{"href":"https:\/\/arrimattt.com\/de\/wp-json\/wp\/v2\/media?parent=3"}],"curies":[{"name":"wp","href":"https:\/\/api.w.org\/{rel}","templated":true}]}}