{"id":516,"date":"2023-11-23T18:52:22","date_gmt":"2023-11-23T17:52:22","guid":{"rendered":"https:\/\/arrimattt.com\/aviso-legal\/"},"modified":"2024-12-30T19:20:37","modified_gmt":"2024-12-30T18:20:37","slug":"legal-warning","status":"publish","type":"page","link":"https:\/\/arrimattt.com\/de\/legal-warning\/","title":{"rendered":"Rechtlicher Hinweis"},"content":{"rendered":"<div data-elementor-type=\"wp-page\" data-elementor-id=\"516\" class=\"elementor elementor-516\" data-elementor-post-type=\"page\">\n\t\t\t\t<div class=\"elementor-element elementor-element-8b28884 e-flex e-con-boxed e-con e-parent\" data-id=\"8b28884\" data-element_type=\"container\" data-e-type=\"container\">\n\t\t\t\t\t<div class=\"e-con-inner\">\n\t\t\t\t<div class=\"elementor-element elementor-element-de60108 elementor-widget elementor-widget-text-editor\" data-id=\"de60108\" data-element_type=\"widget\" data-e-type=\"widget\" data-widget_type=\"text-editor.default\">\n\t\t\t\t<div class=\"elementor-widget-container\">\n\t\t\t\t\t\t\t\t\t<div class=\"elementor-element elementor-element-d368b7b elementor-widget elementor-widget-theme-post-content\" data-id=\"d368b7b\" data-element_type=\"widget\" data-widget_type=\"theme-post-content.default\"><div class=\"elementor-widget-container\"><div class=\"elementor elementor-516\" data-elementor-type=\"wp-page\" data-elementor-id=\"516\" data-elementor-post-type=\"page\"><div class=\"elementor-element elementor-element-8b28884 e-flex e-con-boxed e-con e-parent\" data-id=\"8b28884\" data-element_type=\"container\" data-settings=\"{&quot;jet_parallax_layout_list&quot;:[],&quot;content_width&quot;:&quot;boxed&quot;}\" data-core-v316-plus=\"true\"><div class=\"e-con-inner\"><div class=\"elementor-element elementor-element-2acd1ef elementor-widget elementor-widget-shortcode\" data-id=\"2acd1ef\" data-element_type=\"widget\" data-widget_type=\"shortcode.default\"><div class=\"elementor-widget-container\"><div class=\"elementor-shortcode\"><h2>Identifikation und Eigentum<\/h2><p>Gem\u00e4\u00df Artikel 10 des Gesetzes 34\/2002 vom 11. Juli \u00fcber Dienste der Informationsgesellschaft und elektronischen Handel legt der Eigent\u00fcmer seine identifizierenden Daten offen:<\/p><ul><li><b>Eigent\u00fcmer:<\/b>\u00a0\u00a0 Maria Romeu Garc\u00eda.<\/li><li><b>Umsatzsteuer: <\/b>14\/496\/07435<\/li><li><b>Adresse:<\/b>\u00a0 Niemetzstra\u00dfe 8, 12055 Berlin<\/li><li><b>Email:<\/b>\u00a0\u00a0 maria@arrimattt.com<\/li><li><b>Webseite:\u00a0<\/b>\u00a0\u00a0<a href=\"https:\/\/arrimattt.com\/de\/\">https:\/\/arrimattt.com<\/a><\/li><\/ul><h2>Zweck<\/h2><p>Der Zweck der Website ist: T\u00e4towierer.<\/p><h2>Nutzungsbedingungen<\/h2><p>Durch die Nutzung der Website erhalten Sie den Status eines Benutzers und implizieren die vollst\u00e4ndige Akzeptanz aller auf den Seiten enthaltenen Klauseln und Nutzungsbedingungen:<\/p><ul><li><a href=\"https:\/\/arrimattt.com\/de\/aviso-legal\/\">Rechtliche Warnung<\/a><\/li><\/ul><p>Wenn Sie mit jeder einzelnen dieser Klauseln und Bedingungen nicht einverstanden sind, sehen Sie bitte von der Nutzung der Website ab.<\/p><p>Der Zugriff auf die Website stellt in keiner Weise den Beginn einer Gesch\u00e4ftsbeziehung mit dem Eigent\u00fcmer dar.<\/p><p>\u00dcber die Website erm\u00f6glicht der Eigent\u00fcmer den Zugriff und die Nutzung verschiedener Inhalte, die der Eigent\u00fcmer und\/oder seine Mitarbeiter im Internet ver\u00f6ffentlicht haben.<\/p><p>Zu diesem Zweck sind Sie verpflichtet und verpflichten sich, KEINEN der Inhalte der Website f\u00fcr illegale Zwecke oder Wirkungen zu verwenden, die in diesem rechtlichen Hinweis oder durch die geltende Gesetzgebung verboten sind, die Rechte und Interessen Dritter verletzen oder die in irgendeiner Weise die normale Verwendung der Inhalte, Computerausr\u00fcstung oder Dokumente, Dateien und aller Arten von Inhalten, die auf Computerausr\u00fcstung gespeichert sind, die dem Eigent\u00fcmer, anderen Benutzern oder einem Internetbenutzer geh\u00f6rt oder von ihnen gemietet wird, besch\u00e4digen, deaktivieren, \u00fcberlasten, beeintr\u00e4chtigen oder verhindern k\u00f6nnen.<\/p><h2>Sicherheitsma\u00dfnahmen<\/h2><p>Die dem Eigent\u00fcmer zur Verf\u00fcgung gestellten personenbezogenen Daten k\u00f6nnen in automatisierten Datenbanken gespeichert werden oder nicht, deren Eigentum ausschlie\u00dflich dem Eigent\u00fcmer obliegt, der alle technischen, organisatorischen und Sicherheitsma\u00dfnahmen trifft, die die Vertraulichkeit, Integrit\u00e4t und Qualit\u00e4t der darin enthaltenen Informationen gem\u00e4\u00df den Bestimmungen der geltenden Datenschutzbestimmungen gew\u00e4hrleisten.<\/p><p>Sie m\u00fcssen sich jedoch dar\u00fcber im Klaren sein, dass die Sicherheitsma\u00dfnahmen von Computersystemen im Internet nicht v\u00f6llig zuverl\u00e4ssig sind und dass der Eigent\u00fcmer daher die Abwesenheit von Viren oder anderen Elementen nicht garantieren kann, die \u00c4nderungen an den Computersystemen (Software und Hardware) des Benutzers oder an den darin enthaltenen elektronischen Dokumenten und Dateien verursachen k\u00f6nnen, obwohl der Eigent\u00fcmer alle notwendigen Mittel einsetzt und die entsprechenden Sicherheitsma\u00dfnahmen ergreift, um das Vorhandensein dieser sch\u00e4dlichen Elemente zu vermeiden.<\/p><h2>Inhalt<\/h2><p>Der Eigent\u00fcmer hat die auf der Website enthaltenen Informationen, Multimediainhalte und Materialien aus Quellen bezogen, die er f\u00fcr zuverl\u00e4ssig h\u00e4lt. Obwohl er alle angemessenen Ma\u00dfnahmen ergriffen hat, um sicherzustellen, dass die enthaltenen Informationen korrekt sind, \u00fcbernimmt der Eigent\u00fcmer keine Garantie f\u00fcr deren Genauigkeit, Vollst\u00e4ndigkeit oder Aktualisierung. Der Eigent\u00fcmer lehnt ausdr\u00fccklich jegliche Verantwortung f\u00fcr Fehler oder Auslassungen in den auf den Seiten der Website enthaltenen Informationen ab.<\/p><p>Es ist verboten, \u00fcber die Website illegale oder unzul\u00e4ssige Inhalte, Computerviren oder Nachrichten zu \u00fcbertragen oder zu senden, die im Allgemeinen die Rechte des Eigent\u00fcmers oder Dritter beeintr\u00e4chtigen oder verletzen.<\/p><p>Die Inhalte der Website dienen ausschlie\u00dflich zu Informationszwecken und d\u00fcrfen unter keinen Umst\u00e4nden als Verkaufsangebot, Aufforderung zur Abgabe eines Kaufangebots oder Empfehlung zur Durchf\u00fchrung anderer Vorg\u00e4nge verwendet oder betrachtet werden, sofern nicht ausdr\u00fccklich anders angegeben.<\/p><p>Der Eigent\u00fcmer beh\u00e4lt sich das Recht vor, den Inhalt der Website, die Links oder die \u00fcber die Website erhaltenen Informationen ohne vorherige Ank\u00fcndigung zu \u00e4ndern, auszusetzen, zu l\u00f6schen oder einzuschr\u00e4nken.<\/p><p>Der Eigent\u00fcmer ist nicht f\u00fcr Sch\u00e4den verantwortlich, die durch die Verwendung der Informationen auf der Website entstehen k\u00f6nnen.<\/p><h2>Cookie-Richtlinie<\/h2><p>Der Eigent\u00fcmer erfasst und speichert die folgenden Informationen \u00fcber Besucher der Website:<\/p><ul><li>Der Dom\u00e4nenname (PSI) und\/oder die IP-Adresse des Anbieters, die ihm den Zugriff auf das Netzwerk erm\u00f6glicht.<\/li><li>Datum und Uhrzeit des Zugriffs auf die Website.<\/li><li>Die Internetadresse der Quelle des Links, der zur Website f\u00fchrt.<\/li><li>Die Anzahl der t\u00e4glichen Besucher jedes Abschnitts.<\/li><li>Die erhaltenen Informationen sind v\u00f6llig anonym und k\u00f6nnen in keinem Fall einem bestimmten und identifizierten Benutzer zugeordnet werden.<\/li><\/ul><h2>Links zu anderen Websites<\/h2><p>Der Eigent\u00fcmer kann Ihnen \u00fcber Links Zugang zu Websites Dritter gew\u00e4hren, mit dem ausschlie\u00dflichen Zweck, Sie \u00fcber die Existenz anderer Informationsquellen im Internet zu informieren, in denen Sie die auf der Website angebotenen Daten erweitern k\u00f6nnen.<\/p><p>Diese Links zu anderen Websites stellen in keinem Fall eine Anregung oder Empfehlung dar, die Ziel-Webseiten zu besuchen, die au\u00dferhalb der Kontrolle des Eigent\u00fcmers liegen. Der Eigent\u00fcmer ist daher weder f\u00fcr den Inhalt der verlinkten Websites noch f\u00fcr das Ergebnis verantwortlich, das Sie durch das Folgen der Links erhalten. Ebenso ist der Eigent\u00fcmer nicht f\u00fcr die Links verantwortlich, die sich auf den verlinkten Websites befinden, zu denen er Zugang gew\u00e4hrt.<\/p><p>Die Erstellung des Links bedeutet in keinem Fall das Bestehen von Beziehungen zwischen dem Eigent\u00fcmer und dem Eigent\u00fcmer der Site, auf der der Link erstellt wird, und auch nicht die Annahme oder Billigung der Inhalte oder Dienste durch den Eigent\u00fcmer.<\/p><p>Wenn Sie \u00fcber einen Link auf der Website auf eine externe Website zugreifen, m\u00fcssen Sie die Datenschutzrichtlinie der anderen Website lesen, die sich von der dieser Website unterscheiden kann.<\/p><h2>Geistiges und gewerbliches Eigentum<\/h2><p>Alle Rechte vorbehalten.<\/p><p>Jeder Zugriff auf diese Website unterliegt den folgenden Bedingungen: Die Vervielf\u00e4ltigung, dauerhafte Speicherung und Verbreitung der Inhalte oder jede andere Verwendung f\u00fcr \u00f6ffentliche oder kommerzielle Zwecke ist ohne die vorherige ausdr\u00fcckliche schriftliche Zustimmung des Eigent\u00fcmers ausdr\u00fccklich untersagt.<\/p><h2>Haftungsbeschr\u00e4nkung<\/h2><p>Die auf der Website enthaltenen oder verf\u00fcgbaren Informationen und Dienste k\u00f6nnen Ungenauigkeiten oder Tippfehler enthalten. Der Eigent\u00fcmer nimmt regelm\u00e4\u00dfig Verbesserungen und\/oder \u00c4nderungen an den enthaltenen Informationen und\/oder Diensten vor, die er jederzeit einf\u00fchren kann.<\/p><p>Der Eigent\u00fcmer gibt keine Zusicherungen oder Garantien daf\u00fcr, dass die Dienste oder Inhalte unterbrochen werden oder fehlerfrei sind, dass M\u00e4ngel behoben werden oder dass der Dienst oder der Server, der ihn bereitstellt, frei von Viren oder anderen sch\u00e4dlichen Komponenten ist, unbeschadet der Tatsache, dass der Eigent\u00fcmer alle Anstrengungen unternimmt, um derartige Vorf\u00e4lle zu vermeiden.<\/p><p>Der Eigent\u00fcmer lehnt jede Verantwortung im Falle von Unterbrechungen oder Fehlfunktionen der im Internet angebotenen Dienste oder Inhalte ab, gleich aus welchem Grund. Ebenso ist der Eigent\u00fcmer nicht verantwortlich f\u00fcr Netzwerkausf\u00e4lle, Gesch\u00e4ftsverluste infolge dieser Ausf\u00e4lle, vor\u00fcbergehende Stromausf\u00e4lle oder jegliche andere Art von indirekten Sch\u00e4den, die Ihnen durch Ursachen entstehen k\u00f6nnen, die au\u00dferhalb der Kontrolle des Eigent\u00fcmers liegen.<\/p><p>Bevor Sie auf Grundlage der auf der Website enthaltenen Informationen Entscheidungen treffen und\/oder Ma\u00dfnahmen ergreifen, empfiehlt der Eigent\u00fcmer, die erhaltenen Informationen zu pr\u00fcfen und mit anderen Quellen abzugleichen.<\/p><h2>Zust\u00e4ndigkeit<\/h2><p>Dieser rechtliche Hinweis unterliegt vollst\u00e4ndig der spanischen Gesetzgebung.<\/p><p>Sofern keine andere Regel etwas anderes vorschreibt, unterwerfen sich die Parteien bei allen Fragen, die hinsichtlich der Auslegung, Anwendung und Einhaltung dieses rechtlichen Hinweises auftreten k\u00f6nnen, sowie bei allen Anspr\u00fcchen, die sich aus seiner Verwendung ergeben k\u00f6nnen, den Richtern und Gerichten der Provinz Barcelona und verzichten ausdr\u00fccklich auf jeden anderen Gerichtsstand, der f\u00fcr sie gelten k\u00f6nnte.<\/p><h2>Kontakt<\/h2><p>Wenn Sie Fragen zu diesem rechtlichen Hinweis haben oder Kommentare zur Website abgeben m\u00f6chten, k\u00f6nnen Sie eine E-Mail-Nachricht an die Adresse maria@arrimattt.com senden<\/p><\/div><\/div><\/div><\/div><\/div><\/div><\/div><\/div>\t\t\t\t\t\t\t\t<\/div>\n\t\t\t\t<\/div>\n\t\t\t\t\t<\/div>\n\t\t\t\t<\/div>\n\t\t\t\t<\/div>","protected":false},"excerpt":{"rendered":"<p>Identification and Ownership In compliance with article 10 of Law 34\/2002, of July 11, on Information Society Services and Electronic Commerce, the Owner exposes his identifying data: Owner:\u00a0\u00a0 Maria Romeu Garc\u00eda. VAT: 14\/496\/07435 Address:\u00a0 Niemetzstrasse 8, 12055 Berlin Email:\u00a0\u00a0 maria@arrimattt.com Website:\u00a0\u00a0\u00a0https:\/\/arrimattt.com Purpose The purpose of the Website is: Tattoo artist. Terms of use The use [&hellip;]<\/p>\n","protected":false},"author":1,"featured_media":0,"parent":0,"menu_order":0,"comment_status":"closed","ping_status":"closed","template":"","meta":{"footnotes":""},"class_list":["post-516","page","type-page","status-publish","hentry"],"_links":{"self":[{"href":"https:\/\/arrimattt.com\/de\/wp-json\/wp\/v2\/pages\/516","targetHints":{"allow":["GET"]}}],"collection":[{"href":"https:\/\/arrimattt.com\/de\/wp-json\/wp\/v2\/pages"}],"about":[{"href":"https:\/\/arrimattt.com\/de\/wp-json\/wp\/v2\/types\/page"}],"author":[{"embeddable":true,"href":"https:\/\/arrimattt.com\/de\/wp-json\/wp\/v2\/users\/1"}],"replies":[{"embeddable":true,"href":"https:\/\/arrimattt.com\/de\/wp-json\/wp\/v2\/comments?post=516"}],"version-history":[{"count":45,"href":"https:\/\/arrimattt.com\/de\/wp-json\/wp\/v2\/pages\/516\/revisions"}],"predecessor-version":[{"id":3399,"href":"https:\/\/arrimattt.com\/de\/wp-json\/wp\/v2\/pages\/516\/revisions\/3399"}],"wp:attachment":[{"href":"https:\/\/arrimattt.com\/de\/wp-json\/wp\/v2\/media?parent=516"}],"curies":[{"name":"wp","href":"https:\/\/api.w.org\/{rel}","templated":true}]}}