{"id":517,"date":"2023-11-23T18:52:22","date_gmt":"2023-11-23T17:52:22","guid":{"rendered":"https:\/\/arrimattt.com\/politica-de-cookies\/"},"modified":"2023-12-02T19:03:09","modified_gmt":"2023-12-02T18:03:09","slug":"cookies-policy","status":"publish","type":"page","link":"https:\/\/arrimattt.com\/de\/cookies-policy\/","title":{"rendered":"Cookie-Richtlinie"},"content":{"rendered":"<div data-elementor-type=\"wp-page\" data-elementor-id=\"517\" class=\"elementor elementor-517\" data-elementor-post-type=\"page\">\n\t\t\t\t<div class=\"elementor-element elementor-element-5d84d5b e-flex e-con-boxed e-con e-parent\" data-id=\"5d84d5b\" data-element_type=\"container\" data-e-type=\"container\">\n\t\t\t\t\t<div class=\"e-con-inner\">\n\t\t\t\t<div class=\"elementor-element elementor-element-e613b99 elementor-widget elementor-widget-text-editor\" data-id=\"e613b99\" data-element_type=\"widget\" data-e-type=\"widget\" data-widget_type=\"text-editor.default\">\n\t\t\t\t<div class=\"elementor-widget-container\">\n\t\t\t\t\t\t\t\t\t<div class=\"elementor-element elementor-element-e613b99 elementor-widget elementor-widget-text-editor\" data-id=\"e613b99\" data-element_type=\"widget\" data-widget_type=\"text-editor.default\"><div class=\"elementor-widget-container\"><p>Der Kunde ist sehr wichtig, dem Kunden wird der Kunde folgen. Wie das Land des Landes, der Trauernde noch der Korporal des Landes, das Kissen des L\u00f6wen.<\/p><\/div><\/div><div class=\"elementor-element elementor-element-0912d56 elementor-widget elementor-widget-shortcode\" data-id=\"0912d56\" data-element_type=\"widget\" data-widget_type=\"shortcode.default\"><div class=\"elementor-widget-container\"><div class=\"elementor-shortcode\"><h2>Was sind Cookies?<\/h2><p>Im Englischen bedeutet der Begriff \u201eCookie\u201c Cookie, aber im Bereich des Surfens im Internet ist ein \u201eCookie\u201c etwas v\u00f6llig anderes. Wenn Sie auf unsere Website zugreifen, wird eine kleine Textmenge, ein sogenanntes \u201eCookie\u201c, im Browser Ihres Ger\u00e4ts gespeichert. Dieser Text enth\u00e4lt verschiedene Informationen \u00fcber Ihr Surfverhalten, Ihre Gewohnheiten, Vorlieben, Inhaltsanpassungen usw.<\/p><p>Es gibt andere Technologien, die auf \u00e4hnliche Weise funktionieren und ebenfalls zur Erfassung von Daten \u00fcber Ihre Surfaktivit\u00e4ten verwendet werden. Wir werden alle diese Technologien zusammen \u201eCookies\u201c nennen.<\/p><p>Die konkreten Einsatzm\u00f6glichkeiten dieser Technologien werden in diesem Dokument beschrieben.<\/p><h2>Wof\u00fcr werden Cookies auf dieser Website verwendet?<\/h2><p>Cookies sind ein wesentlicher Bestandteil der Funktionsweise der Website. Das Hauptziel unserer Cookies besteht darin, Ihr Surferlebnis zu verbessern. Zum Beispiel, um Ihre Pr\u00e4ferenzen (Sprache, Land usw.) beim Surfen und bei zuk\u00fcnftigen Besuchen zu speichern. Die in Cookies gesammelten Informationen erm\u00f6glichen es uns auch, die Website zu verbessern, sie an Ihre Interessen als Benutzer anzupassen, die von Ihnen durchgef\u00fchrten Suchvorg\u00e4nge zu beschleunigen usw.<\/p><p>In bestimmten F\u00e4llen k\u00f6nnen wir Cookies f\u00fcr andere Zwecke verwenden, wenn wir zuvor Ihre Einwilligung nach Aufkl\u00e4rung eingeholt haben, z. B. um Informationen zu erhalten, die es uns erm\u00f6glichen, Ihnen Werbung auf der Grundlage der Analyse Ihrer Surfgewohnheiten anzuzeigen.<\/p><h2>Wof\u00fcr werden Cookies auf dieser Website NICHT verwendet?<\/h2><p>In den von uns verwendeten Cookies werden keine sensiblen pers\u00f6nlichen Identifikationsdaten wie Ihr Name, Ihre Adresse, Ihr Passwort usw. gespeichert.<\/p><h2>Wer nutzt die in Cookies gespeicherten Informationen?<\/h2><p>Die in den Cookies auf unserer Website gespeicherten Informationen werden ausschlie\u00dflich von uns verwendet, mit Ausnahme der im Folgenden als \u201eCookies von Drittanbietern\u201c bezeichneten Cookies, die von externen Unternehmen verwendet und verwaltet werden, die uns Dienste zur Verbesserung des Benutzererlebnisses bereitstellen. Zum Beispiel die Statistiken, die \u00fcber die Anzahl der Besuche, die beliebtesten Inhalte usw. gesammelt werden.<\/p><h2>Wie k\u00f6nnen Sie die Verwendung von Cookies auf dieser Website verhindern?<\/h2><p>Wenn Sie die Verwendung von Cookies lieber vermeiden m\u00f6chten, k\u00f6nnen Sie deren Verwendung ABLEHNEN oder diejenigen KONFIGURIEREN, die Sie vermeiden m\u00f6chten und deren Verwendung Sie zulassen (in diesem Dokument geben wir Ihnen ausf\u00fchrliche Informationen zu jeder Art von Cookies, ihrem Zweck, Empf\u00e4nger, Zeitlichkeit usw. .. ).<\/p><p>Wenn Sie diese akzeptiert haben, werden wir Sie nicht erneut fragen, es sei denn, Sie l\u00f6schen die Cookies auf Ihrem Ger\u00e4t, wie im folgenden Abschnitt angegeben. Wenn Sie die Einwilligung widerrufen m\u00f6chten, m\u00fcssen Sie die Cookies l\u00f6schen und erneut konfigurieren.<\/p><h2>Wie kann ich die Verwendung von Cookies deaktivieren und l\u00f6schen?<\/h2><p>Der Eigent\u00fcmer zeigt Informationen \u00fcber seine Cookie-Richtlinie im Cookie-Banner an, der auf allen Seiten der Website zug\u00e4nglich ist. Das Cookie-Banner zeigt wesentliche Informationen zur Datenverarbeitung an und erm\u00f6glicht dem Nutzer die Durchf\u00fchrung folgender Aktionen:<\/p><ul><li>AKZEPTIEREN oder ABLEHNEN Sie die Installation von Cookies oder widerrufen Sie die zuvor erteilte Einwilligung.<\/li><\/ul><p>Sie k\u00f6nnen Cookies auf dieser Website (und den von Dritten verwendeten) jederzeit einschr\u00e4nken, blockieren oder l\u00f6schen, indem Sie Ihre Browsereinstellungen \u00e4ndern. Bitte beachten Sie, dass diese Einstellungen in jedem Browser unterschiedlich sind.<\/p><p>Unter den folgenden Links finden Sie Anleitungen zum Aktivieren oder Deaktivieren von Cookies in den g\u00e4ngigsten Browsern.<\/p><ul><li><a href=\"http:\/\/support.mozilla.org\/es\/kb\/habilitar-y-deshabilitar-cookies-que-los-sitios-we\" target=\"_blank\" rel=\"nofollow noopener\">Feuerfuchs<\/a><\/li><li><a href=\"https:\/\/support.google.com\/chrome\/answer\/95647?hl=es\" target=\"_blank\" rel=\"noopener noreferrer nofollow\">Google Chrome<\/a><\/li><li><a href=\"https:\/\/support.microsoft.com\/es-es\/help\/17442\/windows-internet-explorer-delete-manage-cookies#ie=%22ie-10\" target=\"_blank\" rel=\"noopener noreferrer nofollow\">Internet Explorer<\/a><\/li><li><a href=\"https:\/\/support.microsoft.com\/es-es\/help\/4468242\/microsoft-edge-browsing-data-and-privacy\" target=\"_blank\" rel=\"noopener noreferrer nofollow\">Microsoft Edge<\/a><\/li><li><a href=\"http:\/\/support.apple.com\/kb\/HT1677?viewlocale=es_ES\" target=\"_blank\" rel=\"nofollow noopener\">Safari<\/a><\/li><\/ul><h2>Welche Arten von Cookies werden auf dieser Website verwendet?<\/h2><p>Jede Website verwendet ihre eigenen Cookies. Auf unserer Website verwenden wir Folgendes:<\/p><p><b>NACH DEM UNTERNEHMEN, DER ES VERWALTET<\/b><\/p><p><b>Eigene Cookies:<\/b><\/p><p>Hierbei handelt es sich um solche, die von einem Computer oder einer Dom\u00e4ne, die vom Herausgeber selbst verwaltet wird und von dem aus der vom Benutzer angeforderte Dienst bereitgestellt wird, an das Endger\u00e4t des Benutzers gesendet werden.<\/p><p><b>Cookies von Drittanbietern:<\/b><\/p><p>Hierbei handelt es sich um solche, die von einem Computer oder einer Dom\u00e4ne an das Endger\u00e4t des Benutzers gesendet werden, die nicht vom Herausgeber verwaltet wird, sondern von einer anderen Stelle, die die durch Cookies erhaltenen Daten verarbeitet.<\/p><p>F\u00fcr den Fall, dass die Cookies von einem Computer oder einer Dom\u00e4ne aus bereitgestellt werden, die vom Herausgeber selbst verwaltet werden, die \u00fcber sie gesammelten Informationen jedoch von einem Dritten verwaltet werden, k\u00f6nnen sie nicht als eigene Cookies betrachtet werden, wenn der Dritte sie f\u00fcr seine eigenen Zwecke verwendet . (zum Beispiel die Verbesserung der bereitgestellten Dienste oder die Bereitstellung von Werbediensten zugunsten anderer Unternehmen).<\/p><p><b>NACH SEINEM ZWECK<\/b><\/p><p><b>Technische Cookies:<\/b><\/p><p>Sie sind f\u00fcr die Navigation und das ordnungsgem\u00e4\u00dfe Funktionieren unserer Website erforderlich, z. B. zur Steuerung des Datenverkehrs und der Datenkommunikation, zur Identifizierung der Sitzung, zum Zugriff auf Teile mit eingeschr\u00e4nktem Zugriff, zum Stellen einer Anfrage zur Registrierung oder Teilnahme an einer Veranstaltung und zum Z\u00e4hlen von Besuchen zum Zwecke der Abrechnung von Lizenzen f\u00fcr die Software, mit der der Website-Dienst funktioniert, Sicherheitselemente w\u00e4hrend der Navigation verwenden, Inhalte f\u00fcr die Verbreitung von Videos oder Ton speichern, dynamische Inhalte erm\u00f6glichen (z. B. Laden einer Text- oder Bildanimation).<\/p><p><b>Analyse-Cookies:<\/b><\/p><p>Sie erm\u00f6glichen die Quantifizierung der Anzahl der Nutzer und erm\u00f6glichen so die Messung und statistische Analyse der Nutzung der Website durch die Nutzer.<\/p><p><b>Pr\u00e4ferenz- oder Personalisierungscookies:<\/b><\/p><p>Dabei handelt es sich um solche, die es dem Benutzer erm\u00f6glichen, sich Informationen zu merken, sodass der Benutzer mit bestimmten Merkmalen auf den Dienst zugreifen kann, die seine Erfahrung von der anderer Benutzer unterscheiden k\u00f6nnen, wie zum Beispiel die Sprache, die Anzahl der Ergebnisse, die angezeigt werden sollen Der Benutzer f\u00fchrt eine Suche, das Erscheinungsbild oder den Inhalt des Dienstes durch, abh\u00e4ngig von der Art des Browsers, \u00fcber den der Benutzer auf den Dienst zugreift, oder der Region, von der aus der Benutzer auf den Dienst zugreift usw.<\/p><p><b>JE NACH ZEITRAUM BLEIBEN SIE AKTIVIERT<\/b><\/p><p><b>Sitzungscookies:<\/b><\/p><p>Sie dienen dazu, Daten zu sammeln und zu speichern, w\u00e4hrend der Benutzer auf eine Webseite zugreift.<\/p><p>Sie werden in der Regel zum Speichern von Informationen verwendet, deren Aufbewahrung nur f\u00fcr die Erbringung der vom Benutzer einmalig angeforderten Dienstleistung von Interesse ist (z. B. eine Liste der gekauften Produkte) und verschwinden, wenn die Sitzung endet.<\/p><p><b>Dauerhafte Cookies:<\/b><\/p><p>Hierbei handelt es sich um solche, bei denen die Daten weiterhin im Endger\u00e4t gespeichert sind und w\u00e4hrend eines vom Cookie-Verantwortlichen festgelegten Zeitraums, der von einigen Minuten bis zu mehreren Jahren reichen kann, abgerufen und verarbeitet werden k\u00f6nnen. Dabei ist konkret zu pr\u00fcfen, ob der Einsatz persistenter Cookies erforderlich ist, da durch den Einsatz von Session-Cookies Risiken f\u00fcr die Privatsph\u00e4re reduziert werden k\u00f6nnten. In jedem Fall wird bei der Installation dauerhafter Cookies empfohlen, deren vor\u00fcbergehende Dauer unter Ber\u00fccksichtigung des Verwendungszwecks auf das erforderliche Minimum zu reduzieren. Zu diesem Zweck wurde in der Stellungnahme 4\/2012 der WG29 darauf hingewiesen, dass ein Cookie nur dann von der Pflicht zur Einwilligung nach Aufkl\u00e4rung ausgenommen ist, wenn sein Ablaufdatum mit seinem Zweck in Zusammenhang steht. Aus diesem Grund werden Sitzungscookies viel eher als Ausnahme gelten als dauerhafte Cookies.<\/p><p><b>Einzelheiten zu den auf dieser Website verwendeten Cookies:<\/b><\/p><ul><li><strong>hasConsent<\/strong><\/li><li><strong>hasConsents<\/strong><\/li><li><strong>wordpress_test_cookie<\/strong><br \/>Von WordPress gesetztes Cookie, um zu pr\u00fcfen, ob die Cookies im Browser aktiviert sind, um den Benutzern ein angemessenes Benutzererlebnis zu bieten<br \/>Kategorie: Funktional.<br \/>Dauer: Sitzung.<br \/>Datenschutzrichtlinie: <a href=\"https:\/\/arrimattt.com\/de\/cookies-policy\/\">N \/ A<\/a><\/li><\/ul><p><br \/><br \/><br \/><\/p><\/div><\/div><\/div>\t\t\t\t\t\t\t\t<\/div>\n\t\t\t\t<\/div>\n\t\t\t\t\t<\/div>\n\t\t\t\t<\/div>\n\t\t\t\t<\/div>","protected":false},"excerpt":{"rendered":"<p>The customer is very important, the customer will be followed by the customer.\u00a0As the land of the land, the mourning nor the corporal of the land, the pillow of the lion. What are cookies? In English, the term &#8220;cookie&#8221; means cookie, but in the field of web browsing, a &#8220;cookie&#8221; is something completely different.\u00a0When you [&hellip;]<\/p>\n","protected":false},"author":1,"featured_media":0,"parent":0,"menu_order":0,"comment_status":"closed","ping_status":"closed","template":"","meta":{"footnotes":""},"class_list":["post-517","page","type-page","status-publish","hentry"],"_links":{"self":[{"href":"https:\/\/arrimattt.com\/de\/wp-json\/wp\/v2\/pages\/517","targetHints":{"allow":["GET"]}}],"collection":[{"href":"https:\/\/arrimattt.com\/de\/wp-json\/wp\/v2\/pages"}],"about":[{"href":"https:\/\/arrimattt.com\/de\/wp-json\/wp\/v2\/types\/page"}],"author":[{"embeddable":true,"href":"https:\/\/arrimattt.com\/de\/wp-json\/wp\/v2\/users\/1"}],"replies":[{"embeddable":true,"href":"https:\/\/arrimattt.com\/de\/wp-json\/wp\/v2\/comments?post=517"}],"version-history":[{"count":48,"href":"https:\/\/arrimattt.com\/de\/wp-json\/wp\/v2\/pages\/517\/revisions"}],"predecessor-version":[{"id":2531,"href":"https:\/\/arrimattt.com\/de\/wp-json\/wp\/v2\/pages\/517\/revisions\/2531"}],"wp:attachment":[{"href":"https:\/\/arrimattt.com\/de\/wp-json\/wp\/v2\/media?parent=517"}],"curies":[{"name":"wp","href":"https:\/\/api.w.org\/{rel}","templated":true}]}}