{"id":518,"date":"2023-11-23T18:52:22","date_gmt":"2023-11-23T17:52:22","guid":{"rendered":"https:\/\/arrimattt.com\/personalizar-cookies\/"},"modified":"2023-12-02T17:45:49","modified_gmt":"2023-12-02T16:45:49","slug":"customize-cookies","status":"publish","type":"page","link":"https:\/\/arrimattt.com\/de\/customize-cookies\/","title":{"rendered":"Passen Sie Cookies an"},"content":{"rendered":"<div data-elementor-type=\"wp-page\" data-elementor-id=\"518\" class=\"elementor elementor-518\" data-elementor-post-type=\"page\">\n\t\t\t\t<div class=\"elementor-element elementor-element-78ebc1b e-flex e-con-boxed e-con e-parent\" data-id=\"78ebc1b\" data-element_type=\"container\" data-e-type=\"container\">\n\t\t\t\t\t<div class=\"e-con-inner\">\n\t\t\t\t<div class=\"elementor-element elementor-element-951a030 elementor-widget elementor-widget-text-editor\" data-id=\"951a030\" data-element_type=\"widget\" data-e-type=\"widget\" data-widget_type=\"text-editor.default\">\n\t\t\t\t<div class=\"elementor-widget-container\">\n\t\t\t\t\t\t\t\t\t<div id=\"custom-cookies-eu-label\"><div><div id=\"custom-cookies-eu-label\"><span>Die Website https:\/\/arrimattt.com verwendet f\u00fcr ihre ordnungsgem\u00e4\u00dfe Funktion eigene Cookies. Durch Klicken auf die Schaltfl\u00e4che \u201eAkzeptieren\u201c erkl\u00e4ren Sie sich mit der Nutzung dieser Technologien und der Verarbeitung Ihrer Daten f\u00fcr diese Zwecke einverstanden.<\/span><\/div><div id=\"custom-cookies-eu-buttons\" class=\"cookies-eu-buttons\" style=\"text-align: center;\"><button id=\"custom-cookies-eu-reject\" class=\"cookies-eu-reject\"><span>ABFALL<\/span><\/button>\u00a0<button id=\"custom-cookies-eu-accept\" class=\"cookies-eu-accept\"><span>AKZEPTIEREN SIE ALLE COOKIES<\/span><\/button><\/div><\/div><p><span>Sie k\u00f6nnen Ihre Cookie-Einstellungen jederzeit \u00e4ndern, indem Sie zur Seite \u201eCookies anpassen\u201c zur\u00fcckkehren, auf die Sie \u00fcber den Cookie-Hinweis zugreifen k\u00f6nnen.<\/span><\/p><h3><span>Technische Cookies<\/span><\/h3><p><span>Dabei handelt es sich um solche, die es registrierten Benutzern erm\u00f6glichen, durch die Website und den eingeschr\u00e4nkten Bereich zu navigieren und deren verschiedene Funktionen wie das Kommentarsystem oder die Suchmaschine zu nutzen. Sie k\u00f6nnen nicht deaktiviert werden.<\/span><\/p><\/div>\t\t\t\t\t\t\t\t<\/div>\n\t\t\t\t<\/div>\n\t\t\t\t\t<\/div>\n\t\t\t\t<\/div>\n\t\t\t\t<\/div>","protected":false},"excerpt":{"rendered":"<p>The website https:\/\/arrimattt.com uses its own cookies for its correct functioning.\u00a0By clicking the Accept button, you agree to the use of these technologies and the processing of your data for these purposes.DECLINE\u00a0ACCEPT ALL COOKIES You can change your cookie preferences at any time by returning to the Customize Cookies page, which you can access through [&hellip;]<\/p>\n","protected":false},"author":1,"featured_media":0,"parent":0,"menu_order":0,"comment_status":"closed","ping_status":"closed","template":"","meta":{"footnotes":""},"class_list":["post-518","page","type-page","status-publish","hentry"],"_links":{"self":[{"href":"https:\/\/arrimattt.com\/de\/wp-json\/wp\/v2\/pages\/518","targetHints":{"allow":["GET"]}}],"collection":[{"href":"https:\/\/arrimattt.com\/de\/wp-json\/wp\/v2\/pages"}],"about":[{"href":"https:\/\/arrimattt.com\/de\/wp-json\/wp\/v2\/types\/page"}],"author":[{"embeddable":true,"href":"https:\/\/arrimattt.com\/de\/wp-json\/wp\/v2\/users\/1"}],"replies":[{"embeddable":true,"href":"https:\/\/arrimattt.com\/de\/wp-json\/wp\/v2\/comments?post=518"}],"version-history":[{"count":27,"href":"https:\/\/arrimattt.com\/de\/wp-json\/wp\/v2\/pages\/518\/revisions"}],"predecessor-version":[{"id":2491,"href":"https:\/\/arrimattt.com\/de\/wp-json\/wp\/v2\/pages\/518\/revisions\/2491"}],"wp:attachment":[{"href":"https:\/\/arrimattt.com\/de\/wp-json\/wp\/v2\/media?parent=518"}],"curies":[{"name":"wp","href":"https:\/\/api.w.org\/{rel}","templated":true}]}}