{"id":4076,"date":"2025-05-02T20:18:05","date_gmt":"2025-05-02T18:18:05","guid":{"rendered":"https:\/\/arrimattt.com\/?post_type=product&#038;p=4076"},"modified":"2025-05-02T22:28:30","modified_gmt":"2025-05-02T20:28:30","slug":"yellow-submery","status":"publish","type":"product","link":"https:\/\/arrimattt.com\/de\/produkt\/yellow-submery\/","title":{"rendered":"Gelbes SubMery"},"content":{"rendered":"<p class=\"p1\"><b>Yellow SubMeryn \u2013 Neon-Vektorillustration (Erotische Kunst)<\/b><b><\/b><\/p>\n<p class=\"p2\">Tauchen Sie ein in eine psychedelische und provokative Welt mit <i>Gelbes SubMeryn<\/i>, ein kr\u00e4ftiges neonfarbenes Vektorgrafik-Kunstwerk, das Sinnlichkeit mit Unterwasserfantasie verbindet. Dieses erotische St\u00fcck strotzt vor Details und Energie und bietet einen gewagten, auff\u00e4lligen Stil f\u00fcr alle, die kr\u00e4ftiges und ausdrucksstarkes Dekor sch\u00e4tzen.<\/p>\n<p class=\"p2\">Erh\u00e4ltlich in drei Gr\u00f6\u00dfen:<\/p>\n<p class=\"p1\"><span class=\"s1\">\ud83d\udccf <\/span><b>A1 \u2013 A2 \u2013 A3<\/b><b><\/b><\/p>\n<p class=\"p2\">In hoher Qualit\u00e4t gedruckt und verf\u00fcgbar <span class=\"s2\"><b>mit einem eleganten schwarzen Rahmen<\/b><\/span> oder <span class=\"s2\"><b>ungerahmt<\/b><\/span> \u2013 bereit, jeder Wand mit Charakter Leben einzuhauchen.<\/p>\n<p class=\"p2\">Perfekt f\u00fcr Sammler zeitgen\u00f6ssischer Kunst, Liebhaber erotischer Pop-Art oder kreative R\u00e4ume, die Einzigartigkeit feiern.<\/p>","protected":false},"excerpt":{"rendered":"<p>Yellow SubMeryn \u2013 Neon Vector Illustration (Erotic Art) Dive into a psychedelic and provocative world with Yellow SubMeryn, a bold neon-colored vector artwork that blends sensuality with underwater fantasy. This erotic piece bursts with detail and energy, offering a daring, eye-catching style for those who appreciate bold and expressive decor. Available in three sizes: \ud83d\udccf [&hellip;]<\/p>\n","protected":false},"featured_media":4084,"template":"","meta":[],"product_brand":[],"product_cat":[29],"product_tag":[],"class_list":{"0":"post-4076","1":"product","2":"type-product","3":"status-publish","4":"has-post-thumbnail","6":"product_cat-erotika","8":"first","9":"instock","10":"sale","11":"taxable","12":"shipping-taxable","13":"purchasable","14":"product-type-simple"},"_links":{"self":[{"href":"https:\/\/arrimattt.com\/de\/wp-json\/wp\/v2\/product\/4076","targetHints":{"allow":["GET"]}}],"collection":[{"href":"https:\/\/arrimattt.com\/de\/wp-json\/wp\/v2\/product"}],"about":[{"href":"https:\/\/arrimattt.com\/de\/wp-json\/wp\/v2\/types\/product"}],"wp:featuredmedia":[{"embeddable":true,"href":"https:\/\/arrimattt.com\/de\/wp-json\/wp\/v2\/media\/4084"}],"wp:attachment":[{"href":"https:\/\/arrimattt.com\/de\/wp-json\/wp\/v2\/media?parent=4076"}],"wp:term":[{"taxonomy":"product_brand","embeddable":true,"href":"https:\/\/arrimattt.com\/de\/wp-json\/wp\/v2\/product_brand?post=4076"},{"taxonomy":"product_cat","embeddable":true,"href":"https:\/\/arrimattt.com\/de\/wp-json\/wp\/v2\/product_cat?post=4076"},{"taxonomy":"product_tag","embeddable":true,"href":"https:\/\/arrimattt.com\/de\/wp-json\/wp\/v2\/product_tag?post=4076"}],"curies":[{"name":"wp","href":"https:\/\/api.w.org\/{rel}","templated":true}]}}