{"id":5467,"date":"2025-05-06T08:53:46","date_gmt":"2025-05-06T06:53:46","guid":{"rendered":"https:\/\/arrimattt.com\/?post_type=product&#038;p=5467"},"modified":"2025-05-06T08:53:46","modified_gmt":"2025-05-06T06:53:46","slug":"shared-desire","status":"publish","type":"product","link":"https:\/\/arrimattt.com\/de\/produkt\/shared-desire\/","title":{"rendered":"Geteiltes Verlangen"},"content":{"rendered":"<p class=\"p1\"><b>\ud83c\udf4c Shared Desire \u2013 Neon Erotischer Kunstdruck (Querformat)<\/b><b><\/b><\/p>\n<p class=\"p2\">Verspielt, mutig und unverfroren provokativ \u2013 <i>Bananenspiel<\/i> ist eine horizontale Neon-Vektor-Illustration aus dem <span class=\"s1\"><b>EROTIKA<\/b><\/span> Kollektion. Dieses St\u00fcck zeigt zwei Frauen, die sich erotisch eine Banane teilen. Es zelebriert Sinnlichkeit mit einem Hauch Pop-Art, getr\u00e4nkt in leuchtenden Neont\u00f6nen, die die Aufmerksamkeit auf sich ziehen.<\/p>\n<p class=\"p2\">Erh\u00e4ltlich in drei Querformatgr\u00f6\u00dfen:<\/p>\n<p class=\"p1\"><span class=\"s2\">\ud83d\udccf <\/span><b>A3 (29,7 x 42 cm)<\/b><b><\/b><\/p>\n<p class=\"p1\"><span class=\"s2\">\ud83d\udccf <\/span><b>A2 (42 x 59,4 cm)<\/b><b><\/b><\/p>\n<p class=\"p1\"><span class=\"s2\">\ud83d\udccf <\/span><b>A1 (59,4 x 84,1 cm)<\/b><b><\/b><\/p>\n<p class=\"p2\">Professionell gedruckt und verf\u00fcgbar <span class=\"s1\"><b>mit einem eleganten schwarzen Rahmen<\/b><\/span> oder <span class=\"s1\"><b>ungerahmt<\/b><\/span> \u2013 bereit, jeden modernen, gewagten Raum zu elektrisieren.<\/p>\n<p class=\"p2\">Perfekt f\u00fcr Liebhaber zeitgen\u00f6ssischer erotischer Kunst, Neon\u00e4sthetik und mutiger Wandstatements.<\/p>","protected":false},"excerpt":{"rendered":"<p>\ud83c\udf4c Shared Desire \u2013 Neon Erotic Art Print (Landscape Format) Playful, bold, and unapologetically provocative \u2014 Banana Game is a horizontal neon vector illustration from the EROTIKA collection. Featuring two women erotically sharing a banana, this piece celebrates sensuality with a pop-art twist, drenched in glowing neon tones that demand attention. Available in three landscape [&hellip;]<\/p>\n","protected":false},"featured_media":5476,"template":"","meta":[],"product_brand":[],"product_cat":[29],"product_tag":[],"class_list":{"0":"post-5467","1":"product","2":"type-product","3":"status-publish","4":"has-post-thumbnail","6":"product_cat-erotika","8":"first","9":"instock","10":"sale","11":"taxable","12":"shipping-taxable","13":"purchasable","14":"product-type-variable"},"_links":{"self":[{"href":"https:\/\/arrimattt.com\/de\/wp-json\/wp\/v2\/product\/5467","targetHints":{"allow":["GET"]}}],"collection":[{"href":"https:\/\/arrimattt.com\/de\/wp-json\/wp\/v2\/product"}],"about":[{"href":"https:\/\/arrimattt.com\/de\/wp-json\/wp\/v2\/types\/product"}],"wp:featuredmedia":[{"embeddable":true,"href":"https:\/\/arrimattt.com\/de\/wp-json\/wp\/v2\/media\/5476"}],"wp:attachment":[{"href":"https:\/\/arrimattt.com\/de\/wp-json\/wp\/v2\/media?parent=5467"}],"wp:term":[{"taxonomy":"product_brand","embeddable":true,"href":"https:\/\/arrimattt.com\/de\/wp-json\/wp\/v2\/product_brand?post=5467"},{"taxonomy":"product_cat","embeddable":true,"href":"https:\/\/arrimattt.com\/de\/wp-json\/wp\/v2\/product_cat?post=5467"},{"taxonomy":"product_tag","embeddable":true,"href":"https:\/\/arrimattt.com\/de\/wp-json\/wp\/v2\/product_tag?post=5467"}],"curies":[{"name":"wp","href":"https:\/\/api.w.org\/{rel}","templated":true}]}}