{"id":5511,"date":"2025-05-06T09:12:40","date_gmt":"2025-05-06T07:12:40","guid":{"rendered":"https:\/\/arrimattt.com\/?post_type=product&#038;p=5511"},"modified":"2025-05-06T09:12:58","modified_gmt":"2025-05-06T07:12:58","slug":"between-the-curves","status":"publish","type":"product","link":"https:\/\/arrimattt.com\/de\/produkt\/between-the-curves\/","title":{"rendered":"Zwischen den Kurven"},"content":{"rendered":"<p class=\"p1\"><b>\ud83c\udf46 Zwischen den Kurven \u2013 Neon Erotischer Kunstdruck (Hochformat)<\/b><b><\/b><\/p>\n<p class=\"p2\">Mutig, kompromisslos und mit einer Ausstrahlung weiblicher Kraft \u2013 diese Neon-Vektorillustration aus dem <span class=\"s1\"><b>EROTIKA<\/b><\/span> Kollektion. Dieses St\u00fcck ist eine Hommage an Sinnlichkeit, K\u00f6rperpositivit\u00e4t und visuelle K\u00fchnheit und zieht mit seiner lebendigen Neonpalette und auff\u00e4lligen Komposition die Aufmerksamkeit auf sich.<\/p>\n<p class=\"p2\">Erh\u00e4ltlich in drei Gr\u00f6\u00dfen:<\/p>\n<p class=\"p1\"><span class=\"s2\">\ud83d\udccf <\/span><b>A3 (29,7 x 42 cm)<\/b><b><\/b><\/p>\n<p class=\"p1\"><span class=\"s2\">\ud83d\udccf <\/span><b>A2 (42 x 59,4 cm)<\/b><b><\/b><\/p>\n<p class=\"p1\"><span class=\"s2\">\ud83d\udccf <\/span><b>A1 (59,4 x 84,1 cm)<\/b><b><\/b><\/p>\n<p class=\"p2\">Hochwertig gedruckt und angeboten <span class=\"s1\"><b>mit einem eleganten schwarzen Rahmen<\/b><\/span> oder <span class=\"s1\"><b>ungerahmt<\/b><\/span> \u2013 bereit, an jeder Wand ein Statement zu setzen.<\/p>\n<p class=\"p2\">Ideal f\u00fcr Sammler erotischer Pop-Art, Bewunderer kraftvoller weiblicher Bilder und Liebhaber<\/p>","protected":false},"excerpt":{"rendered":"<p>\ud83c\udf46\u00a0 Between the Curves\u2013 Neon Erotic Art Print (Portrait Format) Bold, unapologetic, and radiating feminine power \u2014 this neon vector illustration from the EROTIKA collection. A celebration of sensuality, body positivity, and visual boldness, this piece commands attention with its vibrant neon palette and striking composition. Available in three sizes: \ud83d\udccf A3 (29.7 x 42 [&hellip;]<\/p>\n","protected":false},"featured_media":5517,"template":"","meta":[],"product_brand":[],"product_cat":[29],"product_tag":[],"class_list":{"0":"post-5511","1":"product","2":"type-product","3":"status-publish","4":"has-post-thumbnail","6":"product_cat-erotika","8":"first","9":"instock","10":"sale","11":"taxable","12":"shipping-taxable","13":"purchasable","14":"product-type-variable"},"_links":{"self":[{"href":"https:\/\/arrimattt.com\/de\/wp-json\/wp\/v2\/product\/5511","targetHints":{"allow":["GET"]}}],"collection":[{"href":"https:\/\/arrimattt.com\/de\/wp-json\/wp\/v2\/product"}],"about":[{"href":"https:\/\/arrimattt.com\/de\/wp-json\/wp\/v2\/types\/product"}],"wp:featuredmedia":[{"embeddable":true,"href":"https:\/\/arrimattt.com\/de\/wp-json\/wp\/v2\/media\/5517"}],"wp:attachment":[{"href":"https:\/\/arrimattt.com\/de\/wp-json\/wp\/v2\/media?parent=5511"}],"wp:term":[{"taxonomy":"product_brand","embeddable":true,"href":"https:\/\/arrimattt.com\/de\/wp-json\/wp\/v2\/product_brand?post=5511"},{"taxonomy":"product_cat","embeddable":true,"href":"https:\/\/arrimattt.com\/de\/wp-json\/wp\/v2\/product_cat?post=5511"},{"taxonomy":"product_tag","embeddable":true,"href":"https:\/\/arrimattt.com\/de\/wp-json\/wp\/v2\/product_tag?post=5511"}],"curies":[{"name":"wp","href":"https:\/\/api.w.org\/{rel}","templated":true}]}}