{"id":5525,"date":"2025-05-06T09:42:51","date_gmt":"2025-05-06T07:42:51","guid":{"rendered":"https:\/\/arrimattt.com\/?post_type=product&#038;p=5525"},"modified":"2025-05-06T09:42:51","modified_gmt":"2025-05-06T07:42:51","slug":"wet-work","status":"publish","type":"product","link":"https:\/\/arrimattt.com\/de\/produkt\/wet-work\/","title":{"rendered":"Nasse Arbeit"},"content":{"rendered":"<p class=\"p1\"><b>\ud83d\udca6 Wet Work \u2013 Neon-Erotik-Untersetzer (EROTIKA-Kollektion)<\/b><b><\/b><\/p>\n<p class=\"p2\">Roh, intim und elektrisierend \u2013 <i>Nasse Arbeit<\/i> ist ein mutiges Statement-St\u00fcck aus der <span class=\"s1\"><b>EROTIKA<\/b><\/span> Kollektion. Eine unverbl\u00fcmte Feier queerer Lust, weiblicher Intimit\u00e4t und der Sch\u00f6nheit ungehemmter Lust.<\/p>\n<p class=\"p2\">Geschaffen f\u00fcr diejenigen, die es wagen, Kunst und Sexualit\u00e4t in ihren Alltag zu bringen, <i>Nasse Arbeit<\/i> vereint lebendige Farben, erotische Spannung und langlebiges Design.<\/p>\n<p class=\"p1\"><b>Details:<\/b><b><\/b><\/p>\n<p class=\"p2\">Alle Untersetzer bestehen aus <span class=\"s1\"><b>Tablex (Hartfaserplatte)<\/b><\/span> und verf\u00fcgen \u00fcber eine <span class=\"s1\"><b>Korkr\u00fccken<\/b><\/span> auf der Unterseite, um Oberfl\u00e4chen vor Kratzern und Flecken zu sch\u00fctzen.<\/p>\n<p class=\"p2\">\ud83d\udfe3 Hitzebest\u00e4ndig | Leicht zu reinigen | R\u00fcckseite aus Kork<\/p>\n<p class=\"p1\"><span class=\"s2\">\ud83d\udfe1 <\/span><b>Verkauf nur in Sets ab 4 St\u00fcck<\/b><b><\/b><\/p>\n<p class=\"p2\">Denn Ihr Tisch verdient mehr als nur Funktionalit\u00e4t \u2013 er verdient <i>Vergn\u00fcgen<\/i>.<\/p>","protected":false},"excerpt":{"rendered":"<p>\ud83d\udca6 Wet Work \u2013 Neon Erotic coaster (EROTIKA Collection) Raw, intimate, and electrifying \u2014 Wet Work is a bold statement piece from the EROTIKA collection. Unapologetically celebrating queer desire, female intimacy, and the beauty of uninhibited pleasure. Crafted for those who dare to bring art and sexuality into their everyday space, Wet Work blends vivid [&hellip;]<\/p>\n","protected":false},"featured_media":5536,"template":"","meta":[],"product_brand":[],"product_cat":[31],"product_tag":[],"class_list":{"0":"post-5525","1":"product","2":"type-product","3":"status-publish","4":"has-post-thumbnail","6":"product_cat-pictures","8":"first","9":"instock","10":"sale","11":"taxable","12":"shipping-taxable","13":"purchasable","14":"product-type-variable"},"_links":{"self":[{"href":"https:\/\/arrimattt.com\/de\/wp-json\/wp\/v2\/product\/5525","targetHints":{"allow":["GET"]}}],"collection":[{"href":"https:\/\/arrimattt.com\/de\/wp-json\/wp\/v2\/product"}],"about":[{"href":"https:\/\/arrimattt.com\/de\/wp-json\/wp\/v2\/types\/product"}],"wp:featuredmedia":[{"embeddable":true,"href":"https:\/\/arrimattt.com\/de\/wp-json\/wp\/v2\/media\/5536"}],"wp:attachment":[{"href":"https:\/\/arrimattt.com\/de\/wp-json\/wp\/v2\/media?parent=5525"}],"wp:term":[{"taxonomy":"product_brand","embeddable":true,"href":"https:\/\/arrimattt.com\/de\/wp-json\/wp\/v2\/product_brand?post=5525"},{"taxonomy":"product_cat","embeddable":true,"href":"https:\/\/arrimattt.com\/de\/wp-json\/wp\/v2\/product_cat?post=5525"},{"taxonomy":"product_tag","embeddable":true,"href":"https:\/\/arrimattt.com\/de\/wp-json\/wp\/v2\/product_tag?post=5525"}],"curies":[{"name":"wp","href":"https:\/\/api.w.org\/{rel}","templated":true}]}}