{"id":5548,"date":"2025-05-06T10:36:20","date_gmt":"2025-05-06T08:36:20","guid":{"rendered":"https:\/\/arrimattt.com\/?post_type=product&#038;p=5548"},"modified":"2025-05-06T10:36:45","modified_gmt":"2025-05-06T08:36:45","slug":"glow-jobseductive-surreal-and-unapologetically-bold-tongue-trip-is-a-psychedelic-piece-from-the-erotika-collection-a-glowing-tongue-teases-a-phallic-mushroom-in-this-neon-drenched-artwork","status":"publish","type":"product","link":"https:\/\/arrimattt.com\/de\/produkt\/glow-jobseductive-surreal-and-unapologetically-bold-tongue-trip-is-a-psychedelic-piece-from-the-erotika-collection-a-glowing-tongue-teases-a-phallic-mushroom-in-this-neon-drenched-artwork\/","title":{"rendered":"Gl\u00fchjob"},"content":{"rendered":"<p class=\"p1\">Verf\u00fchrerisch, surreal und unversch\u00e4mt mutig \u2013 <i>Zungentrip<\/i> ist ein psychedelisches St\u00fcck aus dem <span class=\"s1\"><b>EROTIKA<\/b><\/span> Kollektion. Eine leuchtende Zunge reizt einen phallischen Pilz in diesem neongetr\u00e4nkten Kunstwerk, das Erotik mit Fantasie verbindet. Sinnlich, verspielt und leicht halluzinatorisch \u2013 ein Augenschmaus f\u00fcr Liebhaber provokanter Pop-Art.<\/p>\n<p class=\"p1\">Gedruckt auf hochwertiger Leinwand mit UV-best\u00e4ndigen Tinten, die jedes Neondetail zum Leben erwecken.<\/p>\n<p class=\"p3\"><b>Erh\u00e4ltlich in 4 Gr\u00f6\u00dfen:<\/b><b><\/b><\/p>\n<p class=\"p1\">\ud83d\udcd0 <span class=\"s1\"><b>Sehr klein<\/b><\/span> \u2013<\/p>\n<p class=\"p1\">\ud83d\udcd0 <span class=\"s1\"><b>Klein<\/b><\/span> \u2013<\/p>\n<p class=\"p1\">\ud83d\udcd0 <span class=\"s1\"><b>Medium<\/b><\/span> \u2013<\/p>\n<p class=\"p1\">\ud83d\udcd0 <span class=\"s1\"><b>Gro\u00df<\/b><\/span> \u2013<\/p>\n<p class=\"p1\">Gespannt, fertig zum Aufh\u00e4ngen oder Ausstellen, so wie es ist<\/p>\n<p class=\"p1\">Perfekt f\u00fcr Sammler erotischer Kunst, surrealistische Tr\u00e4umer oder jeden, der glaubt, dass Sexualit\u00e4t ihren Platz an der Wand verdient \u2013 in Farbe.<\/p>","protected":false},"excerpt":{"rendered":"<p>Seductive, surreal, and unapologetically bold \u2014 Tongue Trip is a psychedelic piece from the EROTIKA collection. A glowing tongue teases a phallic mushroom in this neon-drenched artwork that fuses eroticism with fantasy. Sensual, playful, and a little hallucinatory \u2014 it\u2019s a visual feast for lovers of provocative pop-art. Printed on high-quality canvas with UV-resistant inks [&hellip;]<\/p>\n","protected":false},"featured_media":5551,"template":"","meta":[],"product_brand":[],"product_cat":[31],"product_tag":[],"class_list":{"0":"post-5548","1":"product","2":"type-product","3":"status-publish","4":"has-post-thumbnail","6":"product_cat-pictures","8":"first","9":"instock","10":"taxable","11":"shipping-taxable","12":"purchasable","13":"product-type-variable"},"_links":{"self":[{"href":"https:\/\/arrimattt.com\/de\/wp-json\/wp\/v2\/product\/5548","targetHints":{"allow":["GET"]}}],"collection":[{"href":"https:\/\/arrimattt.com\/de\/wp-json\/wp\/v2\/product"}],"about":[{"href":"https:\/\/arrimattt.com\/de\/wp-json\/wp\/v2\/types\/product"}],"wp:featuredmedia":[{"embeddable":true,"href":"https:\/\/arrimattt.com\/de\/wp-json\/wp\/v2\/media\/5551"}],"wp:attachment":[{"href":"https:\/\/arrimattt.com\/de\/wp-json\/wp\/v2\/media?parent=5548"}],"wp:term":[{"taxonomy":"product_brand","embeddable":true,"href":"https:\/\/arrimattt.com\/de\/wp-json\/wp\/v2\/product_brand?post=5548"},{"taxonomy":"product_cat","embeddable":true,"href":"https:\/\/arrimattt.com\/de\/wp-json\/wp\/v2\/product_cat?post=5548"},{"taxonomy":"product_tag","embeddable":true,"href":"https:\/\/arrimattt.com\/de\/wp-json\/wp\/v2\/product_tag?post=5548"}],"curies":[{"name":"wp","href":"https:\/\/api.w.org\/{rel}","templated":true}]}}