{"id":3,"date":"2023-11-21T20:50:23","date_gmt":"2023-11-21T19:50:23","guid":{"rendered":"https:\/\/arrimattt.com\/?page_id=3"},"modified":"2024-12-30T19:20:08","modified_gmt":"2024-12-30T18:20:08","slug":"privacy-policy","status":"publish","type":"page","link":"https:\/\/arrimattt.com\/es\/privacy-policy\/","title":{"rendered":"Pol\u00edtica de Privacidad"},"content":{"rendered":"<div data-elementor-type=\"wp-page\" data-elementor-id=\"3\" class=\"elementor elementor-3\" data-elementor-post-type=\"page\">\n\t\t\t\t<div class=\"elementor-element elementor-element-4158c7b6 e-flex e-con-boxed e-con e-parent\" data-id=\"4158c7b6\" data-element_type=\"container\" data-e-type=\"container\">\n\t\t\t\t\t<div class=\"e-con-inner\">\n\t\t\t\t<div class=\"elementor-element elementor-element-7ac64c7 elementor-widget elementor-widget-text-editor\" data-id=\"7ac64c7\" data-element_type=\"widget\" data-e-type=\"widget\" data-widget_type=\"text-editor.default\">\n\t\t\t\t<div class=\"elementor-widget-container\">\n\t\t\t\t\t\t\t\t\t<p>El Titular le informa sobre su Pol\u00edtica de Privacidad respecto al tratamiento y protecci\u00f3n de los datos personales de los usuarios que pueden ser recabados durante la navegaci\u00f3n por el Sitio Web:\u00a0<a href=\"https:\/\/arrimattt.com\/es\/politica-privacidad\/\">https:\/\/arrimattt.com<\/a><\/p><p>En este sentido, el Titular garantiza el cumplimiento de la normativa vigente en materia de protecci\u00f3n de datos personales, reflejada en la Ley Org\u00e1nica 3\/2018, de 5 de diciembre, de Protecci\u00f3n de Datos Personales y Garant\u00eda de los Derechos Digitales (LOPD GDD). . Tambi\u00e9n cumple con el Reglamento (UE) 2016\/679 del Parlamento Europeo y del Consejo de 27 de abril de 2016 relativo a la protecci\u00f3n de las personas f\u00edsicas (GDPR).<\/p><p>El uso del sitio web implica la aceptaci\u00f3n de esta Pol\u00edtica de Privacidad.<\/p><h2>Identidad del Responsable<\/h2><ul><li><b>Responsable:<\/b>\u00a0\u00a0 Mar\u00eda Romeu Garc\u00eda.<\/li><li><b>TINA:\u00a0<\/b>14\/496\/07435<\/li><li><b>DIRECCI\u00d3N: <\/b>Niemetzstrasse 8, 12055 Berl\u00edn<\/li><li><b>Correo electr\u00f3nico:<\/b>\u00a0\u00a0 maria@arrimattt.com<\/li><li><b>Sitio web:\u00a0<\/b>\u00a0\u00a0<a href=\"https:\/\/arrimattt.com\/es\/politica-privacidad\/\">https:\/\/arrimattt.com<\/a><\/li><\/ul><h2>Principios aplicados en el procesamiento de datos.<\/h2><p>En el tratamiento de sus datos personales, el Titular aplicar\u00e1 los siguientes principios que cumplen con las exigencias del nuevo reglamento europeo de protecci\u00f3n de datos (GDPR):<\/p><ul><li>Principio de licitud, lealtad y transparencia: El Titular siempre requerir\u00e1 el consentimiento para el tratamiento de los datos personales, el cual podr\u00e1 ser para uno o m\u00e1s fines espec\u00edficos sobre los cuales el Titular informar\u00e1 previamente al Usuario con absoluta transparencia.<\/li><li>Principio de minimizaci\u00f3n de datos: El Titular solicitar\u00e1 \u00fanicamente los datos estrictamente necesarios para la finalidad o finalidades para las que los solicita.<\/li><li>Principio de limitaci\u00f3n del plazo de conservaci\u00f3n: El Titular conservar\u00e1 los datos personales recabados durante el tiempo estrictamente necesario para la finalidad o finalidades del tratamiento. El Titular informar\u00e1 al Usuario del plazo de conservaci\u00f3n correspondiente seg\u00fan la finalidad.<br \/>En el caso de suscripciones, el Titular revisar\u00e1 peri\u00f3dicamente las listas y eliminar\u00e1 aquellos registros que se encuentren inactivos durante un tiempo considerable.<\/li><li>Principio de integridad y confidencialidad: Los datos personales recabados ser\u00e1n tratados de forma que se garantice su seguridad, confidencialidad e integridad.<br \/>El Titular toma las precauciones necesarias para evitar el acceso no autorizado o uso indebido de los datos de sus usuarios por parte de terceros.<\/li><\/ul><h2>Obtenci\u00f3n de datos personales<\/h2><p>Para navegar por el sitio web no es necesario facilitar ning\u00fan dato personal.<\/p><h2>Derechos<\/h2><p>El Titular le informa que respecto de sus datos personales usted tiene derecho a:<\/p><ul><li>Solicitar acceso a los datos almacenados.<\/li><li>Solicitar rectificaci\u00f3n o supresi\u00f3n.<\/li><li>Solicitar la limitaci\u00f3n de su tratamiento.<\/li><li>Oponerse al tratamiento.<\/li><\/ul><p>No podr\u00e1 ejercer el derecho a la portabilidad de los datos.<\/p><p>El ejercicio de estos derechos es personal y por tanto debe ser ejercido directamente por el interesado, solicit\u00e1ndolo directamente al Titular, lo que significa que cualquier cliente, suscriptor o colaborador que haya facilitado sus datos en cualquier momento, puede contactar con el Titular y solicitar informaci\u00f3n. sobre los datos que tiene almacenados y c\u00f3mo se han obtenido, solicitar su rectificaci\u00f3n, oponerse al tratamiento, limitar su uso o solicitar la supresi\u00f3n de dichos datos en los ficheros del Titular.<\/p><p>Para ejercer sus derechos deber\u00e1 enviar su solicitud junto con una fotocopia del Documento Nacional de Identidad o equivalente a la direcci\u00f3n de correo electr\u00f3nico: maria@arrimattt.com<\/p><p>El ejercicio de estos derechos no incluye ning\u00fan dato que el Titular est\u00e9 obligado a conservar con fines administrativos, legales o de seguridad.<\/p><p>Tienes derecho a la tutela judicial efectiva y a presentar una reclamaci\u00f3n ante la autoridad de control, en este caso, la Agencia Espa\u00f1ola de Protecci\u00f3n de Datos, si consideras que el tratamiento de datos personales que te conciernen infringe el Reglamento.<\/p><h2 id=\"finalidad-del-tratamiento-de-datos-personales\">Finalidad del tratamiento de datos personales<\/h2><p>Cuando te conectas al Sitio Web para enviar un correo electr\u00f3nico al Titular, te suscribes a su newsletter, est\u00e1s facilitando informaci\u00f3n de car\u00e1cter personal de la que el Titular es responsable. Esta informaci\u00f3n puede incluir datos personales como su direcci\u00f3n IP, nombre y apellido, direcci\u00f3n f\u00edsica, direcci\u00f3n de correo electr\u00f3nico, n\u00famero de tel\u00e9fono y otra informaci\u00f3n. Al proporcionar esta informaci\u00f3n, usted da su consentimiento para que su informaci\u00f3n sea recopilada, utilizada, gestionada y almacenada por \u2014 Webempresa \u2014<\/p><p>Los datos personales y la finalidad del tratamiento por parte del Titular es diferente dependiendo del sistema de captura de informaci\u00f3n:<\/p><p>Existen otras finalidades para las cuales el Titular procesa datos personales:<\/p><ul><li>Garantizar el cumplimiento de las condiciones contenidas en la legislaci\u00f3n aplicable. Esto puede incluir el desarrollo de herramientas y algoritmos que ayuden al sitio web a garantizar la confidencialidad de los datos personales que recopila.<\/li><li>Para respaldar y mejorar los servicios ofrecidos por este sitio web.<\/li><\/ul><h2>Seguridad de los datos personales<\/h2><p>Para proteger sus datos personales, el Titular toma todas las precauciones razonables y sigue las mejores pr\u00e1cticas de la industria para evitar su p\u00e9rdida, mal uso, acceso indebido, divulgaci\u00f3n, alteraci\u00f3n o destrucci\u00f3n de los mismos.<\/p><p>El sitio web est\u00e1 alojado en: Webempresa. La seguridad de los datos est\u00e1 garantizada, ya que toman todas las medidas de seguridad necesarias para ello. Puedes consultar su pol\u00edtica de privacidad para m\u00e1s informaci\u00f3n.<\/p><p>El Titular informa al Usuario que sus datos personales no ser\u00e1n cedidos a terceras organizaciones, con la excepci\u00f3n de que dicha cesi\u00f3n de datos est\u00e9 amparada en una obligaci\u00f3n legal o cuando la prestaci\u00f3n de un servicio implique la necesidad de una relaci\u00f3n contractual con un responsable. de tratamiento. En este \u00faltimo caso, la cesi\u00f3n de datos al tercero s\u00f3lo se realizar\u00e1 cuando el Titular cuente con el consentimiento expreso del Usuario.<\/p><p>No obstante, en algunos casos se podr\u00e1n realizar colaboraciones con otros profesionales, en esos casos se requerir\u00e1 el consentimiento del Usuario, inform\u00e1ndole de la identidad del colaborador y de la finalidad de la colaboraci\u00f3n. Siempre se realizar\u00e1 con los m\u00e1s estrictos est\u00e1ndares de seguridad.<\/p><h2>Contenido de otros sitios web<\/h2><p>Las p\u00e1ginas de este sitio web pueden incluir contenido incrustado (por ejemplo, v\u00eddeos, im\u00e1genes, art\u00edculos, etc.). El contenido incrustado de otros sitios web se comporta exactamente igual que si hubiera visitado el otro sitio web.<\/p><p>Estos sitios web pueden recopilar datos sobre usted, utilizar cookies, incorporar c\u00f3digos de seguimiento adicionales de terceros y monitorear su interacci\u00f3n utilizando este c\u00f3digo.<\/p><h2>Pol\u00edtica de cookies<\/h2><p>Para que este sitio web funcione correctamente necesita utilizar cookies, que es informaci\u00f3n que se almacena en su navegador web.<\/p><h2>Legitimaci\u00f3n para el tratamiento de datos<\/h2><p>La base legal para el tratamiento de sus datos es:<\/p><ul><li>El consentimiento del interesado.<\/li><\/ul><h2>Categor\u00edas de datos personales<\/h2><p>Las categor\u00edas de datos personales tratados por el Titular son:<\/p><ul><li>Datos de identificaci\u00f3n.<\/li><li>No se procesan categor\u00edas de datos especialmente protegidas.<\/li><\/ul><h2>Conservaci\u00f3n de datos personales<\/h2><p>Los datos personales proporcionados al Titular se conservar\u00e1n hasta que solicite su supresi\u00f3n.<\/p><div id=\"destinatarios\">\u00a0<\/div><h2>Navegaci\u00f3n web<\/h2><p>Al navegar por el Sitio web, se pueden recopilar datos no identificativos, que pueden incluir direcci\u00f3n IP, geolocalizaci\u00f3n, un registro de c\u00f3mo se utilizan los servicios y sitios, h\u00e1bitos de navegaci\u00f3n y otros datos que no pueden usarse para identificarlo.<\/p><p>El Sitio Web utiliza los siguientes servicios de an\u00e1lisis de terceros:<\/p><p>El Titular utiliza la informaci\u00f3n obtenida para obtener datos estad\u00edsticos, analizar tendencias, administrar el sitio, estudiar patrones de navegaci\u00f3n y recopilar informaci\u00f3n demogr\u00e1fica.<\/p><p>El Titular no se responsabiliza del tratamiento de los datos personales que realizan las p\u00e1ginas web a las que se puede acceder a trav\u00e9s de los diferentes enlaces contenidos en el Sitio Web.<\/p><h2>Exactitud y veracidad de los datos personales<\/h2><p>Te comprometes a que los datos facilitados al Titular sean correctos, completos, exactos y actuales, as\u00ed como a mantenerlos debidamente actualizados.<\/p><p>Como Usuario del Sitio Web eres el \u00fanico responsable de la veracidad y correcci\u00f3n de los datos remitidos al Sitio Web, exonerando al Titular de cualquier responsabilidad al respecto.<\/p><h2>Aceptaci\u00f3n y consentimiento<\/h2><p>Como Usuario del Sitio Web declaras haber sido informado de las condiciones sobre protecci\u00f3n de datos de car\u00e1cter personal, y aceptas y consientes su tratamiento por parte del Titular en la forma y para las finalidades indicadas en esta Pol\u00edtica de Privacidad.<\/p><p>Para contactar con el Titular, suscribirse a una newsletter o realizar comentarios en este Sitio Web, deber\u00e1 aceptar esta Pol\u00edtica de Privacidad.<\/p><h2>Cambios en la Pol\u00edtica de Privacidad<\/h2><p>El Titular se reserva el derecho de modificar esta Pol\u00edtica de Privacidad para adaptarla a novedades legislativas o jurisprudenciales, as\u00ed como a pr\u00e1cticas de la industria.<\/p><p>Estas pol\u00edticas estar\u00e1n vigentes hasta que sean modificadas por otras debidamente publicadas.<\/p>\t\t\t\t\t\t\t\t<\/div>\n\t\t\t\t<\/div>\n\t\t\t\t\t<\/div>\n\t\t\t\t<\/div>\n\t\t\t\t<\/div>","protected":false},"excerpt":{"rendered":"<p>The Owner informs you about its Privacy Policy regarding the treatment and protection of personal data of users that may be collected while browsing the Website:\u00a0https:\/\/arrimattt.com In this sense, the Owner guarantees compliance with current regulations regarding the protection of personal data, reflected in Organic Law 3\/2018, of December 5, on the Protection of Personal [&hellip;]<\/p>\n","protected":false},"author":1,"featured_media":0,"parent":0,"menu_order":0,"comment_status":"closed","ping_status":"closed","template":"","meta":{"footnotes":""},"class_list":["post-3","page","type-page","status-publish","hentry"],"_links":{"self":[{"href":"https:\/\/arrimattt.com\/es\/wp-json\/wp\/v2\/pages\/3","targetHints":{"allow":["GET"]}}],"collection":[{"href":"https:\/\/arrimattt.com\/es\/wp-json\/wp\/v2\/pages"}],"about":[{"href":"https:\/\/arrimattt.com\/es\/wp-json\/wp\/v2\/types\/page"}],"author":[{"embeddable":true,"href":"https:\/\/arrimattt.com\/es\/wp-json\/wp\/v2\/users\/1"}],"replies":[{"embeddable":true,"href":"https:\/\/arrimattt.com\/es\/wp-json\/wp\/v2\/comments?post=3"}],"version-history":[{"count":24,"href":"https:\/\/arrimattt.com\/es\/wp-json\/wp\/v2\/pages\/3\/revisions"}],"predecessor-version":[{"id":3396,"href":"https:\/\/arrimattt.com\/es\/wp-json\/wp\/v2\/pages\/3\/revisions\/3396"}],"wp:attachment":[{"href":"https:\/\/arrimattt.com\/es\/wp-json\/wp\/v2\/media?parent=3"}],"curies":[{"name":"gracias","href":"https:\/\/api.w.org\/{rel}","templated":true}]}}