{"id":516,"date":"2023-11-23T18:52:22","date_gmt":"2023-11-23T17:52:22","guid":{"rendered":"https:\/\/arrimattt.com\/aviso-legal\/"},"modified":"2024-12-30T19:20:37","modified_gmt":"2024-12-30T18:20:37","slug":"legal-warning","status":"publish","type":"page","link":"https:\/\/arrimattt.com\/es\/legal-warning\/","title":{"rendered":"Aviso legal"},"content":{"rendered":"<div data-elementor-type=\"wp-page\" data-elementor-id=\"516\" class=\"elementor elementor-516\" data-elementor-post-type=\"page\">\n\t\t\t\t<div class=\"elementor-element elementor-element-8b28884 e-flex e-con-boxed e-con e-parent\" data-id=\"8b28884\" data-element_type=\"container\" data-e-type=\"container\">\n\t\t\t\t\t<div class=\"e-con-inner\">\n\t\t\t\t<div class=\"elementor-element elementor-element-de60108 elementor-widget elementor-widget-text-editor\" data-id=\"de60108\" data-element_type=\"widget\" data-e-type=\"widget\" data-widget_type=\"text-editor.default\">\n\t\t\t\t<div class=\"elementor-widget-container\">\n\t\t\t\t\t\t\t\t\t<div class=\"elementor-element elementor-element-d368b7b elementor-widget elementor-widget-theme-post-content\" data-id=\"d368b7b\" data-element_type=\"widget\" data-widget_type=\"theme-post-content.default\"><div class=\"elementor-widget-container\"><div class=\"elementor elementor-516\" data-elementor-type=\"wp-page\" data-elementor-id=\"516\" data-elementor-post-type=\"page\"><div class=\"elementor-element elementor-element-8b28884 e-flex e-con-boxed e-con e-parent\" data-id=\"8b28884\" data-element_type=\"container\" data-settings=\"{&quot;jet_parallax_layout_list&quot;:[],&quot;content_width&quot;:&quot;boxed&quot;}\" data-core-v316-plus=\"true\"><div class=\"e-con-inner\"><div class=\"elementor-element elementor-element-2acd1ef elementor-widget elementor-widget-shortcode\" data-id=\"2acd1ef\" data-element_type=\"widget\" data-widget_type=\"shortcode.default\"><div class=\"elementor-widget-container\"><div class=\"elementor-shortcode\"><h2>Identificaci\u00f3n y propiedad<\/h2><p>En cumplimiento del art\u00edculo 10 de la Ley 34\/2002, de 11 de julio, de Servicios de la Sociedad de la Informaci\u00f3n y de Comercio Electr\u00f3nico, el Titular expone sus datos identificativos:<\/p><ul><li><b>Due\u00f1o:<\/b>\u00a0\u00a0 Mar\u00eda Romeu Garc\u00eda.<\/li><li><b>TINA: <\/b>14\/496\/07435<\/li><li><b>DIRECCI\u00d3N:<\/b>\u00a0 Niemetzstrasse 8, 12055 Berl\u00edn<\/li><li><b>Correo electr\u00f3nico:<\/b>\u00a0\u00a0 maria@arrimattt.com<\/li><li><b>Sitio web:\u00a0<\/b>\u00a0\u00a0<a href=\"https:\/\/arrimattt.com\/es\/\">https:\/\/arrimattt.com<\/a><\/li><\/ul><h2>Objetivo<\/h2><p>La finalidad del Sitio Web es: Tatuador.<\/p><h2>Condiciones de uso<\/h2><p>La utilizaci\u00f3n del Sitio Web le atribuye la condici\u00f3n de Usuario, e implica la plena aceptaci\u00f3n de todas las cl\u00e1usulas y condiciones de uso incluidas en las p\u00e1ginas:<\/p><ul><li><a href=\"https:\/\/arrimattt.com\/es\/aviso-legal\/\">Aviso legal<\/a><\/li><\/ul><p>Si no est\u00e1 de acuerdo con todas y cada una de estas cl\u00e1usulas y condiciones, le rogamos se abstenga de utilizar el Sitio Web.<\/p><p>El acceso al Sitio Web no supone, en modo alguno, el inicio de una relaci\u00f3n comercial con el Titular.<\/p><p>A trav\u00e9s del Sitio Web, el Titular facilita el acceso y la utilizaci\u00f3n de diversos contenidos que el Titular y\/o sus colaboradores han publicado por medio de Internet.<\/p><p>A tal efecto, usted est\u00e1 obligado y comprometido a NO utilizar cualquiera de los contenidos del Sitio Web con fines o efectos il\u00edcitos, prohibidos en este Aviso Legal o por la legislaci\u00f3n vigente, lesivos de los derechos e intereses de terceros, o que de cualquier forma puedan da\u00f1ar, inutilizar, sobrecargar, deteriorar o impedir la normal utilizaci\u00f3n de los contenidos, los equipos inform\u00e1ticos o los documentos, archivos y toda clase de contenidos almacenados en cualquier equipo inform\u00e1tico propios o contratados por el Titular, de otros usuarios o de cualquier usuario de Internet.<\/p><h2>Medidas de seguridad<\/h2><p>Los datos personales facilitados al Titular podr\u00e1n ser almacenados en bases de datos automatizadas o no, cuya titularidad corresponde en exclusiva al Titular, asumiendo \u00e9ste todas las medidas de \u00edndole t\u00e9cnica, organizativa y de seguridad que garantizan la confidencialidad, integridad y calidad de la informaci\u00f3n contenida en las mismas de acuerdo con lo establecido en la normativa vigente en protecci\u00f3n de datos.<\/p><p>Sin embargo, debes ser consciente de que las medidas de seguridad de los sistemas inform\u00e1ticos en Internet no son enteramente fiables y que, por tanto el Titular no puede garantizar la inexistencia de virus u otros elementos que puedan producir alteraciones en los sistemas inform\u00e1ticos (software y hardware) del Usuario o en sus documentos electr\u00f3nicos y ficheros contenidos en los mismos aunque el Titular pone todos los medios necesarios y toma las medidas de seguridad oportunas para evitar la presencia de estos elementos da\u00f1inos.<\/p><h2>Contenido<\/h2><p>El Titular ha obtenido la informaci\u00f3n, el contenido multimedia y los materiales incluidos en el Sitio Web de fuentes que considera fiables, pero, si bien ha tomado todas las medidas razonables para asegurar que la informaci\u00f3n contenida sea correcta, el Titular no garantiza que sea exacta, completa o actualizada. El Titular declina expresamente cualquier responsabilidad por error u omisi\u00f3n en la informaci\u00f3n contenida en las p\u00e1ginas del Sitio Web.<\/p><p>Queda prohibido transmitir o enviar a trav\u00e9s del Sitio Web cualquier contenido ilegal o il\u00edcito, virus inform\u00e1ticos, o mensajes que, en general, afecten o violen derechos del Titular o de terceros.<\/p><p>Los contenidos del Sitio Web tienen car\u00e1cter meramente informativo y en ning\u00fan caso deben utilizarse ni considerarse como una oferta de venta, una solicitud de una oferta de compra ni una recomendaci\u00f3n para realizar cualquier otra operaci\u00f3n, salvo que se indique expresamente.<\/p><p>El Titular se reserva el derecho a modificar, suspender, cancelar o restringir el contenido del Sitio Web, los v\u00ednculos o la informaci\u00f3n obtenida a trav\u00e9s del Sitio Web, sin previo aviso.<\/p><p>El Titular no es responsable de los da\u00f1os y perjuicios que pudieran derivarse del uso de la informaci\u00f3n del Sitio Web.<\/p><h2>Pol\u00edtica de cookies<\/h2><p>El Propietario obtiene y conserva la siguiente informaci\u00f3n sobre los visitantes del Sitio Web:<\/p><ul><li>El nombre de dominio del proveedor (PSI) y\/o direcci\u00f3n IP que les da acceso a la red.<\/li><li>La fecha y hora de acceso al sitio web.<\/li><li>La direcci\u00f3n de Internet de la fuente del enlace que dirige al sitio web.<\/li><li>El n\u00famero de visitantes diarios a cada secci\u00f3n.<\/li><li>La informaci\u00f3n obtenida es totalmente an\u00f3nima, y en ning\u00fan caso podr\u00e1 asociarse a un Usuario concreto e identificado.<\/li><\/ul><h2>Enlaces a otros sitios web<\/h2><p>El Titular podr\u00e1 proporcionarle acceso a sitios Web de terceros mediante enlaces con la exclusiva finalidad de informar sobre la existencia de otras fuentes de informaci\u00f3n en Internet en las que podr\u00e1 ampliar los datos ofrecidos en el Sitio Web.<\/p><p>Estos enlaces a otros sitios Web no suponen en ning\u00fan caso una sugerencia o recomendaci\u00f3n para que usted visite las p\u00e1ginas web de destino, que est\u00e1n fuera del control del Titular, por lo que \u00e9ste no es responsable del contenido de los sitios web enlazados ni del resultado que obtenga al seguir los enlaces. Asimismo, el Titular no responde de los links ubicados en los sitios web vinculados a los que le proporciona acceso.<\/p><p>El establecimiento del enlace no implica en ning\u00fan caso la existencia de relaciones entre el Titular y el propietario del sitio en el que se establezca el enlace, ni la aceptaci\u00f3n o aprobaci\u00f3n por parte del Titular de sus contenidos o servicios.<\/p><p>Si accede a un sitio web externo desde un enlace que encuentre en el Sitio Web, deber\u00e1 leer la pol\u00edtica de privacidad del otro sitio web, que puede ser diferente a la de este Sitio Web.<\/p><h2>Propiedad intelectual e industrial<\/h2><p>Reservados todos los derechos.<\/p><p>Todo acceso a este Sitio Web est\u00e1 sujeto a las siguientes condiciones: la reproducci\u00f3n, almacenaje permanente y la difusi\u00f3n de los contenidos o cualquier otro uso que tenga finalidad p\u00fablica o comercial queda expresamente prohibida sin el consentimiento previo expreso y por escrito del Titular.<\/p><h2>Limitaci\u00f3n de responsabilidad<\/h2><p>La informaci\u00f3n y servicios incluidos o disponibles a trav\u00e9s del Sitio Web pueden incluir incorrecciones o errores tipogr\u00e1ficos. El Titular incorpora peri\u00f3dicamente mejoras y\/o cambios a la informaci\u00f3n contenida y\/o los Servicios que vaya introduciendo en cualquier momento.<\/p><p>El Titular no declara ni garantiza que los servicios o contenidos sean interrumpidos o que est\u00e9n libres de errores, que los defectos sean corregidos, o que el servicio o el servidor que lo pone a disposici\u00f3n est\u00e9n libres de virus u otros componentes nocivos, sin perjuicio de que El Titular realiza todos los esfuerzos en evitar este tipo de incidentes.<\/p><p>El Titular declina cualquier responsabilidad en caso de que existan interrupciones o un mal funcionamiento de los Servicios o contenidos ofrecidos en Internet, cualquiera que sea su causa. Asimismo, el Titular no se hace responsable por ca\u00eddas de la red, p\u00e9rdidas de negocio a consecuencia de dichas ca\u00eddas, suspensiones temporales de fluido el\u00e9ctrico o cualquier otro tipo de da\u00f1o indirecto que te pueda ser causado por causas ajenas a el Titular.<\/p><p>Antes de tomar decisiones y\/o acciones con base a la informaci\u00f3n incluida en el Sitio Web, el Titular recomienda comprobar y contrastar la informaci\u00f3n recibida con otras fuentes.<\/p><h2>Jurisdicci\u00f3n<\/h2><p>El presente Aviso Legal se rige \u00edntegramente por la legislaci\u00f3n espa\u00f1ola.<\/p><p>Siempre que no haya una norma que obligue a otra cosa, para cuantas cuestiones se susciten sobre la interpretaci\u00f3n, aplicaci\u00f3n y cumplimiento de este Aviso Legal, as\u00ed como de las reclamaciones que puedan derivarse de su uso, las partes acuerdan someterse a los Jueces y Tribunales de la provincia de Barcelona, \u200b\u200bcon renuncia expresa a cualquier otro fuero que pudiera corresponderles.<\/p><h2>Contacto<\/h2><p>Si tiene alguna duda sobre este Aviso Legal o quiere realizar alg\u00fan comentario sobre el Sitio Web, puede enviar un mensaje de correo electr\u00f3nico a la direcci\u00f3n: maria@arrimattt.com<\/p><\/div><\/div><\/div><\/div><\/div><\/div><\/div><\/div>\t\t\t\t\t\t\t\t<\/div>\n\t\t\t\t<\/div>\n\t\t\t\t\t<\/div>\n\t\t\t\t<\/div>\n\t\t\t\t<\/div>","protected":false},"excerpt":{"rendered":"<p>Identification and Ownership In compliance with article 10 of Law 34\/2002, of July 11, on Information Society Services and Electronic Commerce, the Owner exposes his identifying data: Owner:\u00a0\u00a0 Maria Romeu Garc\u00eda. VAT: 14\/496\/07435 Address:\u00a0 Niemetzstrasse 8, 12055 Berlin Email:\u00a0\u00a0 maria@arrimattt.com Website:\u00a0\u00a0\u00a0https:\/\/arrimattt.com Purpose The purpose of the Website is: Tattoo artist. Terms of use The use [&hellip;]<\/p>\n","protected":false},"author":1,"featured_media":0,"parent":0,"menu_order":0,"comment_status":"closed","ping_status":"closed","template":"","meta":{"footnotes":""},"class_list":["post-516","page","type-page","status-publish","hentry"],"_links":{"self":[{"href":"https:\/\/arrimattt.com\/es\/wp-json\/wp\/v2\/pages\/516","targetHints":{"allow":["GET"]}}],"collection":[{"href":"https:\/\/arrimattt.com\/es\/wp-json\/wp\/v2\/pages"}],"about":[{"href":"https:\/\/arrimattt.com\/es\/wp-json\/wp\/v2\/types\/page"}],"author":[{"embeddable":true,"href":"https:\/\/arrimattt.com\/es\/wp-json\/wp\/v2\/users\/1"}],"replies":[{"embeddable":true,"href":"https:\/\/arrimattt.com\/es\/wp-json\/wp\/v2\/comments?post=516"}],"version-history":[{"count":45,"href":"https:\/\/arrimattt.com\/es\/wp-json\/wp\/v2\/pages\/516\/revisions"}],"predecessor-version":[{"id":3399,"href":"https:\/\/arrimattt.com\/es\/wp-json\/wp\/v2\/pages\/516\/revisions\/3399"}],"wp:attachment":[{"href":"https:\/\/arrimattt.com\/es\/wp-json\/wp\/v2\/media?parent=516"}],"curies":[{"name":"gracias","href":"https:\/\/api.w.org\/{rel}","templated":true}]}}