{"id":517,"date":"2023-11-23T18:52:22","date_gmt":"2023-11-23T17:52:22","guid":{"rendered":"https:\/\/arrimattt.com\/politica-de-cookies\/"},"modified":"2023-12-02T19:03:09","modified_gmt":"2023-12-02T18:03:09","slug":"cookies-policy","status":"publish","type":"page","link":"https:\/\/arrimattt.com\/es\/cookies-policy\/","title":{"rendered":"Pol\u00edtica de cookies"},"content":{"rendered":"<div data-elementor-type=\"wp-page\" data-elementor-id=\"517\" class=\"elementor elementor-517\" data-elementor-post-type=\"page\">\n\t\t\t\t<div class=\"elementor-element elementor-element-5d84d5b e-flex e-con-boxed e-con e-parent\" data-id=\"5d84d5b\" data-element_type=\"container\" data-e-type=\"container\">\n\t\t\t\t\t<div class=\"e-con-inner\">\n\t\t\t\t<div class=\"elementor-element elementor-element-e613b99 elementor-widget elementor-widget-text-editor\" data-id=\"e613b99\" data-element_type=\"widget\" data-e-type=\"widget\" data-widget_type=\"text-editor.default\">\n\t\t\t\t<div class=\"elementor-widget-container\">\n\t\t\t\t\t\t\t\t\t<div class=\"elementor-element elementor-element-e613b99 elementor-widget elementor-widget-text-editor\" data-id=\"e613b99\" data-element_type=\"widget\" data-widget_type=\"text-editor.default\"><div class=\"elementor-widget-container\"><p>El cliente es muy importante, el cliente ser\u00e1 seguido por el cliente. Como la tierra de la tierra, el luto ni el corporal de la tierra, la almohada del le\u00f3n.<\/p><\/div><\/div><div class=\"elementor-element elementor-element-0912d56 elementor-widget elementor-widget-shortcode\" data-id=\"0912d56\" data-element_type=\"widget\" data-widget_type=\"shortcode.default\"><div class=\"elementor-widget-container\"><div class=\"elementor-shortcode\"><h2>\u00bfQu\u00e9 son las galletas?<\/h2><p>En ingl\u00e9s, el t\u00e9rmino \u201ccookie\u201d significa cookie, pero en el \u00e1mbito de la navegaci\u00f3n web, \u201ccookie\u201d es algo completamente diferente. Cuando accede a nuestro sitio web, una peque\u00f1a cantidad de texto llamada &quot;cookie&quot; se almacena en el navegador de su dispositivo. Este texto contiene diversa informaci\u00f3n sobre su navegaci\u00f3n, h\u00e1bitos, preferencias, personalizaciones de contenidos, etc\u2026<\/p><p>Existen otras tecnolog\u00edas que funcionan de manera similar y tambi\u00e9n se utilizan para recopilar datos sobre su actividad de navegaci\u00f3n. A todas estas tecnolog\u00edas las llamaremos &quot;cookies&quot;.<\/p><p>Los usos espec\u00edficos que hacemos de estas tecnolog\u00edas se describen en este documento.<\/p><h2>\u00bfPara qu\u00e9 se utilizan las cookies en este sitio web?<\/h2><p>Las cookies son una parte esencial del funcionamiento del sitio web. El principal objetivo de nuestras cookies es mejorar su experiencia de navegaci\u00f3n. Por ejemplo, para recordar sus preferencias (idioma, pa\u00eds, etc.) durante la navegaci\u00f3n y en futuras visitas. La informaci\u00f3n recogida en las cookies tambi\u00e9n nos permite mejorar el sitio web, adaptarlo a tus intereses como usuario, agilizar las b\u00fasquedas que realizas, etc.<\/p><p>En determinados casos, si hemos obtenido su consentimiento informado previo, podremos utilizar cookies para otros usos, como por ejemplo obtener informaci\u00f3n que nos permita mostrarle publicidad basada en el an\u00e1lisis de sus h\u00e1bitos de navegaci\u00f3n.<\/p><h2>\u00bfPara qu\u00e9 NO se utilizan cookies en este sitio web?<\/h2><p>En las cookies que utilizamos no se almacena informaci\u00f3n sensible de identificaci\u00f3n personal como su nombre, direcci\u00f3n, su contrase\u00f1a, etc.<\/p><h2>\u00bfQui\u00e9n utiliza la informaci\u00f3n almacenada en las cookies?<\/h2><p>La informaci\u00f3n almacenada en las cookies de nuestro Sitio Web es utilizada exclusivamente por nosotros, a excepci\u00f3n de las identificadas a continuaci\u00f3n como \u201ccookies de terceros\u201d, que son utilizadas y gestionadas por entidades externas que nos prestan servicios que mejoran la experiencia del usuario. Por ejemplo, las estad\u00edsticas que se recogen sobre el n\u00famero de visitas, los contenidos que m\u00e1s gustan, etc\u2026<\/p><h2>\u00bfC\u00f3mo se puede evitar el uso de cookies en este Sitio Web?<\/h2><p>Si prefieres evitar el uso de cookies, puedes RECHAZAR su uso o puedes CONFIGURAR las que quieres evitar y las que permites usar (en este documento te damos informaci\u00f3n ampliada sobre cada tipo de cookie, su finalidad, destinatario, temporalidad, etc...).<\/p><p>Si las has aceptado no te lo volveremos a preguntar a menos que elimines las cookies de tu dispositivo como se indica en el apartado siguiente. Si desea revocar el consentimiento tendr\u00e1 que eliminar las cookies y configurarlas nuevamente.<\/p><h2>\u00bfC\u00f3mo desactivo y elimino el uso de cookies?<\/h2><p>El Titular muestra informaci\u00f3n sobre su Pol\u00edtica de Cookies en el banner de cookies accesible en todas las p\u00e1ginas del Sitio Web. El banner de cookies muestra informaci\u00f3n esencial sobre el tratamiento de datos y permite al Usuario realizar las siguientes acciones:<\/p><ul><li>ACEPTAR o RECHAZAR la instalaci\u00f3n de cookies, o retirar el consentimiento previamente otorgado.<\/li><\/ul><p>Para restringir, bloquear o eliminar las cookies de este Sitio Web (y las utilizadas por terceros) puedes hacerlo, en cualquier momento, modificando la configuraci\u00f3n de tu navegador. Tenga en cuenta que estas configuraciones son diferentes en cada navegador.<\/p><p>En los siguientes enlaces encontrar\u00e1 instrucciones para habilitar o deshabilitar las cookies en los navegadores m\u00e1s habituales.<\/p><ul><li><a href=\"http:\/\/support.mozilla.org\/es\/kb\/habilitar-y-deshabilitar-cookies-que-los-sitios-we\" target=\"_blank\" rel=\"nofollow noopener\">Firefox<\/a><\/li><li><a href=\"https:\/\/support.google.com\/chrome\/answer\/95647?hl=es\" target=\"_blank\" rel=\"noopener noreferrer nofollow\">Google Chrome<\/a><\/li><li><a href=\"https:\/\/support.microsoft.com\/es-es\/help\/17442\/windows-internet-explorer-delete-manage-cookies#ie=%22ie-10\" target=\"_blank\" rel=\"noopener noreferrer nofollow\">explorador de Internet<\/a><\/li><li><a href=\"https:\/\/support.microsoft.com\/es-es\/help\/4468242\/microsoft-edge-browsing-data-and-privacy\" target=\"_blank\" rel=\"noopener noreferrer nofollow\">Borde de Microsoft<\/a><\/li><li><a href=\"http:\/\/support.apple.com\/kb\/HT1677?viewlocale=es_ES\" target=\"_blank\" rel=\"nofollow noopener\">Safari<\/a><\/li><\/ul><h2>\u00bfQu\u00e9 tipos de cookies se utilizan en este sitio web?<\/h2><p>Cada sitio web utiliza sus propias cookies. En nuestro sitio web utilizamos lo siguiente:<\/p><p><b>SEG\u00daN LA ENTIDAD QUE LO GESTIONA<\/b><\/p><p><b>Cookies propias:<\/b><\/p><p>Son aquellos que se env\u00edan al equipo terminal del Usuario desde un ordenador o dominio gestionado por el propio editor y desde el que se presta el servicio solicitado por el Usuario.<\/p><p><b>Cookies de terceros:<\/b><\/p><p>Son aquellas que se env\u00edan al equipo terminal del Usuario desde un equipo o dominio no gestionado por el editor, sino por otra entidad que trata los datos obtenidos a trav\u00e9s de las cookies.<\/p><p>En el caso de que las cookies sean servidas desde un equipo o dominio gestionado por el propio editor, pero la informaci\u00f3n recogida a trav\u00e9s de ellas sea gestionada por un tercero, no podr\u00e1n considerarse cookies propias si el tercero las utiliza para sus propios fines. . (por ejemplo, la mejora de los servicios prestados o la prestaci\u00f3n de servicios de publicidad a favor de otras entidades).<\/p><p><b>SEG\u00daN SU FINALIDAD<\/b><\/p><p><b>Cookies t\u00e9cnicas:<\/b><\/p><p>Son aquellas necesarias para la navegaci\u00f3n y buen funcionamiento de nuestro Sitio Web, como controlar el tr\u00e1fico y la comunicaci\u00f3n de datos, identificar la sesi\u00f3n, acceder a partes de acceso restringido, realizar una solicitud de inscripci\u00f3n o participaci\u00f3n en un evento, contabilizar visitas a efectos de facturaci\u00f3n de licencias. para el software con el que funciona el servicio del Sitio Web, utilizar elementos de seguridad durante la navegaci\u00f3n, almacenar contenidos para la difusi\u00f3n de v\u00eddeos o sonido, habilitar contenidos din\u00e1micos (por ejemplo, cargar animaci\u00f3n de un texto o imagen).<\/p><p><b>Cookies de an\u00e1lisis:<\/b><\/p><p>Permiten cuantificar el n\u00famero de usuarios y as\u00ed realizar la medici\u00f3n y an\u00e1lisis estad\u00edstico de la utilizaci\u00f3n que hacen los usuarios del Sitio Web.<\/p><p><b>Cookies de preferencias o personalizaci\u00f3n:<\/b><\/p><p>Son aquellas que permiten recordar informaci\u00f3n para que el Usuario pueda acceder al servicio con determinadas caracter\u00edsticas que pueden diferenciar su experiencia de la de otros usuarios, como, por ejemplo, el idioma, el n\u00famero de resultados a mostrar cuando el usuario El Usuario realiza una b\u00fasqueda, la apariencia o contenido del servicio en funci\u00f3n del tipo de navegador a trav\u00e9s del cual el Usuario accede al servicio o de la regi\u00f3n desde la que accede al servicio, etc.<\/p><p><b>SEG\u00daN EL PERIODO DE TIEMPO QUE PERMANECEN ACTIVADOS<\/b><\/p><p><b>Cookies de sesi\u00f3n:<\/b><\/p><p>Son aquellas dise\u00f1adas para recabar y almacenar datos mientras el Usuario accede a una p\u00e1gina web.<\/p><p>Se suelen utilizar para almacenar informaci\u00f3n que s\u00f3lo interesa conservar para la prestaci\u00f3n del servicio solicitado por el Usuario en una \u00fanica ocasi\u00f3n (por ejemplo, un listado de productos adquiridos) y desaparecen al finalizar la sesi\u00f3n.<\/p><p><b>Cookies persistentes:<\/b><\/p><p>Son aquellas en las que los datos siguen almacenados en el terminal y pueden ser accedidos y tratados durante un periodo definido por el responsable de la cookie, que puede ir desde unos minutos hasta varios a\u00f1os. En este sentido, se debe valorar espec\u00edficamente si es necesario el uso de cookies persistentes, ya que los riesgos para la privacidad podr\u00edan reducirse mediante el uso de cookies de sesi\u00f3n. En todo caso, cuando se instalen cookies persistentes, se recomienda reducir su duraci\u00f3n temporal al m\u00ednimo necesario habida cuenta de la finalidad de su uso. A estos efectos, el Dictamen 4\/2012 del GT29 indic\u00f3 que para que una cookie est\u00e9 exenta del deber de consentimiento informado, su caducidad debe estar relacionada con su finalidad. Debido a esto, es mucho m\u00e1s probable que las cookies de sesi\u00f3n se consideren exceptuadas que las cookies persistentes.<\/p><p><b>Detalles de las cookies utilizadas en este sitio web:<\/b><\/p><ul><li><strong>tiene consentimiento<\/strong><\/li><li><strong>tiene consentimientos<\/strong><\/li><li><strong>cookie_test_wordpress<\/strong><br \/>Cookie configurada por WordPress para comprobar si las cookies est\u00e1n habilitadas en el navegador para proporcionar una experiencia de usuario adecuada a los usuarios.<br \/>Categor\u00eda: Funcional.<br \/>Duraci\u00f3n: sesi\u00f3n.<br \/>Pol\u00edtica de privacidad: <a href=\"https:\/\/arrimattt.com\/es\/cookies-policy\/\">N \/ A<\/a><\/li><\/ul><p><br \/><br \/><br \/><\/p><\/div><\/div><\/div>\t\t\t\t\t\t\t\t<\/div>\n\t\t\t\t<\/div>\n\t\t\t\t\t<\/div>\n\t\t\t\t<\/div>\n\t\t\t\t<\/div>","protected":false},"excerpt":{"rendered":"<p>The customer is very important, the customer will be followed by the customer.\u00a0As the land of the land, the mourning nor the corporal of the land, the pillow of the lion. What are cookies? In English, the term &#8220;cookie&#8221; means cookie, but in the field of web browsing, a &#8220;cookie&#8221; is something completely different.\u00a0When you [&hellip;]<\/p>\n","protected":false},"author":1,"featured_media":0,"parent":0,"menu_order":0,"comment_status":"closed","ping_status":"closed","template":"","meta":{"footnotes":""},"class_list":["post-517","page","type-page","status-publish","hentry"],"_links":{"self":[{"href":"https:\/\/arrimattt.com\/es\/wp-json\/wp\/v2\/pages\/517","targetHints":{"allow":["GET"]}}],"collection":[{"href":"https:\/\/arrimattt.com\/es\/wp-json\/wp\/v2\/pages"}],"about":[{"href":"https:\/\/arrimattt.com\/es\/wp-json\/wp\/v2\/types\/page"}],"author":[{"embeddable":true,"href":"https:\/\/arrimattt.com\/es\/wp-json\/wp\/v2\/users\/1"}],"replies":[{"embeddable":true,"href":"https:\/\/arrimattt.com\/es\/wp-json\/wp\/v2\/comments?post=517"}],"version-history":[{"count":48,"href":"https:\/\/arrimattt.com\/es\/wp-json\/wp\/v2\/pages\/517\/revisions"}],"predecessor-version":[{"id":2531,"href":"https:\/\/arrimattt.com\/es\/wp-json\/wp\/v2\/pages\/517\/revisions\/2531"}],"wp:attachment":[{"href":"https:\/\/arrimattt.com\/es\/wp-json\/wp\/v2\/media?parent=517"}],"curies":[{"name":"gracias","href":"https:\/\/api.w.org\/{rel}","templated":true}]}}