{"id":5467,"date":"2025-05-06T08:53:46","date_gmt":"2025-05-06T06:53:46","guid":{"rendered":"https:\/\/arrimattt.com\/?post_type=product&#038;p=5467"},"modified":"2025-05-06T08:53:46","modified_gmt":"2025-05-06T06:53:46","slug":"shared-desire","status":"publish","type":"product","link":"https:\/\/arrimattt.com\/es\/producto\/shared-desire\/","title":{"rendered":"Deseo compartido"},"content":{"rendered":"<p class=\"p1\"><b>Deseo Compartido \u2013 L\u00e1mina Er\u00f3tica Ne\u00f3n (Formato Horizontal)<\/b><b><\/b><\/p>\n<p class=\"p2\">Juguet\u00f3n, atrevido y sin complejos, provocador. <i>Juego del pl\u00e1tano<\/i> es una ilustraci\u00f3n vectorial de ne\u00f3n horizontal de la <span class=\"s1\"><b>ER\u00d3TICA<\/b><\/span> Colecci\u00f3n. Presenta a dos mujeres compartiendo un pl\u00e1tano er\u00f3ticamente, esta pieza celebra la sensualidad con un toque pop-art, ba\u00f1ada en brillantes tonos ne\u00f3n que llaman la atenci\u00f3n.<\/p>\n<p class=\"p2\">Disponible en tres tama\u00f1os horizontales:<\/p>\n<p class=\"p1\"><span class=\"s2\">\ud83d\udccf <\/span><b>A3 (29,7 x 42 cm)<\/b><b><\/b><\/p>\n<p class=\"p1\"><span class=\"s2\">\ud83d\udccf <\/span><b>A2 (42 x 59,4 cm)<\/b><b><\/b><\/p>\n<p class=\"p1\"><span class=\"s2\">\ud83d\udccf <\/span><b>A1 (59,4 x 84,1 cm)<\/b><b><\/b><\/p>\n<p class=\"p2\">Impreso profesionalmente y disponible. <span class=\"s1\"><b>con un elegante marco negro<\/b><\/span> o <span class=\"s1\"><b>sin marco<\/b><\/span> \u2013 listo para electrificar cualquier espacio moderno y atrevido.<\/p>\n<p class=\"p2\">Perfecto para los amantes del arte er\u00f3tico contempor\u00e1neo, la est\u00e9tica ne\u00f3n y las declaraciones de pared audaces.<\/p>","protected":false},"excerpt":{"rendered":"<p>\ud83c\udf4c Shared Desire \u2013 Neon Erotic Art Print (Landscape Format) Playful, bold, and unapologetically provocative \u2014 Banana Game is a horizontal neon vector illustration from the EROTIKA collection. Featuring two women erotically sharing a banana, this piece celebrates sensuality with a pop-art twist, drenched in glowing neon tones that demand attention. Available in three landscape [&hellip;]<\/p>\n","protected":false},"featured_media":5476,"template":"","meta":[],"product_brand":[],"product_cat":[29],"product_tag":[],"class_list":{"0":"post-5467","1":"product","2":"type-product","3":"status-publish","4":"has-post-thumbnail","6":"product_cat-erotika","8":"first","9":"instock","10":"sale","11":"taxable","12":"shipping-taxable","13":"purchasable","14":"product-type-variable"},"_links":{"self":[{"href":"https:\/\/arrimattt.com\/es\/wp-json\/wp\/v2\/product\/5467","targetHints":{"allow":["GET"]}}],"collection":[{"href":"https:\/\/arrimattt.com\/es\/wp-json\/wp\/v2\/product"}],"about":[{"href":"https:\/\/arrimattt.com\/es\/wp-json\/wp\/v2\/types\/product"}],"wp:featuredmedia":[{"embeddable":true,"href":"https:\/\/arrimattt.com\/es\/wp-json\/wp\/v2\/media\/5476"}],"wp:attachment":[{"href":"https:\/\/arrimattt.com\/es\/wp-json\/wp\/v2\/media?parent=5467"}],"wp:term":[{"taxonomy":"product_brand","embeddable":true,"href":"https:\/\/arrimattt.com\/es\/wp-json\/wp\/v2\/product_brand?post=5467"},{"taxonomy":"product_cat","embeddable":true,"href":"https:\/\/arrimattt.com\/es\/wp-json\/wp\/v2\/product_cat?post=5467"},{"taxonomy":"product_tag","embeddable":true,"href":"https:\/\/arrimattt.com\/es\/wp-json\/wp\/v2\/product_tag?post=5467"}],"curies":[{"name":"gracias","href":"https:\/\/api.w.org\/{rel}","templated":true}]}}