{"id":5511,"date":"2025-05-06T09:12:40","date_gmt":"2025-05-06T07:12:40","guid":{"rendered":"https:\/\/arrimattt.com\/?post_type=product&#038;p=5511"},"modified":"2025-05-06T09:12:58","modified_gmt":"2025-05-06T07:12:58","slug":"between-the-curves","status":"publish","type":"product","link":"https:\/\/arrimattt.com\/es\/producto\/between-the-curves\/","title":{"rendered":"Entre las curvas"},"content":{"rendered":"<p class=\"p1\"><b>\ud83c\udf46 Entre las Curvas \u2013 Impresi\u00f3n de Arte Er\u00f3tico Ne\u00f3n (Formato Vertical)<\/b><b><\/b><\/p>\n<p class=\"p2\">Audaz, sin complejos y radiante poder femenino: esta ilustraci\u00f3n vectorial de ne\u00f3n de <span class=\"s1\"><b>ER\u00d3TICA<\/b><\/span> Colecci\u00f3n. Una celebraci\u00f3n de la sensualidad, la positividad corporal y la audacia visual, esta pieza llama la atenci\u00f3n con su vibrante paleta de ne\u00f3n y su impactante composici\u00f3n.<\/p>\n<p class=\"p2\">Disponible en tres tama\u00f1os:<\/p>\n<p class=\"p1\"><span class=\"s2\">\ud83d\udccf <\/span><b>A3 (29,7 x 42 cm)<\/b><b><\/b><\/p>\n<p class=\"p1\"><span class=\"s2\">\ud83d\udccf <\/span><b>A2 (42 x 59,4 cm)<\/b><b><\/b><\/p>\n<p class=\"p1\"><span class=\"s2\">\ud83d\udccf <\/span><b>A1 (59,4 x 84,1 cm)<\/b><b><\/b><\/p>\n<p class=\"p2\">Impreso en alta calidad y ofrecido <span class=\"s1\"><b>con un elegante marco negro<\/b><\/span> o <span class=\"s1\"><b>sin marco<\/b><\/span> \u2013 listo para hacer una declaraci\u00f3n en cualquier pared.<\/p>\n<p class=\"p2\">Ideal para coleccionistas de arte pop er\u00f3tico, admiradores de im\u00e1genes femeninas empoderadas y amantes<\/p>","protected":false},"excerpt":{"rendered":"<p>\ud83c\udf46\u00a0 Between the Curves\u2013 Neon Erotic Art Print (Portrait Format) Bold, unapologetic, and radiating feminine power \u2014 this neon vector illustration from the EROTIKA collection. A celebration of sensuality, body positivity, and visual boldness, this piece commands attention with its vibrant neon palette and striking composition. Available in three sizes: \ud83d\udccf A3 (29.7 x 42 [&hellip;]<\/p>\n","protected":false},"featured_media":5517,"template":"","meta":[],"product_brand":[],"product_cat":[29],"product_tag":[],"class_list":{"0":"post-5511","1":"product","2":"type-product","3":"status-publish","4":"has-post-thumbnail","6":"product_cat-erotika","8":"first","9":"instock","10":"sale","11":"taxable","12":"shipping-taxable","13":"purchasable","14":"product-type-variable"},"_links":{"self":[{"href":"https:\/\/arrimattt.com\/es\/wp-json\/wp\/v2\/product\/5511","targetHints":{"allow":["GET"]}}],"collection":[{"href":"https:\/\/arrimattt.com\/es\/wp-json\/wp\/v2\/product"}],"about":[{"href":"https:\/\/arrimattt.com\/es\/wp-json\/wp\/v2\/types\/product"}],"wp:featuredmedia":[{"embeddable":true,"href":"https:\/\/arrimattt.com\/es\/wp-json\/wp\/v2\/media\/5517"}],"wp:attachment":[{"href":"https:\/\/arrimattt.com\/es\/wp-json\/wp\/v2\/media?parent=5511"}],"wp:term":[{"taxonomy":"product_brand","embeddable":true,"href":"https:\/\/arrimattt.com\/es\/wp-json\/wp\/v2\/product_brand?post=5511"},{"taxonomy":"product_cat","embeddable":true,"href":"https:\/\/arrimattt.com\/es\/wp-json\/wp\/v2\/product_cat?post=5511"},{"taxonomy":"product_tag","embeddable":true,"href":"https:\/\/arrimattt.com\/es\/wp-json\/wp\/v2\/product_tag?post=5511"}],"curies":[{"name":"gracias","href":"https:\/\/api.w.org\/{rel}","templated":true}]}}