{"id":5525,"date":"2025-05-06T09:42:51","date_gmt":"2025-05-06T07:42:51","guid":{"rendered":"https:\/\/arrimattt.com\/?post_type=product&#038;p=5525"},"modified":"2025-05-06T09:42:51","modified_gmt":"2025-05-06T07:42:51","slug":"wet-work","status":"publish","type":"product","link":"https:\/\/arrimattt.com\/es\/producto\/wet-work\/","title":{"rendered":"Trabajo h\u00famedo"},"content":{"rendered":"<p class=\"p1\"><b>\ud83d\udca6 Wet Work \u2013 Posavasos er\u00f3tico ne\u00f3n (Colecci\u00f3n EROTIKA)<\/b><b><\/b><\/p>\n<p class=\"p2\">Crudo, \u00edntimo y electrizante. <i>Trabajo h\u00famedo<\/i> es una pieza de declaraci\u00f3n audaz de la <span class=\"s1\"><b>ER\u00d3TICA<\/b><\/span> Colecci\u00f3n. Celebrando sin complejos el deseo queer, la intimidad femenina y la belleza del placer desinhibido.<\/p>\n<p class=\"p2\">Creado para aquellos que se atreven a llevar el arte y la sexualidad a su espacio cotidiano, <i>Trabajo h\u00famedo<\/i> Combina colores vivos, tensi\u00f3n er\u00f3tica y un dise\u00f1o duradero.<\/p>\n<p class=\"p1\"><b>Detalles:<\/b><b><\/b><\/p>\n<p class=\"p2\">Todos los posavasos est\u00e1n hechos de <span class=\"s1\"><b>tablex (tablero duro)<\/b><\/span> y cuentan con una <span class=\"s1\"><b>respaldo de corcho<\/b><\/span> en la parte inferior para proteger las superficies de ara\u00f1azos y manchas.<\/p>\n<p class=\"p2\">\ud83d\udfe3 Resistente al calor | F\u00e1cil de limpiar | Con respaldo de corcho<\/p>\n<p class=\"p1\"><span class=\"s2\">\ud83d\udfe1 <\/span><b>Se vende solo en juegos de 4 o m\u00e1s.<\/b><b><\/b><\/p>\n<p class=\"p2\">Porque tu mesa merece m\u00e1s que solo funcionalidad: merece <i>placer<\/i>.<\/p>","protected":false},"excerpt":{"rendered":"<p>\ud83d\udca6 Wet Work \u2013 Neon Erotic coaster (EROTIKA Collection) Raw, intimate, and electrifying \u2014 Wet Work is a bold statement piece from the EROTIKA collection. Unapologetically celebrating queer desire, female intimacy, and the beauty of uninhibited pleasure. Crafted for those who dare to bring art and sexuality into their everyday space, Wet Work blends vivid [&hellip;]<\/p>\n","protected":false},"featured_media":5536,"template":"","meta":[],"product_brand":[],"product_cat":[31],"product_tag":[],"class_list":{"0":"post-5525","1":"product","2":"type-product","3":"status-publish","4":"has-post-thumbnail","6":"product_cat-pictures","8":"first","9":"instock","10":"sale","11":"taxable","12":"shipping-taxable","13":"purchasable","14":"product-type-variable"},"_links":{"self":[{"href":"https:\/\/arrimattt.com\/es\/wp-json\/wp\/v2\/product\/5525","targetHints":{"allow":["GET"]}}],"collection":[{"href":"https:\/\/arrimattt.com\/es\/wp-json\/wp\/v2\/product"}],"about":[{"href":"https:\/\/arrimattt.com\/es\/wp-json\/wp\/v2\/types\/product"}],"wp:featuredmedia":[{"embeddable":true,"href":"https:\/\/arrimattt.com\/es\/wp-json\/wp\/v2\/media\/5536"}],"wp:attachment":[{"href":"https:\/\/arrimattt.com\/es\/wp-json\/wp\/v2\/media?parent=5525"}],"wp:term":[{"taxonomy":"product_brand","embeddable":true,"href":"https:\/\/arrimattt.com\/es\/wp-json\/wp\/v2\/product_brand?post=5525"},{"taxonomy":"product_cat","embeddable":true,"href":"https:\/\/arrimattt.com\/es\/wp-json\/wp\/v2\/product_cat?post=5525"},{"taxonomy":"product_tag","embeddable":true,"href":"https:\/\/arrimattt.com\/es\/wp-json\/wp\/v2\/product_tag?post=5525"}],"curies":[{"name":"gracias","href":"https:\/\/api.w.org\/{rel}","templated":true}]}}