{"id":5548,"date":"2025-05-06T10:36:20","date_gmt":"2025-05-06T08:36:20","guid":{"rendered":"https:\/\/arrimattt.com\/?post_type=product&#038;p=5548"},"modified":"2025-05-06T10:36:45","modified_gmt":"2025-05-06T08:36:45","slug":"glow-jobseductive-surreal-and-unapologetically-bold-tongue-trip-is-a-psychedelic-piece-from-the-erotika-collection-a-glowing-tongue-teases-a-phallic-mushroom-in-this-neon-drenched-artwork","status":"publish","type":"product","link":"https:\/\/arrimattt.com\/es\/producto\/glow-jobseductive-surreal-and-unapologetically-bold-tongue-trip-is-a-psychedelic-piece-from-the-erotika-collection-a-glowing-tongue-teases-a-phallic-mushroom-in-this-neon-drenched-artwork\/","title":{"rendered":"Trabajo brillante"},"content":{"rendered":"<p class=\"p1\">Seductora, surrealista y sin complejos, atrevida. <i>Viaje de lengua<\/i> es una pieza psicod\u00e9lica del <span class=\"s1\"><b>ER\u00d3TICA<\/b><\/span> Colecci\u00f3n. Una lengua brillante acaricia un hongo f\u00e1lico en esta obra de arte ba\u00f1ada en ne\u00f3n que fusiona el erotismo con la fantas\u00eda. Sensual, juguetona y un poco alucinante: un fest\u00edn visual para los amantes del arte pop provocador.<\/p>\n<p class=\"p1\">Impreso en lienzo de alta calidad con tintas resistentes a los rayos UV que dan vida a cada detalle de ne\u00f3n.<\/p>\n<p class=\"p3\"><b>Disponible en 4 tama\u00f1os:<\/b><b><\/b><\/p>\n<p class=\"p1\">\ud83d\udcd0 <span class=\"s1\"><b>Peque\u00f1ito<\/b><\/span> \u2013<\/p>\n<p class=\"p1\">\ud83d\udcd0 <span class=\"s1\"><b>Peque\u00f1o<\/b><\/span> \u2013<\/p>\n<p class=\"p1\">\ud83d\udcd0 <span class=\"s1\"><b>Medio<\/b><\/span> \u2013<\/p>\n<p class=\"p1\">\ud83d\udcd0 <span class=\"s1\"><b>Grande<\/b><\/span> \u2013<\/p>\n<p class=\"p1\">Estirado, listo para colgar o exhibir tal como est\u00e1.<\/p>\n<p class=\"p1\">Perfecto para coleccionistas de arte er\u00f3tico, so\u00f1adores surrealistas o cualquiera que crea que la sexualidad merece su lugar en la pared, a todo color.<\/p>","protected":false},"excerpt":{"rendered":"<p>Seductive, surreal, and unapologetically bold \u2014 Tongue Trip is a psychedelic piece from the EROTIKA collection. A glowing tongue teases a phallic mushroom in this neon-drenched artwork that fuses eroticism with fantasy. Sensual, playful, and a little hallucinatory \u2014 it\u2019s a visual feast for lovers of provocative pop-art. Printed on high-quality canvas with UV-resistant inks [&hellip;]<\/p>\n","protected":false},"featured_media":5551,"template":"","meta":[],"product_brand":[],"product_cat":[31],"product_tag":[],"class_list":{"0":"post-5548","1":"product","2":"type-product","3":"status-publish","4":"has-post-thumbnail","6":"product_cat-pictures","8":"first","9":"instock","10":"taxable","11":"shipping-taxable","12":"purchasable","13":"product-type-variable"},"_links":{"self":[{"href":"https:\/\/arrimattt.com\/es\/wp-json\/wp\/v2\/product\/5548","targetHints":{"allow":["GET"]}}],"collection":[{"href":"https:\/\/arrimattt.com\/es\/wp-json\/wp\/v2\/product"}],"about":[{"href":"https:\/\/arrimattt.com\/es\/wp-json\/wp\/v2\/types\/product"}],"wp:featuredmedia":[{"embeddable":true,"href":"https:\/\/arrimattt.com\/es\/wp-json\/wp\/v2\/media\/5551"}],"wp:attachment":[{"href":"https:\/\/arrimattt.com\/es\/wp-json\/wp\/v2\/media?parent=5548"}],"wp:term":[{"taxonomy":"product_brand","embeddable":true,"href":"https:\/\/arrimattt.com\/es\/wp-json\/wp\/v2\/product_brand?post=5548"},{"taxonomy":"product_cat","embeddable":true,"href":"https:\/\/arrimattt.com\/es\/wp-json\/wp\/v2\/product_cat?post=5548"},{"taxonomy":"product_tag","embeddable":true,"href":"https:\/\/arrimattt.com\/es\/wp-json\/wp\/v2\/product_tag?post=5548"}],"curies":[{"name":"gracias","href":"https:\/\/api.w.org\/{rel}","templated":true}]}}